{"id":694,"date":"2018-05-11T15:37:52","date_gmt":"2018-05-11T15:37:52","guid":{"rendered":"http:\/\/sites.ipleiria.pt\/isd\/?page_id=694"},"modified":"2019-01-28T12:04:27","modified_gmt":"2019-01-28T12:04:27","slug":"maiocriativo","status":"publish","type":"page","link":"https:\/\/sites.ipleiria.pt\/isd\/maiocriativo\/","title":{"rendered":"Maio Criativo &#8211; Stop Motion"},"content":{"rendered":"<p><a href=\"\/\/sites.ipleiria.pt\/maiocriativo\/\"><img loading=\"lazy\" decoding=\"async\" class=\"aligncenter wp-image-760 size-full\" src=\"http:\/\/sites.ipleiria.pt\/isd\/files\/2019\/01\/Banner_Maio_Criativo_07-1-1.png\" alt=\"\" width=\"1000\" height=\"288\" srcset=\"https:\/\/sites.ipleiria.pt\/isd\/files\/2019\/01\/Banner_Maio_Criativo_07-1-1.png 1000w, https:\/\/sites.ipleiria.pt\/isd\/files\/2019\/01\/Banner_Maio_Criativo_07-1-1-300x86.png 300w, https:\/\/sites.ipleiria.pt\/isd\/files\/2019\/01\/Banner_Maio_Criativo_07-1-1-768x221.png 768w\" sizes=\"auto, (max-width: 709px) 85vw, (max-width: 909px) 67vw, (max-width: 1362px) 62vw, 840px\" \/><\/a><\/p>\n<p>Participa\u00e7\u00e3o com a cria\u00e7\u00e3o e apresenta\u00e7\u00e3o de filmes em Stop Motion (Oficina Multim\u00e9dia) no evento Maio Criativo,\u00a0uma iniciativa dos estudantes e docentes do Mestrado em Interven\u00e7\u00e3o e Anima\u00e7\u00e3o Art\u00edsticas (MIAA)<\/p>\n<p><iframe loading=\"lazy\" width=\"840\" height=\"473\" src=\"https:\/\/www.youtube.com\/embed\/eKzR1XZGYEo?start=3&#038;feature=oembed\" frameborder=\"0\" allow=\"accelerometer; autoplay; encrypted-media; gyroscope; picture-in-picture\" allowfullscreen><\/iframe><\/p>\n<p><iframe loading=\"lazy\" width=\"840\" height=\"473\" src=\"https:\/\/www.youtube.com\/embed\/kf5UyXfWXR8?feature=oembed\" frameborder=\"0\" allow=\"accelerometer; autoplay; encrypted-media; gyroscope; picture-in-picture\" allowfullscreen><\/iframe><\/p>\n<p><iframe loading=\"lazy\" width=\"840\" height=\"473\" src=\"https:\/\/www.youtube.com\/embed\/qOmmosivr0w?feature=oembed\" frameborder=\"0\" allow=\"accelerometer; autoplay; encrypted-media; gyroscope; picture-in-picture\" allowfullscreen><\/iframe><\/p>\n<p><iframe loading=\"lazy\" width=\"840\" height=\"473\" src=\"https:\/\/www.youtube.com\/embed\/_FmRBbIkSRg?feature=oembed\" frameborder=\"0\" allow=\"accelerometer; autoplay; encrypted-media; gyroscope; picture-in-picture\" allowfullscreen><\/iframe><\/p>\n<p><iframe loading=\"lazy\" width=\"840\" height=\"473\" src=\"https:\/\/www.youtube.com\/embed\/d6VI1ymxWYw?start=3&#038;feature=oembed\" frameborder=\"0\" allow=\"accelerometer; autoplay; encrypted-media; gyroscope; picture-in-picture\" allowfullscreen><\/iframe><\/p>\n<p><iframe loading=\"lazy\" width=\"840\" height=\"473\" src=\"https:\/\/www.youtube.com\/embed\/2PFbnD-RUy8?feature=oembed\" frameborder=\"0\" allow=\"accelerometer; autoplay; encrypted-media; gyroscope; picture-in-picture\" allowfullscreen><\/iframe><\/p>\n","protected":false},"excerpt":{"rendered":"<p>Participa\u00e7\u00e3o com a cria\u00e7\u00e3o e apresenta\u00e7\u00e3o de filmes em Stop Motion (Oficina Multim\u00e9dia) no evento Maio Criativo,\u00a0uma iniciativa dos estudantes e docentes do Mestrado em Interven\u00e7\u00e3o e Anima\u00e7\u00e3o Art\u00edsticas (MIAA)<\/p>\n","protected":false},"author":2694,"featured_media":0,"parent":0,"menu_order":0,"comment_status":"closed","ping_status":"closed","template":"","meta":{"footnotes":""},"class_list":["post-694","page","type-page","status-publish","hentry"],"_links":{"self":[{"href":"https:\/\/sites.ipleiria.pt\/isd\/wp-json\/wp\/v2\/pages\/694","targetHints":{"allow":["GET"]}}],"collection":[{"href":"https:\/\/sites.ipleiria.pt\/isd\/wp-json\/wp\/v2\/pages"}],"about":[{"href":"https:\/\/sites.ipleiria.pt\/isd\/wp-json\/wp\/v2\/types\/page"}],"author":[{"embeddable":true,"href":"https:\/\/sites.ipleiria.pt\/isd\/wp-json\/wp\/v2\/users\/2694"}],"replies":[{"embeddable":true,"href":"https:\/\/sites.ipleiria.pt\/isd\/wp-json\/wp\/v2\/comments?post=694"}],"version-history":[{"count":5,"href":"https:\/\/sites.ipleiria.pt\/isd\/wp-json\/wp\/v2\/pages\/694\/revisions"}],"predecessor-version":[{"id":763,"href":"https:\/\/sites.ipleiria.pt\/isd\/wp-json\/wp\/v2\/pages\/694\/revisions\/763"}],"wp:attachment":[{"href":"https:\/\/sites.ipleiria.pt\/isd\/wp-json\/wp\/v2\/media?parent=694"}],"curies":[{"name":"wp","href":"https:\/\/api.w.org\/{rel}","templated":true}]}}