{"id":737,"date":"2019-01-24T14:21:08","date_gmt":"2019-01-24T14:21:08","guid":{"rendered":"http:\/\/sites.ipleiria.pt\/isd\/?page_id=737"},"modified":"2019-12-09T15:53:18","modified_gmt":"2019-12-09T15:53:18","slug":"2017-2","status":"publish","type":"page","link":"https:\/\/sites.ipleiria.pt\/isd\/2017-2\/","title":{"rendered":"2016"},"content":{"rendered":"\n<p><a href=\"https:\/\/sites.ipleiria.pt\/isd\/aula-aberta-the-she-project\/\">The SHE project &#8211; Aula Aberta<\/a><\/p>\n\n\n\n<p><a href=\"https:\/\/sites.ipleiria.pt\/isd\/o-resgata-do-ovo-douro\/\">O resgate do Ovo d&#8217;Ouro<\/a><\/p>\n\n\n\n<p><a href=\"https:\/\/sites.ipleiria.pt\/isd\/rapel\/\">Rapel &#8211; Torre dos Bombeiros Leiria<\/a><\/p>\n\n\n\n<p><a href=\"https:\/\/sites.ipleiria.pt\/isd\/visita-a-fundacao-calouste-gulbenkian-lisboa\/\">Visita \u00e0 Funda\u00e7\u00e3o Calouste Gulbenkian<\/a><\/p>\n\n\n\n<p><a href=\"https:\/\/sites.ipleiria.pt\/isd\/visita-a-fundacao-calouste-gulbenkian-lisboa\/\">Caminhada entre Cortes e Mau\u00e7a &#8211; Leiria<\/a><\/p>\n\n\n\n<p><a href=\"https:\/\/sites.ipleiria.pt\/isd\/214-2\/\">Conversando sobre a m\u00fasica &#8211; Aula Aberta<\/a><\/p>\n\n\n\n<p><a href=\"https:\/\/sites.ipleiria.pt\/isd\/214-2\/\">Estrat\u00e9gias para a inicia\u00e7\u00e3o \u00e0 leitura musical<\/a><\/p>\n\n\n\n<p><a href=\"https:\/\/sites.ipleiria.pt\/isd\/caminhada-aquatica\/\">Caminhada aqu\u00e1tica<\/a><\/p>\n\n\n\n<p><a href=\"https:\/\/sites.ipleiria.pt\/isd\/manobra-de-cordas-e-passagem-no-rio\/\">Manobra de cordas e passagem no rio<\/a><\/p>\n\n\n\n<p><a href=\"https:\/\/sites.ipleiria.pt\/isd\/visita-ao-mimo-museu-da-imagem-em-movimento\/\">Visita ao m|i|mo &#8211; museu da imagem em movimento<\/a><\/p>\n","protected":false},"excerpt":{"rendered":"<p>The SHE project &#8211; Aula Aberta O resgate do Ovo d&#8217;Ouro Rapel &#8211; Torre dos Bombeiros Leiria Visita \u00e0 Funda\u00e7\u00e3o Calouste Gulbenkian Caminhada entre Cortes e Mau\u00e7a &#8211; Leiria Conversando sobre a m\u00fasica &#8211; Aula Aberta Estrat\u00e9gias para a inicia\u00e7\u00e3o \u00e0 leitura musical Caminhada aqu\u00e1tica Manobra de cordas e passagem no rio Visita ao m|i|mo &hellip; <a href=\"https:\/\/sites.ipleiria.pt\/isd\/2017-2\/\" class=\"more-link\">Continuar a ler<span class=\"screen-reader-text\"> &#8220;2016&#8221;<\/span><\/a><\/p>\n","protected":false},"author":2694,"featured_media":0,"parent":0,"menu_order":0,"comment_status":"closed","ping_status":"closed","template":"","meta":{"footnotes":""},"class_list":["post-737","page","type-page","status-publish","hentry"],"_links":{"self":[{"href":"https:\/\/sites.ipleiria.pt\/isd\/wp-json\/wp\/v2\/pages\/737","targetHints":{"allow":["GET"]}}],"collection":[{"href":"https:\/\/sites.ipleiria.pt\/isd\/wp-json\/wp\/v2\/pages"}],"about":[{"href":"https:\/\/sites.ipleiria.pt\/isd\/wp-json\/wp\/v2\/types\/page"}],"author":[{"embeddable":true,"href":"https:\/\/sites.ipleiria.pt\/isd\/wp-json\/wp\/v2\/users\/2694"}],"replies":[{"embeddable":true,"href":"https:\/\/sites.ipleiria.pt\/isd\/wp-json\/wp\/v2\/comments?post=737"}],"version-history":[{"count":2,"href":"https:\/\/sites.ipleiria.pt\/isd\/wp-json\/wp\/v2\/pages\/737\/revisions"}],"predecessor-version":[{"id":944,"href":"https:\/\/sites.ipleiria.pt\/isd\/wp-json\/wp\/v2\/pages\/737\/revisions\/944"}],"wp:attachment":[{"href":"https:\/\/sites.ipleiria.pt\/isd\/wp-json\/wp\/v2\/media?parent=737"}],"curies":[{"name":"wp","href":"https:\/\/api.w.org\/{rel}","templated":true}]}}