{"id":742,"date":"2019-01-24T14:25:56","date_gmt":"2019-01-24T14:25:56","guid":{"rendered":"http:\/\/sites.ipleiria.pt\/isd\/?page_id=742"},"modified":"2019-12-09T15:47:12","modified_gmt":"2019-12-09T15:47:12","slug":"2017-3","status":"publish","type":"page","link":"https:\/\/sites.ipleiria.pt\/isd\/2017-3\/","title":{"rendered":"2017"},"content":{"rendered":"\n<p><a href=\"https:\/\/sites.ipleiria.pt\/isd\/exposicao-ambientoesfera\/\">Exposi\u00e7\u00e3o Ambientoesfera<\/a><\/p>\n\n\n\n<p><a href=\"https:\/\/sites.ipleiria.pt\/isd\/desporto\/\">Desporto na Natureza<\/a><\/p>\n\n\n\n<p><a href=\"https:\/\/sites.ipleiria.pt\/isd\/manobra-de-cordas-e-passagem-no-rio-2\/\">Manobra de Cordas e Passagem no Rio<\/a><\/p>\n\n\n\n<p><a href=\"https:\/\/sites.ipleiria.pt\/isd\/visita-guiada-ao-mimo-museu-da-imagem-em-movimento\/\">Visita guiada ao m|i|mo &#8211; museu da imagem em movimento<\/a><\/p>\n\n\n\n<p><a href=\"https:\/\/sites.ipleiria.pt\/isd\/vi-jornadas-de-economia-social\/\">VI Jornadas e Economia Social<\/a><\/p>\n\n\n\n<p><a href=\"https:\/\/sites.ipleiria.pt\/isd\/visita-exposicao-casa-alta\/\">Visita \u00e0 exposi\u00e7\u00e3o &#8220;Casa Alta&#8221;<\/a><\/p>\n\n\n\n<p><a href=\"https:\/\/sites.ipleiria.pt\/isd\/oficina-de-jogos-motores\/\">Oficina de Jogos Motores<\/a><\/p>\n\n\n\n<p><a href=\"https:\/\/sites.ipleiria.pt\/isd\/2017-leiria-paredes-com-historia-arte-publica\/\">Semin\u00e1rio Leiria Paredes com Hist\u00f3ria &#8211; Arte P\u00fablica Leiria<\/a><\/p>\n\n\n\n<p><\/p>\n","protected":false},"excerpt":{"rendered":"<p>Exposi\u00e7\u00e3o Ambientoesfera Desporto na Natureza Manobra de Cordas e Passagem no Rio Visita guiada ao m|i|mo &#8211; museu da imagem em movimento VI Jornadas e Economia Social Visita \u00e0 exposi\u00e7\u00e3o &#8220;Casa Alta&#8221; Oficina de Jogos Motores Semin\u00e1rio Leiria Paredes com Hist\u00f3ria &#8211; Arte P\u00fablica Leiria<\/p>\n","protected":false},"author":2694,"featured_media":0,"parent":0,"menu_order":0,"comment_status":"closed","ping_status":"closed","template":"","meta":{"footnotes":""},"class_list":["post-742","page","type-page","status-publish","hentry"],"_links":{"self":[{"href":"https:\/\/sites.ipleiria.pt\/isd\/wp-json\/wp\/v2\/pages\/742","targetHints":{"allow":["GET"]}}],"collection":[{"href":"https:\/\/sites.ipleiria.pt\/isd\/wp-json\/wp\/v2\/pages"}],"about":[{"href":"https:\/\/sites.ipleiria.pt\/isd\/wp-json\/wp\/v2\/types\/page"}],"author":[{"embeddable":true,"href":"https:\/\/sites.ipleiria.pt\/isd\/wp-json\/wp\/v2\/users\/2694"}],"replies":[{"embeddable":true,"href":"https:\/\/sites.ipleiria.pt\/isd\/wp-json\/wp\/v2\/comments?post=742"}],"version-history":[{"count":3,"href":"https:\/\/sites.ipleiria.pt\/isd\/wp-json\/wp\/v2\/pages\/742\/revisions"}],"predecessor-version":[{"id":943,"href":"https:\/\/sites.ipleiria.pt\/isd\/wp-json\/wp\/v2\/pages\/742\/revisions\/943"}],"wp:attachment":[{"href":"https:\/\/sites.ipleiria.pt\/isd\/wp-json\/wp\/v2\/media?parent=742"}],"curies":[{"name":"wp","href":"https:\/\/api.w.org\/{rel}","templated":true}]}}