{"id":753,"date":"2019-01-28T11:58:40","date_gmt":"2019-01-28T11:58:40","guid":{"rendered":"http:\/\/sites.ipleiria.pt\/isd\/?page_id=753"},"modified":"2019-01-28T11:58:40","modified_gmt":"2019-01-28T11:58:40","slug":"maio-criativo","status":"publish","type":"page","link":"https:\/\/sites.ipleiria.pt\/isd\/maio-criativo\/","title":{"rendered":"Maio Criativo"},"content":{"rendered":"<p><img loading=\"lazy\" decoding=\"async\" class=\"aligncenter wp-image-754 size-full\" src=\"http:\/\/sites.ipleiria.pt\/isd\/files\/2019\/01\/Banner_Maio_Criativo_07-1.png\" alt=\"\" width=\"1000\" height=\"288\" srcset=\"https:\/\/sites.ipleiria.pt\/isd\/files\/2019\/01\/Banner_Maio_Criativo_07-1.png 1000w, https:\/\/sites.ipleiria.pt\/isd\/files\/2019\/01\/Banner_Maio_Criativo_07-1-300x86.png 300w, https:\/\/sites.ipleiria.pt\/isd\/files\/2019\/01\/Banner_Maio_Criativo_07-1-768x221.png 768w\" sizes=\"auto, (max-width: 709px) 85vw, (max-width: 909px) 67vw, (max-width: 1362px) 62vw, 840px\" \/><\/p>\n<p>Participa\u00e7\u00e3o com a cria\u00e7\u00e3o e apresenta\u00e7\u00e3o de filmes em Stop Motion no evento Maio Criativo,\u00a0uma iniciativa dos estudantes e docentes do Mestrado em Interven\u00e7\u00e3o e Anima\u00e7\u00e3o Art\u00edsticas (MIAA)<\/p>\n<p><a href=\"http:\/\/sites.ipleiria.pt\/maiocriativo\/\">http:\/\/sites.ipleiria.pt\/maiocriativo\/<\/a><\/p>\n<p>&nbsp;<\/p>\n","protected":false},"excerpt":{"rendered":"<p>Participa\u00e7\u00e3o com a cria\u00e7\u00e3o e apresenta\u00e7\u00e3o de filmes em Stop Motion no evento Maio Criativo,\u00a0uma iniciativa dos estudantes e docentes do Mestrado em Interven\u00e7\u00e3o e Anima\u00e7\u00e3o Art\u00edsticas (MIAA) http:\/\/sites.ipleiria.pt\/maiocriativo\/ &nbsp;<\/p>\n","protected":false},"author":2694,"featured_media":0,"parent":0,"menu_order":0,"comment_status":"closed","ping_status":"closed","template":"","meta":{"footnotes":""},"class_list":["post-753","page","type-page","status-publish","hentry"],"_links":{"self":[{"href":"https:\/\/sites.ipleiria.pt\/isd\/wp-json\/wp\/v2\/pages\/753","targetHints":{"allow":["GET"]}}],"collection":[{"href":"https:\/\/sites.ipleiria.pt\/isd\/wp-json\/wp\/v2\/pages"}],"about":[{"href":"https:\/\/sites.ipleiria.pt\/isd\/wp-json\/wp\/v2\/types\/page"}],"author":[{"embeddable":true,"href":"https:\/\/sites.ipleiria.pt\/isd\/wp-json\/wp\/v2\/users\/2694"}],"replies":[{"embeddable":true,"href":"https:\/\/sites.ipleiria.pt\/isd\/wp-json\/wp\/v2\/comments?post=753"}],"version-history":[{"count":1,"href":"https:\/\/sites.ipleiria.pt\/isd\/wp-json\/wp\/v2\/pages\/753\/revisions"}],"predecessor-version":[{"id":758,"href":"https:\/\/sites.ipleiria.pt\/isd\/wp-json\/wp\/v2\/pages\/753\/revisions\/758"}],"wp:attachment":[{"href":"https:\/\/sites.ipleiria.pt\/isd\/wp-json\/wp\/v2\/media?parent=753"}],"curies":[{"name":"wp","href":"https:\/\/api.w.org\/{rel}","templated":true}]}}