{"id":764,"date":"2019-01-28T12:08:28","date_gmt":"2019-01-28T12:08:28","guid":{"rendered":"http:\/\/sites.ipleiria.pt\/isd\/?page_id=764"},"modified":"2019-01-28T12:09:02","modified_gmt":"2019-01-28T12:09:02","slug":"dancas-tradicionais-aula-aberta","status":"publish","type":"page","link":"https:\/\/sites.ipleiria.pt\/isd\/dancas-tradicionais-aula-aberta\/","title":{"rendered":"Dan\u00e7as tradicionais &#8211; Aula Aberta"},"content":{"rendered":"<div>Dinamiza\u00e7\u00e3o, pelo 1\u00ba ano do Curso, da Aula Aberta de Dan\u00e7as Tradicionais e Populares Portuguesas &#8211; 03 de janeiro de 2019<\/div>\n<div><\/div>\n<div><\/div>\n<div><img loading=\"lazy\" decoding=\"async\" class=\"alignleft wp-image-765 size-full\" src=\"http:\/\/sites.ipleiria.pt\/isd\/files\/2019\/01\/Cartaz_Danc3a7as_Tradicionais-2.jpg\" alt=\"\" width=\"842\" height=\"1191\" srcset=\"https:\/\/sites.ipleiria.pt\/isd\/files\/2019\/01\/Cartaz_Danc3a7as_Tradicionais-2.jpg 842w, https:\/\/sites.ipleiria.pt\/isd\/files\/2019\/01\/Cartaz_Danc3a7as_Tradicionais-2-212x300.jpg 212w, https:\/\/sites.ipleiria.pt\/isd\/files\/2019\/01\/Cartaz_Danc3a7as_Tradicionais-2-768x1086.jpg 768w, https:\/\/sites.ipleiria.pt\/isd\/files\/2019\/01\/Cartaz_Danc3a7as_Tradicionais-2-724x1024.jpg 724w\" sizes=\"auto, (max-width: 709px) 85vw, (max-width: 909px) 67vw, (max-width: 1362px) 62vw, 840px\" \/><\/div>\n<div><span style=\"font-family: Calibri,sans-serif;font-size: small\">\u00a0<\/span><\/div>\n","protected":false},"excerpt":{"rendered":"<p>Dinamiza\u00e7\u00e3o, pelo 1\u00ba ano do Curso, da Aula Aberta de Dan\u00e7as Tradicionais e Populares Portuguesas &#8211; 03 de janeiro de 2019 \u00a0<\/p>\n","protected":false},"author":2694,"featured_media":0,"parent":0,"menu_order":0,"comment_status":"closed","ping_status":"closed","template":"elementor_header_footer","meta":{"footnotes":""},"class_list":["post-764","page","type-page","status-publish","hentry"],"_links":{"self":[{"href":"https:\/\/sites.ipleiria.pt\/isd\/wp-json\/wp\/v2\/pages\/764","targetHints":{"allow":["GET"]}}],"collection":[{"href":"https:\/\/sites.ipleiria.pt\/isd\/wp-json\/wp\/v2\/pages"}],"about":[{"href":"https:\/\/sites.ipleiria.pt\/isd\/wp-json\/wp\/v2\/types\/page"}],"author":[{"embeddable":true,"href":"https:\/\/sites.ipleiria.pt\/isd\/wp-json\/wp\/v2\/users\/2694"}],"replies":[{"embeddable":true,"href":"https:\/\/sites.ipleiria.pt\/isd\/wp-json\/wp\/v2\/comments?post=764"}],"version-history":[{"count":3,"href":"https:\/\/sites.ipleiria.pt\/isd\/wp-json\/wp\/v2\/pages\/764\/revisions"}],"predecessor-version":[{"id":771,"href":"https:\/\/sites.ipleiria.pt\/isd\/wp-json\/wp\/v2\/pages\/764\/revisions\/771"}],"wp:attachment":[{"href":"https:\/\/sites.ipleiria.pt\/isd\/wp-json\/wp\/v2\/media?parent=764"}],"curies":[{"name":"wp","href":"https:\/\/api.w.org\/{rel}","templated":true}]}}