{"id":77,"date":"2016-09-28T18:44:47","date_gmt":"2016-09-28T18:44:47","guid":{"rendered":"http:\/\/sites.ipleiria.pt\/isd\/?page_id=77"},"modified":"2019-03-19T16:43:27","modified_gmt":"2019-03-19T16:43:27","slug":"alunos","status":"publish","type":"page","link":"https:\/\/sites.ipleiria.pt\/isd\/alunos\/","title":{"rendered":"Alunos"},"content":{"rendered":"<p>2015\/ 2016<\/p>\n<p>&#8220;A interven\u00e7\u00e3o sociocultural e desportiva promove a inclus\u00e3o, melhora a autoestima dos grupos e comunidades, favorece rela\u00e7\u00f5es pessoais e estimula a cria\u00e7\u00e3o art\u00edstica. O nosso curso \u00e9, por tudo isto, muito pertinente relativamente ao panorama atua da nossa sociedade.&#8221; (R.)<\/p>\n<p>&#8220;A vinda para este curso trouxe-me mais conhecimento, mais experi\u00eancia e mais profissionalismo. N\u00e3o me arrependo da escolha.&#8221; (A.)<\/p>\n<p>&#8220;N\u00e3o tinha no\u00e7\u00e3o de que ia aprender tanto, pessoalmente, profissionalmente e socialmente, com este curso.&#8221; (A.)<\/p>\n<p>&#8220;Este curso d\u00e1-nos bases para sermos bons profissionais como animadores socioculturais.&#8221; (B.)<\/p>\n<p>&#8220;Neste curso j\u00e1 adquiri novas aprendizagens muito enriquecedoras, tanto a n\u00edvel profissional como pessoal. \u00c9 um curso muito din\u00e2mico para quem gosta da \u00e1rea da interven\u00e7\u00e3o.&#8221; (A. F.)<\/p>\n<p>&#8220;Com este curso vivi v\u00e1rias experi\u00eancias. Tem muitas vertentes e \u00e9 bastante pr\u00e1tico.&#8221; (M.)<\/p>\n<p>&#8220;Este curso tem-me dado diversas oportunidades, o que me ajudou a perceber o que quero seguir.&#8221; (M. I.)<\/p>\n<p>&#8220;Se aplicar a teoria que adquiri neste curso e a pr\u00e1tica, vou ser uma boa profissional.&#8221; (B.)<\/p>\n<p>&#8220;Quando entrei neste curso tinha expectativas elevadas e, gra\u00e7as aos professores e aos meus colegas de turma, posso afirmar que as expectativas foram ultrapassadas de maneira positiva, claro!&#8221; (D.)<\/p>\n<p>&#8220;Este curso \u00e9 uma mais valia para o nosso futura, pois tem bastantes bases para o trabalho social.&#8221; (E.)<\/p>\n<p>&#8220;Atrav\u00e9s deste curso conseguimos adquiri conhecimentos para trabalhar em v\u00e1rios problemas da sociedade.&#8221; (D.)<\/p>\n<p>&#8220;&#8221;Este curso junta a parte sociocultural com a parte desportiva, faz com que tenhamos mais conhecimentos de forma a intervir na sociedade, de v\u00e1rias formas.&#8221; (S.)<\/p>\n<p>&#8220;Este curso abriu-me novas portas, novos conhecimentos, resultando assim em novas oportunidades a n\u00edvel profissional.&#8221; (M.)<\/p>\n<p>&#8220;Se queres aprender, ajudar e melhorar, este curso precisas de procurar.&#8221; (C.)<\/p>\n<p>&#8220;\u00c9 um curso que obriga a superar desafios.&#8221; (J.)<\/p>\n<p><img loading=\"lazy\" decoding=\"async\" class=\"alignnone size-full wp-image-369\" src=\"http:\/\/sites.ipleiria.pt\/isd\/files\/2016\/09\/2015-11-25-13.49.55.jpeg\" alt=\"2015-11-25-13-49-55\" width=\"581\" height=\"363\" srcset=\"https:\/\/sites.ipleiria.pt\/isd\/files\/2016\/09\/2015-11-25-13.49.55.jpeg 581w, https:\/\/sites.ipleiria.pt\/isd\/files\/2016\/09\/2015-11-25-13.49.55-300x187.jpeg 300w\" sizes=\"auto, (max-width: 581px) 85vw, 581px\" \/><\/p>\n<p>2016\/ 2017<\/p>\n<p><img loading=\"lazy\" decoding=\"async\" class=\"alignleft size-full wp-image-578\" src=\"http:\/\/sites.ipleiria.pt\/isd\/files\/2016\/09\/TeSP_ALL_DANCE.jpg\" alt=\"\" width=\"4160\" height=\"3120\" srcset=\"https:\/\/sites.ipleiria.pt\/isd\/files\/2016\/09\/TeSP_ALL_DANCE.jpg 4160w, https:\/\/sites.ipleiria.pt\/isd\/files\/2016\/09\/TeSP_ALL_DANCE-300x225.jpg 300w, https:\/\/sites.ipleiria.pt\/isd\/files\/2016\/09\/TeSP_ALL_DANCE-768x576.jpg 768w, https:\/\/sites.ipleiria.pt\/isd\/files\/2016\/09\/TeSP_ALL_DANCE-1024x768.jpg 1024w, https:\/\/sites.ipleiria.pt\/isd\/files\/2016\/09\/TeSP_ALL_DANCE-1200x900.jpg 1200w\" sizes=\"auto, (max-width: 709px) 85vw, (max-width: 909px) 67vw, (max-width: 1362px) 62vw, 840px\" \/><\/p>\n<p>\u00a0<\/p>\n<p><span style=\"line-height: 1.75\">2017\/ 2018<\/span><\/p>\n<p><img loading=\"lazy\" decoding=\"async\" class=\"alignleft size-full wp-image-648\" src=\"http:\/\/sites.ipleiria.pt\/isd\/files\/2018\/04\/25438656_1489896607754043_9007876707501506694_o.jpg\" alt=\"\" width=\"2048\" height=\"1365\" srcset=\"https:\/\/sites.ipleiria.pt\/isd\/files\/2018\/04\/25438656_1489896607754043_9007876707501506694_o.jpg 2048w, https:\/\/sites.ipleiria.pt\/isd\/files\/2018\/04\/25438656_1489896607754043_9007876707501506694_o-300x200.jpg 300w, https:\/\/sites.ipleiria.pt\/isd\/files\/2018\/04\/25438656_1489896607754043_9007876707501506694_o-768x512.jpg 768w, https:\/\/sites.ipleiria.pt\/isd\/files\/2018\/04\/25438656_1489896607754043_9007876707501506694_o-1024x683.jpg 1024w, https:\/\/sites.ipleiria.pt\/isd\/files\/2018\/04\/25438656_1489896607754043_9007876707501506694_o-1200x800.jpg 1200w\" sizes=\"auto, (max-width: 709px) 85vw, (max-width: 909px) 67vw, (max-width: 1362px) 62vw, 840px\" \/><\/p>\n<p>\u00a0<\/p>\n<p>\u00a0<\/p>\n\n\n<figure class=\"wp-block-audio\"><audio controls src=\"http:\/\/sites.ipleiria.pt\/isd\/files\/2019\/03\/Entrevista-TeSP-1-ano.mp3\" autoplay loop><\/audio><figcaption>Entrevista ao 1\u00ba ano TeSP ISD 2017\/18<\/figcaption><\/figure>\n","protected":false},"excerpt":{"rendered":"<p>2015\/ 2016 &#8220;A interven\u00e7\u00e3o sociocultural e desportiva promove a inclus\u00e3o, melhora a autoestima dos grupos e comunidades, favorece rela\u00e7\u00f5es pessoais e estimula a cria\u00e7\u00e3o art\u00edstica. O nosso curso \u00e9, por tudo isto, muito pertinente relativamente ao panorama atua da nossa sociedade.&#8221; (R.) &#8220;A vinda para este curso trouxe-me mais conhecimento, mais experi\u00eancia e mais profissionalismo. &hellip; <a href=\"https:\/\/sites.ipleiria.pt\/isd\/alunos\/\" class=\"more-link\">Continuar a ler<span class=\"screen-reader-text\"> &#8220;Alunos&#8221;<\/span><\/a><\/p>\n","protected":false},"author":2694,"featured_media":0,"parent":0,"menu_order":0,"comment_status":"closed","ping_status":"closed","template":"","meta":{"footnotes":""},"class_list":["post-77","page","type-page","status-publish","hentry"],"_links":{"self":[{"href":"https:\/\/sites.ipleiria.pt\/isd\/wp-json\/wp\/v2\/pages\/77","targetHints":{"allow":["GET"]}}],"collection":[{"href":"https:\/\/sites.ipleiria.pt\/isd\/wp-json\/wp\/v2\/pages"}],"about":[{"href":"https:\/\/sites.ipleiria.pt\/isd\/wp-json\/wp\/v2\/types\/page"}],"author":[{"embeddable":true,"href":"https:\/\/sites.ipleiria.pt\/isd\/wp-json\/wp\/v2\/users\/2694"}],"replies":[{"embeddable":true,"href":"https:\/\/sites.ipleiria.pt\/isd\/wp-json\/wp\/v2\/comments?post=77"}],"version-history":[{"count":11,"href":"https:\/\/sites.ipleiria.pt\/isd\/wp-json\/wp\/v2\/pages\/77\/revisions"}],"predecessor-version":[{"id":821,"href":"https:\/\/sites.ipleiria.pt\/isd\/wp-json\/wp\/v2\/pages\/77\/revisions\/821"}],"wp:attachment":[{"href":"https:\/\/sites.ipleiria.pt\/isd\/wp-json\/wp\/v2\/media?parent=77"}],"curies":[{"name":"wp","href":"https:\/\/api.w.org\/{rel}","templated":true}]}}