{"id":772,"date":"2019-01-28T12:09:32","date_gmt":"2019-01-28T12:09:32","guid":{"rendered":"http:\/\/sites.ipleiria.pt\/isd\/?page_id=772"},"modified":"2019-12-09T16:21:44","modified_gmt":"2019-12-09T16:21:44","slug":"2019-2","status":"publish","type":"page","link":"https:\/\/sites.ipleiria.pt\/isd\/2019-2\/","title":{"rendered":"2019"},"content":{"rendered":"\n<p><a href=\"https:\/\/sites.ipleiria.pt\/isd\/seminario-a-palavra-liberta-intervencao-em-meio-prisional\/\">Semin\u00e1rio &#8220;A Palavra Liberta &#8211; Interven\u00e7\u00e3o em Meio Prisional<\/a><\/p>\n\n\n\n<p><a href=\"https:\/\/sites.ipleiria.pt\/isd\/dancas-tradicionais-aula-aberta\/\">Dan\u00e7as tradicionais &#8211; Aula Aberta<\/a><\/p>\n\n\n\n<p><a href=\"https:\/\/sites.ipleiria.pt\/isd\/apresentacao-final-de-danca\/\">Apresenta\u00e7\u00e3o final de dan\u00e7a<\/a><\/p>\n\n\n\n<p><a href=\"https:\/\/sites.ipleiria.pt\/isd\/visita-guiada-ao-mimo\/\">Vista guiada ao m|i|mo<\/a><\/p>\n\n\n\n<p><a href=\"https:\/\/sites.ipleiria.pt\/isd\/cinema-paraiso\/\">Cinema Para\u00edso<\/a><\/p>\n\n\n\n<p><a href=\"https:\/\/sites.ipleiria.pt\/isd\/museu-de-leiria\/\">Museu de Leiria<\/a><\/p>\n\n\n\n<p><a href=\"https:\/\/sites.ipleiria.pt\/isd\/visita-adventurepark\/\">Visita Adventure Park<\/a><\/p>\n\n\n\n<p><a href=\"https:\/\/sites.ipleiria.pt\/isd\/estudio-tv\/\">Est\u00fadio TV<\/a><\/p>\n\n\n\n<p><a href=\"https:\/\/sites.ipleiria.pt\/isd\/nunca-pensei-ser-artista-photovoice-como-promocao-de-mudanca\/\">Nunca pensei ser artista &#8211; Photovoice como promo\u00e7\u00e3o de mudan\u00e7a <\/a><\/p>\n\n\n\n<p><a href=\"https:\/\/sites.ipleiria.pt\/isd\/aula-aberta-arte-publica-leiria\/\">Arte P\u00fablica Leiria &#8211; Aula Aberta<\/a><\/p>\n","protected":false},"excerpt":{"rendered":"<p>Semin\u00e1rio &#8220;A Palavra Liberta &#8211; Interven\u00e7\u00e3o em Meio Prisional Dan\u00e7as tradicionais &#8211; Aula Aberta Apresenta\u00e7\u00e3o final de dan\u00e7a Vista guiada ao m|i|mo Cinema Para\u00edso Museu de Leiria Visita Adventure Park Est\u00fadio TV Nunca pensei ser artista &#8211; Photovoice como promo\u00e7\u00e3o de mudan\u00e7a Arte P\u00fablica Leiria &#8211; Aula Aberta<\/p>\n","protected":false},"author":2694,"featured_media":0,"parent":0,"menu_order":0,"comment_status":"closed","ping_status":"closed","template":"","meta":{"footnotes":""},"class_list":["post-772","page","type-page","status-publish","hentry"],"_links":{"self":[{"href":"https:\/\/sites.ipleiria.pt\/isd\/wp-json\/wp\/v2\/pages\/772","targetHints":{"allow":["GET"]}}],"collection":[{"href":"https:\/\/sites.ipleiria.pt\/isd\/wp-json\/wp\/v2\/pages"}],"about":[{"href":"https:\/\/sites.ipleiria.pt\/isd\/wp-json\/wp\/v2\/types\/page"}],"author":[{"embeddable":true,"href":"https:\/\/sites.ipleiria.pt\/isd\/wp-json\/wp\/v2\/users\/2694"}],"replies":[{"embeddable":true,"href":"https:\/\/sites.ipleiria.pt\/isd\/wp-json\/wp\/v2\/comments?post=772"}],"version-history":[{"count":4,"href":"https:\/\/sites.ipleiria.pt\/isd\/wp-json\/wp\/v2\/pages\/772\/revisions"}],"predecessor-version":[{"id":975,"href":"https:\/\/sites.ipleiria.pt\/isd\/wp-json\/wp\/v2\/pages\/772\/revisions\/975"}],"wp:attachment":[{"href":"https:\/\/sites.ipleiria.pt\/isd\/wp-json\/wp\/v2\/media?parent=772"}],"curies":[{"name":"wp","href":"https:\/\/api.w.org\/{rel}","templated":true}]}}