{"id":778,"date":"2019-01-28T14:27:40","date_gmt":"2019-01-28T14:27:40","guid":{"rendered":"http:\/\/sites.ipleiria.pt\/isd\/?page_id=778"},"modified":"2019-01-28T14:33:37","modified_gmt":"2019-01-28T14:33:37","slug":"apresentacao-final-de-danca","status":"publish","type":"page","link":"https:\/\/sites.ipleiria.pt\/isd\/apresentacao-final-de-danca\/","title":{"rendered":"Apresenta\u00e7\u00e3o final de dan\u00e7a"},"content":{"rendered":"<p>Convite para a apresenta\u00e7\u00e3o final da Oficina de Dan\u00e7a, 1\u00ba ano do Curso &#8211; 1\u00ba semestre 2018\/19<\/p>\n<p><iframe loading=\"lazy\" width=\"840\" height=\"473\" src=\"https:\/\/www.youtube.com\/embed\/j2LE9e3OYuw?feature=oembed\" frameborder=\"0\" allow=\"accelerometer; autoplay; encrypted-media; gyroscope; picture-in-picture\" allowfullscreen><\/iframe><\/p>\n","protected":false},"excerpt":{"rendered":"<p>Convite para a apresenta\u00e7\u00e3o final da Oficina de Dan\u00e7a, 1\u00ba ano do Curso &#8211; 1\u00ba semestre 2018\/19<\/p>\n","protected":false},"author":2694,"featured_media":0,"parent":0,"menu_order":0,"comment_status":"closed","ping_status":"closed","template":"","meta":{"footnotes":""},"class_list":["post-778","page","type-page","status-publish","hentry"],"_links":{"self":[{"href":"https:\/\/sites.ipleiria.pt\/isd\/wp-json\/wp\/v2\/pages\/778","targetHints":{"allow":["GET"]}}],"collection":[{"href":"https:\/\/sites.ipleiria.pt\/isd\/wp-json\/wp\/v2\/pages"}],"about":[{"href":"https:\/\/sites.ipleiria.pt\/isd\/wp-json\/wp\/v2\/types\/page"}],"author":[{"embeddable":true,"href":"https:\/\/sites.ipleiria.pt\/isd\/wp-json\/wp\/v2\/users\/2694"}],"replies":[{"embeddable":true,"href":"https:\/\/sites.ipleiria.pt\/isd\/wp-json\/wp\/v2\/comments?post=778"}],"version-history":[{"count":5,"href":"https:\/\/sites.ipleiria.pt\/isd\/wp-json\/wp\/v2\/pages\/778\/revisions"}],"predecessor-version":[{"id":791,"href":"https:\/\/sites.ipleiria.pt\/isd\/wp-json\/wp\/v2\/pages\/778\/revisions\/791"}],"wp:attachment":[{"href":"https:\/\/sites.ipleiria.pt\/isd\/wp-json\/wp\/v2\/media?parent=778"}],"curies":[{"name":"wp","href":"https:\/\/api.w.org\/{rel}","templated":true}]}}