{"id":786,"date":"2019-01-28T14:31:59","date_gmt":"2019-01-28T14:31:59","guid":{"rendered":"http:\/\/sites.ipleiria.pt\/isd\/?page_id=786"},"modified":"2019-12-09T16:10:47","modified_gmt":"2019-12-09T16:10:47","slug":"2019-3","status":"publish","type":"page","link":"https:\/\/sites.ipleiria.pt\/isd\/2019-3\/","title":{"rendered":"2019"},"content":{"rendered":"\n<p><a href=\"https:\/\/sites.ipleiria.pt\/isd\/exposicao-de-fotografia-2\/\">Exposi\u00e7\u00e3o de Fotografia ESECS &#8211; IPL<\/a><\/p>\n\n\n\n<p><a href=\"https:\/\/sites.ipleiria.pt\/isd\/dia-da-crianca\/\">Dia da Crian\u00e7a<\/a><\/p>\n\n\n\n<p><a href=\"https:\/\/sites.ipleiria.pt\/isd\/a-palavra-liberta-no-estabelecimento-prisional-de-leiria\/\">&#8220;A Palavra Liberta&#8221; &#8211; Estabelecimento Prisional de Leiria<\/a><\/p>\n\n\n\n<p><a href=\"https:\/\/sites.ipleiria.pt\/isd\/intervencoes-em-instituicoes-3\/\">Interven\u00e7\u00f5es em Institui\u00e7\u00f5es<\/a><\/p>\n","protected":false},"excerpt":{"rendered":"<p>Exposi\u00e7\u00e3o de Fotografia ESECS &#8211; IPL Dia da Crian\u00e7a &#8220;A Palavra Liberta&#8221; &#8211; Estabelecimento Prisional de Leiria Interven\u00e7\u00f5es em Institui\u00e7\u00f5es<\/p>\n","protected":false},"author":2694,"featured_media":0,"parent":0,"menu_order":0,"comment_status":"closed","ping_status":"closed","template":"","meta":{"footnotes":""},"class_list":["post-786","page","type-page","status-publish","hentry"],"_links":{"self":[{"href":"https:\/\/sites.ipleiria.pt\/isd\/wp-json\/wp\/v2\/pages\/786","targetHints":{"allow":["GET"]}}],"collection":[{"href":"https:\/\/sites.ipleiria.pt\/isd\/wp-json\/wp\/v2\/pages"}],"about":[{"href":"https:\/\/sites.ipleiria.pt\/isd\/wp-json\/wp\/v2\/types\/page"}],"author":[{"embeddable":true,"href":"https:\/\/sites.ipleiria.pt\/isd\/wp-json\/wp\/v2\/users\/2694"}],"replies":[{"embeddable":true,"href":"https:\/\/sites.ipleiria.pt\/isd\/wp-json\/wp\/v2\/comments?post=786"}],"version-history":[{"count":3,"href":"https:\/\/sites.ipleiria.pt\/isd\/wp-json\/wp\/v2\/pages\/786\/revisions"}],"predecessor-version":[{"id":958,"href":"https:\/\/sites.ipleiria.pt\/isd\/wp-json\/wp\/v2\/pages\/786\/revisions\/958"}],"wp:attachment":[{"href":"https:\/\/sites.ipleiria.pt\/isd\/wp-json\/wp\/v2\/media?parent=786"}],"curies":[{"name":"wp","href":"https:\/\/api.w.org\/{rel}","templated":true}]}}