{"id":795,"date":"2019-02-22T11:56:26","date_gmt":"2019-02-22T11:56:26","guid":{"rendered":"http:\/\/sites.ipleiria.pt\/isd\/?page_id=795"},"modified":"2019-02-22T11:56:26","modified_gmt":"2019-02-22T11:56:26","slug":"exposicao-de-fotografia-2","status":"publish","type":"page","link":"https:\/\/sites.ipleiria.pt\/isd\/exposicao-de-fotografia-2\/","title":{"rendered":"Exposi\u00e7\u00e3o de fotografia"},"content":{"rendered":"\n<figure class=\"wp-block-image is-resized\"><img loading=\"lazy\" decoding=\"async\" src=\"http:\/\/sites.ipleiria.pt\/isd\/files\/2019\/02\/Cartaz_Leiria_prespectiva-724x1024.jpg\" alt=\"\" class=\"wp-image-796\" width=\"543\" height=\"768\" srcset=\"https:\/\/sites.ipleiria.pt\/isd\/files\/2019\/02\/Cartaz_Leiria_prespectiva-724x1024.jpg 724w, https:\/\/sites.ipleiria.pt\/isd\/files\/2019\/02\/Cartaz_Leiria_prespectiva-212x300.jpg 212w, https:\/\/sites.ipleiria.pt\/isd\/files\/2019\/02\/Cartaz_Leiria_prespectiva-768x1086.jpg 768w, https:\/\/sites.ipleiria.pt\/isd\/files\/2019\/02\/Cartaz_Leiria_prespectiva.jpg 842w\" sizes=\"auto, (max-width: 543px) 85vw, 543px\" \/><figcaption>Na ESECS &#8211; espa\u00e7o da sala 0.19<\/figcaption><\/figure>\n\n\n\n<p>No \u00e2mbito da <strong>UC Gest\u00e3o de Projetos de Interven\u00e7\u00e3o com a Comunidade<\/strong>, foram desenvolvidos cinco projetos de interven\u00e7\u00e3o com a comunidade, em parceria com a Galeria de Arte Banco de Portugal \u2013 Leiria, criados e implementados pelo 2\u00ba ano do Curso T\u00e9cnico Superior Profissional em Interven\u00e7\u00e3o Sociocultural e Desportiva. Os projetos foram desenvolvidos ao longo do 1\u00ba semestre de 2018\/19, tendo sido implementados de 15 de novembro a 13 de dezembro.<\/p>\n\n\n\n<p>As exposi\u00e7\u00f5es <strong>\u201cAbandono Animal\u201d<\/strong> e <strong>\u201cLeiria em Perspetiva\u201d<\/strong> s\u00e3o o resultado do trabalho de interven\u00e7\u00e3o de dois grupos da turma.<\/p>\n\n\n\n<figure class=\"wp-block-embed-wordpress wp-block-embed is-type-wp-embed is-provider-curso-tecnico-superior-profissional-em-intervencao-sociocultural-e-desportivo\"><div class=\"wp-block-embed__wrapper\">\n<blockquote class=\"wp-embedded-content\" data-secret=\"Sua9waDEWy\"><a href=\"https:\/\/sites.ipleiria.pt\/isd\/projeto-arte-e-intervencao\/\">Projeto &#8220;Arte e Interven\u00e7\u00e3o&#8221;<\/a><\/blockquote><iframe loading=\"lazy\" class=\"wp-embedded-content\" sandbox=\"allow-scripts\" security=\"restricted\" style=\"position: absolute; clip: rect(1px, 1px, 1px, 1px);\" src=\"https:\/\/sites.ipleiria.pt\/isd\/projeto-arte-e-intervencao\/embed\/#?secret=Sua9waDEWy\" data-secret=\"Sua9waDEWy\" width=\"600\" height=\"338\" title=\"&#8220;Projeto &#8220;Arte e Interven\u00e7\u00e3o&#8221;&#8221; &#8212; Curso T\u00e9cnico Superior Profissional em Interven\u00e7\u00e3o Sociocultural e Desportivo\" frameborder=\"0\" marginwidth=\"0\" marginheight=\"0\" scrolling=\"no\"><\/iframe>\n<\/div><\/figure>\n","protected":false},"excerpt":{"rendered":"<p>No \u00e2mbito da UC Gest\u00e3o de Projetos de Interven\u00e7\u00e3o com a Comunidade, foram desenvolvidos cinco projetos de interven\u00e7\u00e3o com a comunidade, em parceria com a Galeria de Arte Banco de Portugal \u2013 Leiria, criados e implementados pelo 2\u00ba ano do Curso T\u00e9cnico Superior Profissional em Interven\u00e7\u00e3o Sociocultural e Desportiva. Os projetos foram desenvolvidos ao longo &hellip; <a href=\"https:\/\/sites.ipleiria.pt\/isd\/exposicao-de-fotografia-2\/\" class=\"more-link\">Continuar a ler<span class=\"screen-reader-text\"> &#8220;Exposi\u00e7\u00e3o de fotografia&#8221;<\/span><\/a><\/p>\n","protected":false},"author":2694,"featured_media":0,"parent":0,"menu_order":0,"comment_status":"closed","ping_status":"closed","template":"","meta":{"footnotes":""},"class_list":["post-795","page","type-page","status-publish","hentry"],"_links":{"self":[{"href":"https:\/\/sites.ipleiria.pt\/isd\/wp-json\/wp\/v2\/pages\/795","targetHints":{"allow":["GET"]}}],"collection":[{"href":"https:\/\/sites.ipleiria.pt\/isd\/wp-json\/wp\/v2\/pages"}],"about":[{"href":"https:\/\/sites.ipleiria.pt\/isd\/wp-json\/wp\/v2\/types\/page"}],"author":[{"embeddable":true,"href":"https:\/\/sites.ipleiria.pt\/isd\/wp-json\/wp\/v2\/users\/2694"}],"replies":[{"embeddable":true,"href":"https:\/\/sites.ipleiria.pt\/isd\/wp-json\/wp\/v2\/comments?post=795"}],"version-history":[{"count":1,"href":"https:\/\/sites.ipleiria.pt\/isd\/wp-json\/wp\/v2\/pages\/795\/revisions"}],"predecessor-version":[{"id":800,"href":"https:\/\/sites.ipleiria.pt\/isd\/wp-json\/wp\/v2\/pages\/795\/revisions\/800"}],"wp:attachment":[{"href":"https:\/\/sites.ipleiria.pt\/isd\/wp-json\/wp\/v2\/media?parent=795"}],"curies":[{"name":"wp","href":"https:\/\/api.w.org\/{rel}","templated":true}]}}