{"id":82,"date":"2016-09-28T18:44:55","date_gmt":"2016-09-28T18:44:55","guid":{"rendered":"http:\/\/sites.ipleiria.pt\/isd\/?page_id=82"},"modified":"2018-04-03T13:51:34","modified_gmt":"2018-04-03T13:51:34","slug":"estagios","status":"publish","type":"page","link":"https:\/\/sites.ipleiria.pt\/isd\/estagios\/","title":{"rendered":"Est\u00e1gios"},"content":{"rendered":"<p><strong>Institui\u00e7\u00f5es de Est\u00e1gio &#8211; 2\u00ba ano \/ 2\u00ba semestre<\/strong><\/p>\n<p><a href=\"http:\/\/www.cercipeniche.pt\/\">Cercipeniche<\/a> &#8211; Coop Educa\u00e7\u00e3o e Reabilita\u00e7\u00e3o Crian\u00e7as Inadaptadas CRL<\/p>\n<p><a href=\"https:\/\/www.cm-leiria.pt\/pages\/858\">C\u00e2mara Municipal de Leiria \u2013 Divis\u00e3o da Juventude, Educa\u00e7\u00e3o e Biblioteca<\/a><\/p>\n<p><a href=\"http:\/\/eb23marrazes-m.ccems.pt\">Agrupamento de Escolas dos Marrazes<\/a><\/p>\n<p><a href=\"http:\/\/www.lardesaojose.pt\/fundacao.html\">Funda\u00e7\u00e3o Lar de S\u00e3o Jos\u00e9<\/a><\/p>\n<p><a href=\"http:\/\/superninho.pt\/index.php?r=site\/apresentacao\">Supercoop<\/a> &#8211;\u00a0CRL, creche e jardim de inf\u00e2ncia Superninho<\/p>\n<p><a href=\"https:\/\/m.facebook.com\/Class20\/\">Class 20<\/a> &#8211; Apoio Pedag\u00f3gico, Lda<\/p>\n<p><a href=\"https:\/\/m.facebook.com\/PontAventura\/\">PontAventura, Desporto e Natureza Lda<\/a><\/p>\n<p><a href=\"https:\/\/www.cm-leiria.pt\">C\u00e2mara Municipal de Leiria<\/a> &#8211;<\/p>\n<p><a href=\"http:\/\/www.fazeravancar.org\">Associa\u00e7\u00e3o Fazer Avan\u00e7ar &#8211; AFA<\/a><\/p>\n<p><a href=\"http:\/\/nel.pt\/\">N\u00facelo de Espeleologia de Leiria<\/a><\/p>\n<p><a href=\"https:\/\/www.facebook.com\/PontAventura\/\">PontAventura, Desporto e Natureza Lda<\/a><\/p>\n<p><a href=\"http:\/\/www.cscarnide.pt\/\">Centro Social de Carnide<\/a><\/p>\n<p><a href=\"http:\/\/viversantarem.pt\/\">Viver Santar\u00e9m, Desporto e Lazer,<\/a> E.M, S.A.<\/p>\n<p><a href=\"http:\/\/www.campoaventura.pt\/\">Campo Aventura S.A.<\/a><\/p>\n<p><a href=\"http:\/\/appacdm-mg.com\/\">Associa\u00e7\u00e3o Portuguesa de Pais e Amigos do Cidad\u00e3o Deficiente Mental<\/a> (APPACDM)<\/p>\n<p><a href=\"http:\/\/www.samp.pt\/portal\/\">SAMP &#8211; Sociedade Art\u00edstica Musical dos Pousos<\/a><\/p>\n<p><a href=\"http:\/\/casapovofreiria-quatrogeracoes.blogspot.pt\/\">Casa do Povo da Freguesia da Freiria<\/a><\/p>\n<p><a href=\"http:\/\/www.cspbombarral.pt\/\">Centro Social e Paroquial do Bombarral<\/a><\/p>\n<p><a href=\"http:\/\/www.museubatalha.com\/\">C\u00e2mara Municipal da Batalha &#8211; Museu da Comunidade Concelhia da Batalha<\/a><\/p>\n<p><a href=\"http:\/\/www.cnscampus.com\/\">Campus Neurol\u00f3gico S\u00e9nior<\/a><\/p>\n<p><a href=\"https:\/\/www.facebook.com\/bairrodosanjos\/\">Associa\u00e7\u00e3o Desportiva, Cultural e Recreativa do Bairro dos Anjos<\/a><\/p>\n<p><a href=\"https:\/\/www.ipleiria.pt\/sas\/desporto\/\">Instituto Polit\u00e9cnico de Leiria \u2013 Setor do Desporto<\/a><\/p>\n<p><a href=\"http:\/\/cspstg.blogspot.pt\">Centro Social Paroquial de S\u00e3o Tiago da Guarda<\/a><\/p>\n<p><a href=\"http:\/\/oasisleiria.org\/wordpress\/\">OASIS &#8211; Organiza\u00e7\u00e3o de Apoio e Solidariedade para a Integra\u00e7\u00e3o Social<\/a><\/p>\n<p><a href=\"http:\/\/www.montepio-rdl.pt\">Montepio Rainha D. leonor, IPSS, Associa\u00e7\u00e3o Mutualista<\/a><\/p>\n<p><a href=\"https:\/\/www.facebook.com\/Juventude-Desportiva-do-Lis-519728834720771\/\">Juventude Desportiva do Lis<\/a><\/p>\n<p><a href=\"http:\/\/www.a2z.pt\">Ytravel, Lda.<\/a><\/p>\n<p><a href=\"http:\/\/www.younity.pt\/index.php\/pt\/home\">Younity (AK Aktive Companies, Lda.)<\/a><\/p>\n<p><a href=\"http:\/\/www.misericordiadeleiria.pt\">Santa Casa da Miseric\u00f3rdia de Leiria<\/a><\/p>\n<p><a href=\"http:\/\/terradaperfeicao.com\">Terra da Perfei\u00e7\u00e3o<\/a><\/p>\n<p><a href=\"http:\/\/www.paroquiabenedita.pt\/index.php\/centro-social-paroquial-da-benedita\/\">Centro Social e Paroquial da Benedita<\/a><\/p>\n<p><a href=\"http:\/\/www.lardesaojose.pt\/fundacao.html\">Funda\u00e7\u00e3o Lar de S\u00e3o Jos\u00e9<\/a><\/p>\n<p><a href=\"http:\/\/www.csppvi.pt\">Centro Social Paroquial Paulo VI<\/a><\/p>\n<p><a href=\"https:\/\/www.ipleiria.pt\">Instituto Polit\u00e9cnico de Leiria<\/a><\/p>\n<p><a href=\"https:\/\/www.facebook.com\/O-Domin%C3%B3-465619253461963\/\">Domin\u00f3 &#8211; Infant\u00e1rio e Jardim de Inf\u00e2ncia<\/a><\/p>\n","protected":false},"excerpt":{"rendered":"<p>Institui\u00e7\u00f5es de Est\u00e1gio &#8211; 2\u00ba ano \/ 2\u00ba semestre Cercipeniche &#8211; Coop Educa\u00e7\u00e3o e Reabilita\u00e7\u00e3o Crian\u00e7as Inadaptadas CRL C\u00e2mara Municipal de Leiria \u2013 Divis\u00e3o da Juventude, Educa\u00e7\u00e3o e Biblioteca Agrupamento de Escolas dos Marrazes Funda\u00e7\u00e3o Lar de S\u00e3o Jos\u00e9 Supercoop &#8211;\u00a0CRL, creche e jardim de inf\u00e2ncia Superninho Class 20 &#8211; Apoio Pedag\u00f3gico, Lda PontAventura, Desporto &hellip; <a href=\"https:\/\/sites.ipleiria.pt\/isd\/estagios\/\" class=\"more-link\">Continuar a ler<span class=\"screen-reader-text\"> &#8220;Est\u00e1gios&#8221;<\/span><\/a><\/p>\n","protected":false},"author":2694,"featured_media":0,"parent":0,"menu_order":0,"comment_status":"closed","ping_status":"closed","template":"","meta":{"footnotes":""},"class_list":["post-82","page","type-page","status-publish","hentry"],"_links":{"self":[{"href":"https:\/\/sites.ipleiria.pt\/isd\/wp-json\/wp\/v2\/pages\/82","targetHints":{"allow":["GET"]}}],"collection":[{"href":"https:\/\/sites.ipleiria.pt\/isd\/wp-json\/wp\/v2\/pages"}],"about":[{"href":"https:\/\/sites.ipleiria.pt\/isd\/wp-json\/wp\/v2\/types\/page"}],"author":[{"embeddable":true,"href":"https:\/\/sites.ipleiria.pt\/isd\/wp-json\/wp\/v2\/users\/2694"}],"replies":[{"embeddable":true,"href":"https:\/\/sites.ipleiria.pt\/isd\/wp-json\/wp\/v2\/comments?post=82"}],"version-history":[{"count":4,"href":"https:\/\/sites.ipleiria.pt\/isd\/wp-json\/wp\/v2\/pages\/82\/revisions"}],"predecessor-version":[{"id":641,"href":"https:\/\/sites.ipleiria.pt\/isd\/wp-json\/wp\/v2\/pages\/82\/revisions\/641"}],"wp:attachment":[{"href":"https:\/\/sites.ipleiria.pt\/isd\/wp-json\/wp\/v2\/media?parent=82"}],"curies":[{"name":"wp","href":"https:\/\/api.w.org\/{rel}","templated":true}]}}