{"id":87,"date":"2016-09-28T18:45:03","date_gmt":"2016-09-28T18:45:03","guid":{"rendered":"http:\/\/sites.ipleiria.pt\/isd\/?page_id=87"},"modified":"2019-01-24T15:33:19","modified_gmt":"2019-01-24T15:33:19","slug":"contactos","status":"publish","type":"page","link":"https:\/\/sites.ipleiria.pt\/isd\/contactos\/","title":{"rendered":"Contactos"},"content":{"rendered":"<p><strong>Escola Superior de Educa\u00e7\u00e3o e Ci\u00eancias Sociais<\/strong><\/p>\n<p align=\"left\">Campus 1<br \/>\nRua Dr. Jo\u00e3o Soares<br \/>\nApartado 4045<br \/>\n2411-901 Leiria \u2013 Portugal<\/p>\n<p align=\"left\">Tel: (+351) 244 829400<\/p>\n<p align=\"left\">E-mail:\u00a0<a href=\"http:\/\/esecs@ipleiria.pt\/\">esecs@ipleiria.pt<\/a><\/p>\n<p align=\"left\">Coordenadora de curso: <a class=\"o365button ms-font-m\" role=\"link\" href=\"mailto:jenny.sousa@ipleiria.pt\"><span class=\"_rpc_41 ms-font-s allowTextSelection ms-font-color-themePrimary _rpc_p1\">jenny.sousa@ipleiria.pt<\/span><\/a><\/p>\n","protected":false},"excerpt":{"rendered":"<p>Escola Superior de Educa\u00e7\u00e3o e Ci\u00eancias Sociais Campus 1 Rua Dr. Jo\u00e3o Soares Apartado 4045 2411-901 Leiria \u2013 Portugal Tel: (+351) 244 829400 E-mail:\u00a0esecs@ipleiria.pt Coordenadora de curso: jenny.sousa@ipleiria.pt<\/p>\n","protected":false},"author":2694,"featured_media":0,"parent":0,"menu_order":0,"comment_status":"closed","ping_status":"closed","template":"","meta":{"footnotes":""},"class_list":["post-87","page","type-page","status-publish","hentry"],"_links":{"self":[{"href":"https:\/\/sites.ipleiria.pt\/isd\/wp-json\/wp\/v2\/pages\/87","targetHints":{"allow":["GET"]}}],"collection":[{"href":"https:\/\/sites.ipleiria.pt\/isd\/wp-json\/wp\/v2\/pages"}],"about":[{"href":"https:\/\/sites.ipleiria.pt\/isd\/wp-json\/wp\/v2\/types\/page"}],"author":[{"embeddable":true,"href":"https:\/\/sites.ipleiria.pt\/isd\/wp-json\/wp\/v2\/users\/2694"}],"replies":[{"embeddable":true,"href":"https:\/\/sites.ipleiria.pt\/isd\/wp-json\/wp\/v2\/comments?post=87"}],"version-history":[{"count":4,"href":"https:\/\/sites.ipleiria.pt\/isd\/wp-json\/wp\/v2\/pages\/87\/revisions"}],"predecessor-version":[{"id":752,"href":"https:\/\/sites.ipleiria.pt\/isd\/wp-json\/wp\/v2\/pages\/87\/revisions\/752"}],"wp:attachment":[{"href":"https:\/\/sites.ipleiria.pt\/isd\/wp-json\/wp\/v2\/media?parent=87"}],"curies":[{"name":"wp","href":"https:\/\/api.w.org\/{rel}","templated":true}]}}