{"id":879,"date":"2019-05-31T13:17:34","date_gmt":"2019-05-31T13:17:34","guid":{"rendered":"http:\/\/sites.ipleiria.pt\/isd\/?page_id=879"},"modified":"2020-02-09T15:18:30","modified_gmt":"2020-02-09T15:18:30","slug":"dia-da-crianca","status":"publish","type":"page","link":"https:\/\/sites.ipleiria.pt\/isd\/dia-da-crianca\/","title":{"rendered":"Dia da Crian\u00e7a"},"content":{"rendered":"\n<p>31 de maio no Est\u00e1dio Dr. Magalh\u00e3es Pessoa &#8211; Leiria<\/p>\n\n\n\n<figure class=\"wp-block-image\"><img loading=\"lazy\" decoding=\"async\" width=\"679\" height=\"960\" src=\"http:\/\/sites.ipleiria.pt\/isd\/files\/2019\/05\/leiria-4.jpg\" alt=\"\" class=\"wp-image-880\" srcset=\"https:\/\/sites.ipleiria.pt\/isd\/files\/2019\/05\/leiria-4.jpg 679w, https:\/\/sites.ipleiria.pt\/isd\/files\/2019\/05\/leiria-4-212x300.jpg 212w\" sizes=\"auto, (max-width: 679px) 85vw, 679px\" \/><\/figure>\n\n\n\n<ul class=\"wp-block-gallery columns-2 wp-block-gallery-1 is-layout-flex wp-block-gallery-is-layout-flex\"><li class=\"blocks-gallery-item\"><figure><img loading=\"lazy\" decoding=\"async\" width=\"1024\" height=\"680\" src=\"http:\/\/sites.ipleiria.pt\/isd\/files\/2019\/05\/61428244_2357895724301624_6982500660080017408_o-1024x680.jpg\" alt=\"\" data-id=\"881\" data-link=\"http:\/\/sites.ipleiria.pt\/isd\/?attachment_id=881\" class=\"wp-image-881\" srcset=\"https:\/\/sites.ipleiria.pt\/isd\/files\/2019\/05\/61428244_2357895724301624_6982500660080017408_o-1024x680.jpg 1024w, https:\/\/sites.ipleiria.pt\/isd\/files\/2019\/05\/61428244_2357895724301624_6982500660080017408_o-300x199.jpg 300w, https:\/\/sites.ipleiria.pt\/isd\/files\/2019\/05\/61428244_2357895724301624_6982500660080017408_o-768x510.jpg 768w, https:\/\/sites.ipleiria.pt\/isd\/files\/2019\/05\/61428244_2357895724301624_6982500660080017408_o-1200x797.jpg 1200w, https:\/\/sites.ipleiria.pt\/isd\/files\/2019\/05\/61428244_2357895724301624_6982500660080017408_o.jpg 2048w\" sizes=\"auto, (max-width: 709px) 85vw, (max-width: 909px) 67vw, (max-width: 1362px) 62vw, 840px\" \/><\/figure><\/li><li class=\"blocks-gallery-item\"><figure><img loading=\"lazy\" decoding=\"async\" width=\"1024\" height=\"680\" src=\"http:\/\/sites.ipleiria.pt\/isd\/files\/2019\/05\/61633724_2357895410968322_3173443368126513152_o-1024x680.jpg\" alt=\"\" data-id=\"882\" data-link=\"http:\/\/sites.ipleiria.pt\/isd\/?attachment_id=882\" class=\"wp-image-882\" srcset=\"https:\/\/sites.ipleiria.pt\/isd\/files\/2019\/05\/61633724_2357895410968322_3173443368126513152_o-1024x680.jpg 1024w, https:\/\/sites.ipleiria.pt\/isd\/files\/2019\/05\/61633724_2357895410968322_3173443368126513152_o-300x199.jpg 300w, https:\/\/sites.ipleiria.pt\/isd\/files\/2019\/05\/61633724_2357895410968322_3173443368126513152_o-768x510.jpg 768w, https:\/\/sites.ipleiria.pt\/isd\/files\/2019\/05\/61633724_2357895410968322_3173443368126513152_o-1200x797.jpg 1200w, https:\/\/sites.ipleiria.pt\/isd\/files\/2019\/05\/61633724_2357895410968322_3173443368126513152_o.jpg 2048w\" sizes=\"auto, (max-width: 709px) 85vw, (max-width: 909px) 67vw, (max-width: 1362px) 62vw, 840px\" \/><\/figure><\/li><li class=\"blocks-gallery-item\"><figure><img loading=\"lazy\" decoding=\"async\" width=\"1024\" height=\"680\" src=\"http:\/\/sites.ipleiria.pt\/isd\/files\/2019\/05\/61690093_2357895277635002_4600360464545742848_o-1024x680.jpg\" alt=\"\" data-id=\"883\" data-link=\"http:\/\/sites.ipleiria.pt\/isd\/?attachment_id=883\" class=\"wp-image-883\" srcset=\"https:\/\/sites.ipleiria.pt\/isd\/files\/2019\/05\/61690093_2357895277635002_4600360464545742848_o-1024x680.jpg 1024w, https:\/\/sites.ipleiria.pt\/isd\/files\/2019\/05\/61690093_2357895277635002_4600360464545742848_o-300x199.jpg 300w, https:\/\/sites.ipleiria.pt\/isd\/files\/2019\/05\/61690093_2357895277635002_4600360464545742848_o-768x510.jpg 768w, https:\/\/sites.ipleiria.pt\/isd\/files\/2019\/05\/61690093_2357895277635002_4600360464545742848_o-1200x797.jpg 1200w, https:\/\/sites.ipleiria.pt\/isd\/files\/2019\/05\/61690093_2357895277635002_4600360464545742848_o.jpg 2048w\" sizes=\"auto, (max-width: 709px) 85vw, (max-width: 909px) 67vw, (max-width: 1362px) 62vw, 840px\" \/><\/figure><\/li><li class=\"blocks-gallery-item\"><figure><img loading=\"lazy\" decoding=\"async\" width=\"1024\" height=\"680\" src=\"http:\/\/sites.ipleiria.pt\/isd\/files\/2019\/05\/61695749_2357894184301778_6189812875930894336_o-1024x680.jpg\" alt=\"\" data-id=\"884\" data-link=\"http:\/\/sites.ipleiria.pt\/isd\/?attachment_id=884\" class=\"wp-image-884\" srcset=\"https:\/\/sites.ipleiria.pt\/isd\/files\/2019\/05\/61695749_2357894184301778_6189812875930894336_o-1024x680.jpg 1024w, https:\/\/sites.ipleiria.pt\/isd\/files\/2019\/05\/61695749_2357894184301778_6189812875930894336_o-300x199.jpg 300w, https:\/\/sites.ipleiria.pt\/isd\/files\/2019\/05\/61695749_2357894184301778_6189812875930894336_o-768x510.jpg 768w, https:\/\/sites.ipleiria.pt\/isd\/files\/2019\/05\/61695749_2357894184301778_6189812875930894336_o-1200x797.jpg 1200w, https:\/\/sites.ipleiria.pt\/isd\/files\/2019\/05\/61695749_2357894184301778_6189812875930894336_o.jpg 2048w\" sizes=\"auto, (max-width: 709px) 85vw, (max-width: 909px) 67vw, (max-width: 1362px) 62vw, 840px\" \/><\/figure><\/li><li class=\"blocks-gallery-item\"><figure><img loading=\"lazy\" decoding=\"async\" width=\"1024\" height=\"680\" src=\"http:\/\/sites.ipleiria.pt\/isd\/files\/2019\/05\/61751890_2357895437634986_3685668696925143040_o-1024x680.jpg\" alt=\"\" data-id=\"885\" data-link=\"http:\/\/sites.ipleiria.pt\/isd\/?attachment_id=885\" class=\"wp-image-885\" srcset=\"https:\/\/sites.ipleiria.pt\/isd\/files\/2019\/05\/61751890_2357895437634986_3685668696925143040_o-1024x680.jpg 1024w, https:\/\/sites.ipleiria.pt\/isd\/files\/2019\/05\/61751890_2357895437634986_3685668696925143040_o-300x199.jpg 300w, https:\/\/sites.ipleiria.pt\/isd\/files\/2019\/05\/61751890_2357895437634986_3685668696925143040_o-768x510.jpg 768w, https:\/\/sites.ipleiria.pt\/isd\/files\/2019\/05\/61751890_2357895437634986_3685668696925143040_o-1200x797.jpg 1200w, https:\/\/sites.ipleiria.pt\/isd\/files\/2019\/05\/61751890_2357895437634986_3685668696925143040_o.jpg 2048w\" sizes=\"auto, (max-width: 709px) 85vw, (max-width: 909px) 67vw, (max-width: 1362px) 62vw, 840px\" \/><\/figure><\/li><\/ul>\n\n\n\n<p>ESECS &#8211; IPL em parceria com a C\u00e2mara Municipal de Leiria<\/p>\n","protected":false},"excerpt":{"rendered":"<p>31 de maio no Est\u00e1dio Dr. Magalh\u00e3es Pessoa &#8211; Leiria ESECS &#8211; IPL em parceria com a C\u00e2mara Municipal de Leiria<\/p>\n","protected":false},"author":2694,"featured_media":0,"parent":0,"menu_order":0,"comment_status":"closed","ping_status":"closed","template":"","meta":{"footnotes":""},"class_list":["post-879","page","type-page","status-publish","hentry"],"_links":{"self":[{"href":"https:\/\/sites.ipleiria.pt\/isd\/wp-json\/wp\/v2\/pages\/879","targetHints":{"allow":["GET"]}}],"collection":[{"href":"https:\/\/sites.ipleiria.pt\/isd\/wp-json\/wp\/v2\/pages"}],"about":[{"href":"https:\/\/sites.ipleiria.pt\/isd\/wp-json\/wp\/v2\/types\/page"}],"author":[{"embeddable":true,"href":"https:\/\/sites.ipleiria.pt\/isd\/wp-json\/wp\/v2\/users\/2694"}],"replies":[{"embeddable":true,"href":"https:\/\/sites.ipleiria.pt\/isd\/wp-json\/wp\/v2\/comments?post=879"}],"version-history":[{"count":4,"href":"https:\/\/sites.ipleiria.pt\/isd\/wp-json\/wp\/v2\/pages\/879\/revisions"}],"predecessor-version":[{"id":1003,"href":"https:\/\/sites.ipleiria.pt\/isd\/wp-json\/wp\/v2\/pages\/879\/revisions\/1003"}],"wp:attachment":[{"href":"https:\/\/sites.ipleiria.pt\/isd\/wp-json\/wp\/v2\/media?parent=879"}],"curies":[{"name":"wp","href":"https:\/\/api.w.org\/{rel}","templated":true}]}}