{"id":897,"date":"2019-10-18T12:12:06","date_gmt":"2019-10-18T12:12:06","guid":{"rendered":"http:\/\/sites.ipleiria.pt\/isd\/?page_id=897"},"modified":"2020-02-09T15:16:23","modified_gmt":"2020-02-09T15:16:23","slug":"nunca-pensei-ser-artista-photovoice-como-promocao-de-mudanca","status":"publish","type":"page","link":"https:\/\/sites.ipleiria.pt\/isd\/nunca-pensei-ser-artista-photovoice-como-promocao-de-mudanca\/","title":{"rendered":"&#8220;Nunca Pensei Ser Artista&#8221;, Photovoice como promo\u00e7\u00e3o de mudan\u00e7a"},"content":{"rendered":"\n<p>15 de outubro | UC Gest\u00e3o de Projetos de Interven\u00e7\u00e3o com a Comunidade<\/p>\n\n\n\n<p>com a dinamiza\u00e7\u00e3o de Rosalinda Chaves, ex-aluna da ESECS &#8211;  Mestrado em Interven\u00e7\u00e3o e Anima\u00e7\u00e3o Art\u00edsticas<\/p>\n\n\n\n<ul class=\"wp-block-gallery columns-2 is-cropped wp-block-gallery-1 is-layout-flex wp-block-gallery-is-layout-flex\"><li class=\"blocks-gallery-item\"><figure><img loading=\"lazy\" decoding=\"async\" width=\"1024\" height=\"768\" src=\"https:\/\/sites.ipleiria.pt\/isd\/files\/2019\/10\/IMG_20191015_144356-1024x768.jpg\" alt=\"\" data-id=\"898\" data-link=\"https:\/\/sites.ipleiria.pt\/isd\/?attachment_id=898\" class=\"wp-image-898\" srcset=\"https:\/\/sites.ipleiria.pt\/isd\/files\/2019\/10\/IMG_20191015_144356-1024x768.jpg 1024w, https:\/\/sites.ipleiria.pt\/isd\/files\/2019\/10\/IMG_20191015_144356-300x225.jpg 300w, https:\/\/sites.ipleiria.pt\/isd\/files\/2019\/10\/IMG_20191015_144356-768x576.jpg 768w, https:\/\/sites.ipleiria.pt\/isd\/files\/2019\/10\/IMG_20191015_144356-1200x900.jpg 1200w\" sizes=\"auto, (max-width: 709px) 85vw, (max-width: 909px) 67vw, (max-width: 1362px) 62vw, 840px\" \/><\/figure><\/li><li class=\"blocks-gallery-item\"><figure><img loading=\"lazy\" decoding=\"async\" width=\"1024\" height=\"768\" src=\"https:\/\/sites.ipleiria.pt\/isd\/files\/2019\/10\/IMG_20191015_150048-1024x768.jpg\" alt=\"\" data-id=\"899\" data-link=\"https:\/\/sites.ipleiria.pt\/isd\/?attachment_id=899\" class=\"wp-image-899\" srcset=\"https:\/\/sites.ipleiria.pt\/isd\/files\/2019\/10\/IMG_20191015_150048-1024x768.jpg 1024w, https:\/\/sites.ipleiria.pt\/isd\/files\/2019\/10\/IMG_20191015_150048-300x225.jpg 300w, https:\/\/sites.ipleiria.pt\/isd\/files\/2019\/10\/IMG_20191015_150048-768x576.jpg 768w, https:\/\/sites.ipleiria.pt\/isd\/files\/2019\/10\/IMG_20191015_150048-1200x900.jpg 1200w\" sizes=\"auto, (max-width: 709px) 85vw, (max-width: 909px) 67vw, (max-width: 1362px) 62vw, 840px\" \/><\/figure><\/li><li class=\"blocks-gallery-item\"><figure><img loading=\"lazy\" decoding=\"async\" width=\"1024\" height=\"768\" src=\"https:\/\/sites.ipleiria.pt\/isd\/files\/2019\/10\/IMG_20191015_151026-1024x768.jpg\" alt=\"\" data-id=\"900\" data-link=\"https:\/\/sites.ipleiria.pt\/isd\/?attachment_id=900\" class=\"wp-image-900\" srcset=\"https:\/\/sites.ipleiria.pt\/isd\/files\/2019\/10\/IMG_20191015_151026-1024x768.jpg 1024w, https:\/\/sites.ipleiria.pt\/isd\/files\/2019\/10\/IMG_20191015_151026-300x225.jpg 300w, https:\/\/sites.ipleiria.pt\/isd\/files\/2019\/10\/IMG_20191015_151026-768x576.jpg 768w, https:\/\/sites.ipleiria.pt\/isd\/files\/2019\/10\/IMG_20191015_151026-1200x900.jpg 1200w\" sizes=\"auto, (max-width: 709px) 85vw, (max-width: 909px) 67vw, (max-width: 1362px) 62vw, 840px\" \/><\/figure><\/li><li class=\"blocks-gallery-item\"><figure><img loading=\"lazy\" decoding=\"async\" width=\"1024\" height=\"768\" src=\"https:\/\/sites.ipleiria.pt\/isd\/files\/2019\/10\/IMG_20191015_151037-1024x768.jpg\" alt=\"\" data-id=\"901\" data-link=\"https:\/\/sites.ipleiria.pt\/isd\/?attachment_id=901\" class=\"wp-image-901\" srcset=\"https:\/\/sites.ipleiria.pt\/isd\/files\/2019\/10\/IMG_20191015_151037-1024x768.jpg 1024w, https:\/\/sites.ipleiria.pt\/isd\/files\/2019\/10\/IMG_20191015_151037-300x225.jpg 300w, https:\/\/sites.ipleiria.pt\/isd\/files\/2019\/10\/IMG_20191015_151037-768x576.jpg 768w, https:\/\/sites.ipleiria.pt\/isd\/files\/2019\/10\/IMG_20191015_151037-1200x900.jpg 1200w\" sizes=\"auto, (max-width: 709px) 85vw, (max-width: 909px) 67vw, (max-width: 1362px) 62vw, 840px\" \/><\/figure><\/li><li class=\"blocks-gallery-item\"><figure><img loading=\"lazy\" decoding=\"async\" width=\"1024\" height=\"768\" src=\"https:\/\/sites.ipleiria.pt\/isd\/files\/2019\/10\/IMG_20191015_151048-1024x768.jpg\" alt=\"\" data-id=\"902\" data-link=\"https:\/\/sites.ipleiria.pt\/isd\/?attachment_id=902\" class=\"wp-image-902\" srcset=\"https:\/\/sites.ipleiria.pt\/isd\/files\/2019\/10\/IMG_20191015_151048-1024x768.jpg 1024w, https:\/\/sites.ipleiria.pt\/isd\/files\/2019\/10\/IMG_20191015_151048-300x225.jpg 300w, https:\/\/sites.ipleiria.pt\/isd\/files\/2019\/10\/IMG_20191015_151048-768x576.jpg 768w, https:\/\/sites.ipleiria.pt\/isd\/files\/2019\/10\/IMG_20191015_151048-1200x900.jpg 1200w\" sizes=\"auto, (max-width: 709px) 85vw, (max-width: 909px) 67vw, (max-width: 1362px) 62vw, 840px\" \/><\/figure><\/li><li class=\"blocks-gallery-item\"><figure><img loading=\"lazy\" decoding=\"async\" width=\"1024\" height=\"768\" src=\"https:\/\/sites.ipleiria.pt\/isd\/files\/2019\/10\/IMG_20191015_151103-1024x768.jpg\" alt=\"\" data-id=\"903\" data-link=\"https:\/\/sites.ipleiria.pt\/isd\/?attachment_id=903\" class=\"wp-image-903\" srcset=\"https:\/\/sites.ipleiria.pt\/isd\/files\/2019\/10\/IMG_20191015_151103-1024x768.jpg 1024w, https:\/\/sites.ipleiria.pt\/isd\/files\/2019\/10\/IMG_20191015_151103-300x225.jpg 300w, https:\/\/sites.ipleiria.pt\/isd\/files\/2019\/10\/IMG_20191015_151103-768x576.jpg 768w, https:\/\/sites.ipleiria.pt\/isd\/files\/2019\/10\/IMG_20191015_151103-1200x900.jpg 1200w\" sizes=\"auto, (max-width: 709px) 85vw, (max-width: 909px) 67vw, (max-width: 1362px) 62vw, 840px\" \/><\/figure><\/li><li class=\"blocks-gallery-item\"><figure><img loading=\"lazy\" decoding=\"async\" width=\"1024\" height=\"768\" src=\"https:\/\/sites.ipleiria.pt\/isd\/files\/2019\/10\/IMG_20191015_151813-1024x768.jpg\" alt=\"\" data-id=\"904\" data-link=\"https:\/\/sites.ipleiria.pt\/isd\/?attachment_id=904\" class=\"wp-image-904\" srcset=\"https:\/\/sites.ipleiria.pt\/isd\/files\/2019\/10\/IMG_20191015_151813-1024x768.jpg 1024w, https:\/\/sites.ipleiria.pt\/isd\/files\/2019\/10\/IMG_20191015_151813-300x225.jpg 300w, https:\/\/sites.ipleiria.pt\/isd\/files\/2019\/10\/IMG_20191015_151813-768x576.jpg 768w, https:\/\/sites.ipleiria.pt\/isd\/files\/2019\/10\/IMG_20191015_151813-1200x900.jpg 1200w\" sizes=\"auto, (max-width: 709px) 85vw, (max-width: 909px) 67vw, (max-width: 1362px) 62vw, 840px\" \/><\/figure><\/li><li class=\"blocks-gallery-item\"><figure><img loading=\"lazy\" decoding=\"async\" width=\"1024\" height=\"768\" src=\"https:\/\/sites.ipleiria.pt\/isd\/files\/2019\/10\/IMG_20191015_152645-1024x768.jpg\" alt=\"\" data-id=\"905\" data-link=\"https:\/\/sites.ipleiria.pt\/isd\/?attachment_id=905\" class=\"wp-image-905\" srcset=\"https:\/\/sites.ipleiria.pt\/isd\/files\/2019\/10\/IMG_20191015_152645-1024x768.jpg 1024w, https:\/\/sites.ipleiria.pt\/isd\/files\/2019\/10\/IMG_20191015_152645-300x225.jpg 300w, https:\/\/sites.ipleiria.pt\/isd\/files\/2019\/10\/IMG_20191015_152645-768x576.jpg 768w, https:\/\/sites.ipleiria.pt\/isd\/files\/2019\/10\/IMG_20191015_152645-1200x900.jpg 1200w\" sizes=\"auto, (max-width: 709px) 85vw, (max-width: 909px) 67vw, (max-width: 1362px) 62vw, 840px\" \/><\/figure><\/li><li class=\"blocks-gallery-item\"><figure><img loading=\"lazy\" decoding=\"async\" width=\"1024\" height=\"768\" src=\"https:\/\/sites.ipleiria.pt\/isd\/files\/2019\/10\/IMG_20191015_152659-1024x768.jpg\" alt=\"\" data-id=\"906\" data-link=\"https:\/\/sites.ipleiria.pt\/isd\/?attachment_id=906\" class=\"wp-image-906\" srcset=\"https:\/\/sites.ipleiria.pt\/isd\/files\/2019\/10\/IMG_20191015_152659-1024x768.jpg 1024w, https:\/\/sites.ipleiria.pt\/isd\/files\/2019\/10\/IMG_20191015_152659-300x225.jpg 300w, https:\/\/sites.ipleiria.pt\/isd\/files\/2019\/10\/IMG_20191015_152659-768x576.jpg 768w, https:\/\/sites.ipleiria.pt\/isd\/files\/2019\/10\/IMG_20191015_152659-1200x900.jpg 1200w\" sizes=\"auto, (max-width: 709px) 85vw, (max-width: 909px) 67vw, (max-width: 1362px) 62vw, 840px\" \/><\/figure><\/li><li class=\"blocks-gallery-item\"><figure><img loading=\"lazy\" decoding=\"async\" width=\"1024\" height=\"768\" src=\"https:\/\/sites.ipleiria.pt\/isd\/files\/2019\/10\/IMG_20191015_152735-1024x768.jpg\" alt=\"\" data-id=\"907\" data-link=\"https:\/\/sites.ipleiria.pt\/isd\/?attachment_id=907\" class=\"wp-image-907\" srcset=\"https:\/\/sites.ipleiria.pt\/isd\/files\/2019\/10\/IMG_20191015_152735-1024x768.jpg 1024w, https:\/\/sites.ipleiria.pt\/isd\/files\/2019\/10\/IMG_20191015_152735-300x225.jpg 300w, https:\/\/sites.ipleiria.pt\/isd\/files\/2019\/10\/IMG_20191015_152735-768x576.jpg 768w, https:\/\/sites.ipleiria.pt\/isd\/files\/2019\/10\/IMG_20191015_152735-1200x900.jpg 1200w\" sizes=\"auto, (max-width: 709px) 85vw, (max-width: 909px) 67vw, (max-width: 1362px) 62vw, 840px\" \/><\/figure><\/li><li class=\"blocks-gallery-item\"><figure><img loading=\"lazy\" decoding=\"async\" width=\"1024\" height=\"768\" src=\"https:\/\/sites.ipleiria.pt\/isd\/files\/2019\/10\/IMG_20191015_153344-1024x768.jpg\" alt=\"\" data-id=\"908\" data-link=\"https:\/\/sites.ipleiria.pt\/isd\/?attachment_id=908\" class=\"wp-image-908\" srcset=\"https:\/\/sites.ipleiria.pt\/isd\/files\/2019\/10\/IMG_20191015_153344-1024x768.jpg 1024w, https:\/\/sites.ipleiria.pt\/isd\/files\/2019\/10\/IMG_20191015_153344-300x225.jpg 300w, https:\/\/sites.ipleiria.pt\/isd\/files\/2019\/10\/IMG_20191015_153344-768x576.jpg 768w, https:\/\/sites.ipleiria.pt\/isd\/files\/2019\/10\/IMG_20191015_153344-1200x900.jpg 1200w\" sizes=\"auto, (max-width: 709px) 85vw, (max-width: 909px) 67vw, (max-width: 1362px) 62vw, 840px\" \/><\/figure><\/li><li class=\"blocks-gallery-item\"><figure><img loading=\"lazy\" decoding=\"async\" width=\"1024\" height=\"768\" src=\"https:\/\/sites.ipleiria.pt\/isd\/files\/2019\/10\/IMG_20191015_165115-1024x768.jpg\" alt=\"\" data-id=\"909\" data-link=\"https:\/\/sites.ipleiria.pt\/isd\/?attachment_id=909\" class=\"wp-image-909\" srcset=\"https:\/\/sites.ipleiria.pt\/isd\/files\/2019\/10\/IMG_20191015_165115-1024x768.jpg 1024w, https:\/\/sites.ipleiria.pt\/isd\/files\/2019\/10\/IMG_20191015_165115-300x225.jpg 300w, https:\/\/sites.ipleiria.pt\/isd\/files\/2019\/10\/IMG_20191015_165115-768x576.jpg 768w, https:\/\/sites.ipleiria.pt\/isd\/files\/2019\/10\/IMG_20191015_165115-1200x900.jpg 1200w\" sizes=\"auto, (max-width: 709px) 85vw, (max-width: 909px) 67vw, (max-width: 1362px) 62vw, 840px\" \/><\/figure><\/li><\/ul>\n","protected":false},"excerpt":{"rendered":"<p>15 de outubro | UC Gest\u00e3o de Projetos de Interven\u00e7\u00e3o com a Comunidade com a dinamiza\u00e7\u00e3o de Rosalinda Chaves, ex-aluna da ESECS &#8211; Mestrado em Interven\u00e7\u00e3o e Anima\u00e7\u00e3o Art\u00edsticas<\/p>\n","protected":false},"author":2694,"featured_media":0,"parent":0,"menu_order":0,"comment_status":"closed","ping_status":"closed","template":"","meta":{"footnotes":""},"class_list":["post-897","page","type-page","status-publish","hentry"],"_links":{"self":[{"href":"https:\/\/sites.ipleiria.pt\/isd\/wp-json\/wp\/v2\/pages\/897","targetHints":{"allow":["GET"]}}],"collection":[{"href":"https:\/\/sites.ipleiria.pt\/isd\/wp-json\/wp\/v2\/pages"}],"about":[{"href":"https:\/\/sites.ipleiria.pt\/isd\/wp-json\/wp\/v2\/types\/page"}],"author":[{"embeddable":true,"href":"https:\/\/sites.ipleiria.pt\/isd\/wp-json\/wp\/v2\/users\/2694"}],"replies":[{"embeddable":true,"href":"https:\/\/sites.ipleiria.pt\/isd\/wp-json\/wp\/v2\/comments?post=897"}],"version-history":[{"count":4,"href":"https:\/\/sites.ipleiria.pt\/isd\/wp-json\/wp\/v2\/pages\/897\/revisions"}],"predecessor-version":[{"id":1002,"href":"https:\/\/sites.ipleiria.pt\/isd\/wp-json\/wp\/v2\/pages\/897\/revisions\/1002"}],"wp:attachment":[{"href":"https:\/\/sites.ipleiria.pt\/isd\/wp-json\/wp\/v2\/media?parent=897"}],"curies":[{"name":"wp","href":"https:\/\/api.w.org\/{rel}","templated":true}]}}