{"id":917,"date":"2019-10-18T12:22:25","date_gmt":"2019-10-18T12:22:25","guid":{"rendered":"http:\/\/sites.ipleiria.pt\/isd\/?page_id=917"},"modified":"2020-02-09T15:21:16","modified_gmt":"2020-02-09T15:21:16","slug":"a-palavra-liberta-no-estabelecimento-prisional-de-leiria","status":"publish","type":"page","link":"https:\/\/sites.ipleiria.pt\/isd\/a-palavra-liberta-no-estabelecimento-prisional-de-leiria\/","title":{"rendered":"\u201cA Palavra Liberta\u201d no Estabelecimento Prisional de Leiria"},"content":{"rendered":"\n<p>11 de outubro | Tanoaria do EPL &#8211; Estabelecimento Prisional de Leiria<\/p>\n\n\n\n<p>O 1\u00ba e 2\u00ba ano do TeSP ISD foram assistir ao projeto desenvolvido pelos <a href=\"https:\/\/vimeo.com\/casota\">Casota Collective<\/a> no encerramento do Ciclo de Resid\u00eancias Art\u00edsticas 3RPM Pavilh\u00e3o Mozart (<a href=\"http:\/\/www.samp.pt\/portal\/\">Samp<\/a>): Espet\u00e1culo Breve Document\u00e1rio &#8220;A PALAVRA LIBERTA&#8221; inserido no projeto Pavilh\u00e3o Mozart &#8211; \u00d3PERA NA PRIS\u00c3O<\/p>\n\n\n\n<ul class=\"wp-block-gallery columns-1 is-cropped wp-block-gallery-1 is-layout-flex wp-block-gallery-is-layout-flex\"><li class=\"blocks-gallery-item\"><figure><img loading=\"lazy\" decoding=\"async\" width=\"683\" height=\"456\" src=\"https:\/\/sites.ipleiria.pt\/isd\/files\/2019\/10\/1.jpg\" alt=\"\" data-id=\"918\" data-link=\"https:\/\/sites.ipleiria.pt\/isd\/?attachment_id=918\" class=\"wp-image-918\" srcset=\"https:\/\/sites.ipleiria.pt\/isd\/files\/2019\/10\/1.jpg 683w, https:\/\/sites.ipleiria.pt\/isd\/files\/2019\/10\/1-300x200.jpg 300w\" sizes=\"auto, (max-width: 683px) 85vw, 683px\" \/><figcaption><em>\u00a9 Ricardo Gra\u00e7a<\/em><\/figcaption><\/figure><\/li><li class=\"blocks-gallery-item\"><figure><img loading=\"lazy\" decoding=\"async\" width=\"683\" height=\"456\" src=\"https:\/\/sites.ipleiria.pt\/isd\/files\/2019\/10\/2.jpg\" alt=\"\" data-id=\"919\" data-link=\"https:\/\/sites.ipleiria.pt\/isd\/?attachment_id=919\" class=\"wp-image-919\" srcset=\"https:\/\/sites.ipleiria.pt\/isd\/files\/2019\/10\/2.jpg 683w, https:\/\/sites.ipleiria.pt\/isd\/files\/2019\/10\/2-300x200.jpg 300w\" sizes=\"auto, (max-width: 683px) 85vw, 683px\" \/><figcaption><em>\u00a9 Ricardo Gra\u00e7a<\/em><\/figcaption><\/figure><\/li><li class=\"blocks-gallery-item\"><figure><img loading=\"lazy\" decoding=\"async\" width=\"683\" height=\"456\" src=\"https:\/\/sites.ipleiria.pt\/isd\/files\/2019\/10\/3.jpg\" alt=\"\" data-id=\"920\" data-link=\"https:\/\/sites.ipleiria.pt\/isd\/?attachment_id=920\" class=\"wp-image-920\" srcset=\"https:\/\/sites.ipleiria.pt\/isd\/files\/2019\/10\/3.jpg 683w, https:\/\/sites.ipleiria.pt\/isd\/files\/2019\/10\/3-300x200.jpg 300w\" sizes=\"auto, (max-width: 683px) 85vw, 683px\" \/><figcaption>\u00a9 Ricardo Gra\u00e7a<\/figcaption><\/figure><\/li><\/ul>\n\n\n\n<p><a href=\"https:\/\/www.jornaldeleiria.pt\/noticia\/sai-deste-labirinto-inventei-uma-saida-10781?fbclid=IwAR3CG4PKELQ1lz8XYITRQRuJ-Nn3QDCCo_sxtNvQ0PDm6WtF3TLHalVMdLQ\">https:\/\/www.jornaldeleiria.pt\/noticia\/<\/a><\/p>\n","protected":false},"excerpt":{"rendered":"<p>11 de outubro | Tanoaria do EPL &#8211; Estabelecimento Prisional de Leiria O 1\u00ba e 2\u00ba ano do TeSP ISD foram assistir ao projeto desenvolvido pelos Casota Collective no encerramento do Ciclo de Resid\u00eancias Art\u00edsticas 3RPM Pavilh\u00e3o Mozart (Samp): Espet\u00e1culo Breve Document\u00e1rio &#8220;A PALAVRA LIBERTA&#8221; inserido no projeto Pavilh\u00e3o Mozart &#8211; \u00d3PERA NA PRIS\u00c3O https:\/\/www.jornaldeleiria.pt\/noticia\/<\/p>\n","protected":false},"author":2694,"featured_media":0,"parent":0,"menu_order":0,"comment_status":"closed","ping_status":"closed","template":"","meta":{"footnotes":""},"class_list":["post-917","page","type-page","status-publish","hentry"],"_links":{"self":[{"href":"https:\/\/sites.ipleiria.pt\/isd\/wp-json\/wp\/v2\/pages\/917","targetHints":{"allow":["GET"]}}],"collection":[{"href":"https:\/\/sites.ipleiria.pt\/isd\/wp-json\/wp\/v2\/pages"}],"about":[{"href":"https:\/\/sites.ipleiria.pt\/isd\/wp-json\/wp\/v2\/types\/page"}],"author":[{"embeddable":true,"href":"https:\/\/sites.ipleiria.pt\/isd\/wp-json\/wp\/v2\/users\/2694"}],"replies":[{"embeddable":true,"href":"https:\/\/sites.ipleiria.pt\/isd\/wp-json\/wp\/v2\/comments?post=917"}],"version-history":[{"count":5,"href":"https:\/\/sites.ipleiria.pt\/isd\/wp-json\/wp\/v2\/pages\/917\/revisions"}],"predecessor-version":[{"id":1005,"href":"https:\/\/sites.ipleiria.pt\/isd\/wp-json\/wp\/v2\/pages\/917\/revisions\/1005"}],"wp:attachment":[{"href":"https:\/\/sites.ipleiria.pt\/isd\/wp-json\/wp\/v2\/media?parent=917"}],"curies":[{"name":"wp","href":"https:\/\/api.w.org\/{rel}","templated":true}]}}