{"id":928,"date":"2019-12-09T14:38:33","date_gmt":"2019-12-09T14:38:33","guid":{"rendered":"http:\/\/sites.ipleiria.pt\/isd\/?page_id=928"},"modified":"2019-12-09T14:38:33","modified_gmt":"2019-12-09T14:38:33","slug":"aula-aberta-arte-publica-leiria","status":"publish","type":"page","link":"https:\/\/sites.ipleiria.pt\/isd\/aula-aberta-arte-publica-leiria\/","title":{"rendered":"Aula Aberta &#8211; Arte P\u00fablica Leiria"},"content":{"rendered":"\n<p>9 de dezembro 2019<\/p>\n\n\n\n<p>Com Ricardo Romero que partilhou o seu percurso profissional e, simultaneamente, art\u00edstico com a apresenta\u00e7\u00e3o dos projetos:<\/p>\n\n\n\n<p><a href=\"https:\/\/www.projectomatilha.com\/\">Projeto Matilha<\/a> | Future is Now &#8211; <a href=\"https:\/\/www.facebook.com\/ArtKidsFoundationKenya\/\">Art Kids Foundation<\/a> | <a href=\"http:\/\/www.artepublicaleiria.com\/\">Arte P\u00fablica Leiria<\/a><\/p>\n\n\n\n<ul class=\"wp-block-gallery columns-2 is-cropped wp-block-gallery-1 is-layout-flex wp-block-gallery-is-layout-flex\"><li class=\"blocks-gallery-item\"><figure><img loading=\"lazy\" decoding=\"async\" width=\"1024\" height=\"768\" src=\"https:\/\/sites.ipleiria.pt\/isd\/files\/2019\/12\/IMG_20191209_095859-1-1024x768.jpg\" alt=\"\" data-id=\"930\" data-link=\"https:\/\/sites.ipleiria.pt\/isd\/?attachment_id=930\" class=\"wp-image-930\" srcset=\"https:\/\/sites.ipleiria.pt\/isd\/files\/2019\/12\/IMG_20191209_095859-1-1024x768.jpg 1024w, https:\/\/sites.ipleiria.pt\/isd\/files\/2019\/12\/IMG_20191209_095859-1-300x225.jpg 300w, https:\/\/sites.ipleiria.pt\/isd\/files\/2019\/12\/IMG_20191209_095859-1-768x576.jpg 768w, https:\/\/sites.ipleiria.pt\/isd\/files\/2019\/12\/IMG_20191209_095859-1-1200x900.jpg 1200w\" sizes=\"auto, (max-width: 709px) 85vw, (max-width: 909px) 67vw, (max-width: 1362px) 62vw, 840px\" \/><\/figure><\/li><li class=\"blocks-gallery-item\"><figure><img loading=\"lazy\" decoding=\"async\" width=\"1024\" height=\"768\" src=\"https:\/\/sites.ipleiria.pt\/isd\/files\/2019\/12\/IMG_20191209_095932-1024x768.jpg\" alt=\"\" data-id=\"931\" data-link=\"https:\/\/sites.ipleiria.pt\/isd\/?attachment_id=931\" class=\"wp-image-931\" srcset=\"https:\/\/sites.ipleiria.pt\/isd\/files\/2019\/12\/IMG_20191209_095932-1024x768.jpg 1024w, https:\/\/sites.ipleiria.pt\/isd\/files\/2019\/12\/IMG_20191209_095932-300x225.jpg 300w, https:\/\/sites.ipleiria.pt\/isd\/files\/2019\/12\/IMG_20191209_095932-768x576.jpg 768w, https:\/\/sites.ipleiria.pt\/isd\/files\/2019\/12\/IMG_20191209_095932-1200x900.jpg 1200w\" sizes=\"auto, (max-width: 709px) 85vw, (max-width: 909px) 67vw, (max-width: 1362px) 62vw, 840px\" \/><\/figure><\/li><li class=\"blocks-gallery-item\"><figure><img loading=\"lazy\" decoding=\"async\" width=\"1024\" height=\"768\" src=\"https:\/\/sites.ipleiria.pt\/isd\/files\/2019\/12\/IMG_20191209_104242-1024x768.jpg\" alt=\"\" data-id=\"932\" data-link=\"https:\/\/sites.ipleiria.pt\/isd\/?attachment_id=932\" class=\"wp-image-932\" srcset=\"https:\/\/sites.ipleiria.pt\/isd\/files\/2019\/12\/IMG_20191209_104242-1024x768.jpg 1024w, https:\/\/sites.ipleiria.pt\/isd\/files\/2019\/12\/IMG_20191209_104242-300x225.jpg 300w, https:\/\/sites.ipleiria.pt\/isd\/files\/2019\/12\/IMG_20191209_104242-768x576.jpg 768w, https:\/\/sites.ipleiria.pt\/isd\/files\/2019\/12\/IMG_20191209_104242-1200x900.jpg 1200w\" sizes=\"auto, (max-width: 709px) 85vw, (max-width: 909px) 67vw, (max-width: 1362px) 62vw, 840px\" \/><\/figure><\/li><li class=\"blocks-gallery-item\"><figure><img loading=\"lazy\" decoding=\"async\" width=\"1024\" height=\"768\" src=\"https:\/\/sites.ipleiria.pt\/isd\/files\/2019\/12\/IMG_20191209_140941-1024x768.jpg\" alt=\"\" data-id=\"933\" data-link=\"https:\/\/sites.ipleiria.pt\/isd\/?attachment_id=933\" class=\"wp-image-933\" srcset=\"https:\/\/sites.ipleiria.pt\/isd\/files\/2019\/12\/IMG_20191209_140941-1024x768.jpg 1024w, https:\/\/sites.ipleiria.pt\/isd\/files\/2019\/12\/IMG_20191209_140941-300x225.jpg 300w, https:\/\/sites.ipleiria.pt\/isd\/files\/2019\/12\/IMG_20191209_140941-768x576.jpg 768w, https:\/\/sites.ipleiria.pt\/isd\/files\/2019\/12\/IMG_20191209_140941-1200x900.jpg 1200w\" sizes=\"auto, (max-width: 709px) 85vw, (max-width: 909px) 67vw, (max-width: 1362px) 62vw, 840px\" \/><\/figure><\/li><li class=\"blocks-gallery-item\"><figure><img loading=\"lazy\" decoding=\"async\" width=\"1024\" height=\"768\" src=\"https:\/\/sites.ipleiria.pt\/isd\/files\/2019\/12\/IMG_20191209_141219-1024x768.jpg\" alt=\"\" data-id=\"934\" data-link=\"https:\/\/sites.ipleiria.pt\/isd\/?attachment_id=934\" class=\"wp-image-934\" srcset=\"https:\/\/sites.ipleiria.pt\/isd\/files\/2019\/12\/IMG_20191209_141219-1024x768.jpg 1024w, https:\/\/sites.ipleiria.pt\/isd\/files\/2019\/12\/IMG_20191209_141219-300x225.jpg 300w, https:\/\/sites.ipleiria.pt\/isd\/files\/2019\/12\/IMG_20191209_141219-768x576.jpg 768w, https:\/\/sites.ipleiria.pt\/isd\/files\/2019\/12\/IMG_20191209_141219-1200x900.jpg 1200w\" sizes=\"auto, (max-width: 709px) 85vw, (max-width: 909px) 67vw, (max-width: 1362px) 62vw, 840px\" \/><\/figure><\/li><\/ul>\n","protected":false},"excerpt":{"rendered":"<p>9 de dezembro 2019 Com Ricardo Romero que partilhou o seu percurso profissional e, simultaneamente, art\u00edstico com a apresenta\u00e7\u00e3o dos projetos: Projeto Matilha | Future is Now &#8211; Art Kids Foundation | Arte P\u00fablica Leiria<\/p>\n","protected":false},"author":2694,"featured_media":0,"parent":0,"menu_order":0,"comment_status":"closed","ping_status":"closed","template":"","meta":{"footnotes":""},"class_list":["post-928","page","type-page","status-publish","hentry"],"_links":{"self":[{"href":"https:\/\/sites.ipleiria.pt\/isd\/wp-json\/wp\/v2\/pages\/928","targetHints":{"allow":["GET"]}}],"collection":[{"href":"https:\/\/sites.ipleiria.pt\/isd\/wp-json\/wp\/v2\/pages"}],"about":[{"href":"https:\/\/sites.ipleiria.pt\/isd\/wp-json\/wp\/v2\/types\/page"}],"author":[{"embeddable":true,"href":"https:\/\/sites.ipleiria.pt\/isd\/wp-json\/wp\/v2\/users\/2694"}],"replies":[{"embeddable":true,"href":"https:\/\/sites.ipleiria.pt\/isd\/wp-json\/wp\/v2\/comments?post=928"}],"version-history":[{"count":1,"href":"https:\/\/sites.ipleiria.pt\/isd\/wp-json\/wp\/v2\/pages\/928\/revisions"}],"predecessor-version":[{"id":938,"href":"https:\/\/sites.ipleiria.pt\/isd\/wp-json\/wp\/v2\/pages\/928\/revisions\/938"}],"wp:attachment":[{"href":"https:\/\/sites.ipleiria.pt\/isd\/wp-json\/wp\/v2\/media?parent=928"}],"curies":[{"name":"wp","href":"https:\/\/api.w.org\/{rel}","templated":true}]}}