{"id":950,"date":"2019-12-09T16:09:51","date_gmt":"2019-12-09T16:09:51","guid":{"rendered":"http:\/\/sites.ipleiria.pt\/isd\/?page_id=950"},"modified":"2019-12-10T18:37:24","modified_gmt":"2019-12-10T18:37:24","slug":"intervencoes-em-instituicoes-3","status":"publish","type":"page","link":"https:\/\/sites.ipleiria.pt\/isd\/intervencoes-em-instituicoes-3\/","title":{"rendered":"Interven\u00e7\u00f5es em Institui\u00e7\u00f5es"},"content":{"rendered":"\n<figure class=\"wp-block-image is-resized\"><img loading=\"lazy\" decoding=\"async\" src=\"https:\/\/sites.ipleiria.pt\/isd\/files\/2019\/12\/Color_B@2x_Vetor-Redes-1200x661-1024x564.png\" alt=\"\" class=\"wp-image-951\" width=\"304\" height=\"167\" srcset=\"https:\/\/sites.ipleiria.pt\/isd\/files\/2019\/12\/Color_B@2x_Vetor-Redes-1200x661-1024x564.png 1024w, https:\/\/sites.ipleiria.pt\/isd\/files\/2019\/12\/Color_B@2x_Vetor-Redes-1200x661-300x165.png 300w, https:\/\/sites.ipleiria.pt\/isd\/files\/2019\/12\/Color_B@2x_Vetor-Redes-1200x661-768x423.png 768w, https:\/\/sites.ipleiria.pt\/isd\/files\/2019\/12\/Color_B@2x_Vetor-Redes-1200x661.png 1200w\" sizes=\"auto, (max-width: 304px) 85vw, 304px\" \/><figcaption>Redes na Quinta &#8211; InPulsar<\/figcaption><\/figure>\n\n\n\n<figure class=\"wp-block-image is-resized\"><img loading=\"lazy\" decoding=\"async\" src=\"https:\/\/sites.ipleiria.pt\/isd\/files\/2019\/12\/unnamed.jpg\" alt=\"\" class=\"wp-image-952\" width=\"286\" height=\"286\" srcset=\"https:\/\/sites.ipleiria.pt\/isd\/files\/2019\/12\/unnamed.jpg 900w, https:\/\/sites.ipleiria.pt\/isd\/files\/2019\/12\/unnamed-150x150.jpg 150w, https:\/\/sites.ipleiria.pt\/isd\/files\/2019\/12\/unnamed-300x300.jpg 300w, https:\/\/sites.ipleiria.pt\/isd\/files\/2019\/12\/unnamed-768x768.jpg 768w\" sizes=\"auto, (max-width: 286px) 85vw, 286px\" \/><figcaption>EB 2, 3 D. Dinis<\/figcaption><\/figure>\n\n\n\n<figure class=\"wp-block-image\"><img loading=\"lazy\" decoding=\"async\" width=\"1024\" height=\"259\" src=\"https:\/\/sites.ipleiria.pt\/isd\/files\/2019\/12\/Captura-de-ecra\u0303-2019-12-9-a\u0300s-16.07.33-1024x259.png\" alt=\"\" class=\"wp-image-953\" srcset=\"https:\/\/sites.ipleiria.pt\/isd\/files\/2019\/12\/Captura-de-ecra\u0303-2019-12-9-a\u0300s-16.07.33-1024x259.png 1024w, https:\/\/sites.ipleiria.pt\/isd\/files\/2019\/12\/Captura-de-ecra\u0303-2019-12-9-a\u0300s-16.07.33-300x76.png 300w, https:\/\/sites.ipleiria.pt\/isd\/files\/2019\/12\/Captura-de-ecra\u0303-2019-12-9-a\u0300s-16.07.33-768x195.png 768w, https:\/\/sites.ipleiria.pt\/isd\/files\/2019\/12\/Captura-de-ecra\u0303-2019-12-9-a\u0300s-16.07.33.png 1192w\" sizes=\"auto, (max-width: 709px) 85vw, (max-width: 909px) 67vw, (max-width: 1362px) 62vw, 840px\" \/><figcaption>1\u00ba ano TeSP Interven\u00e7\u00e3o Sociocultural e Desportiva<\/figcaption><\/figure>\n\n\n\n<p><\/p>\n\n\n\n<figure class=\"wp-block-image\"><img loading=\"lazy\" decoding=\"async\" width=\"227\" height=\"222\" src=\"https:\/\/sites.ipleiria.pt\/isd\/files\/2019\/12\/transferir.jpeg\" alt=\"\" class=\"wp-image-977\" \/><figcaption>Creche, Jardim de Inf\u00e2ncia, CATL &#8220;O Ninho&#8221; &#8211;  <a href=\"http:\/\/www.csppvi.pt\/\">Centro Social Paroquial Paulo VI<\/a><\/figcaption><\/figure>\n\n\n\n<p><\/p>\n","protected":false},"excerpt":{"rendered":"","protected":false},"author":2694,"featured_media":0,"parent":0,"menu_order":0,"comment_status":"closed","ping_status":"closed","template":"","meta":{"footnotes":""},"class_list":["post-950","page","type-page","status-publish","hentry"],"_links":{"self":[{"href":"https:\/\/sites.ipleiria.pt\/isd\/wp-json\/wp\/v2\/pages\/950","targetHints":{"allow":["GET"]}}],"collection":[{"href":"https:\/\/sites.ipleiria.pt\/isd\/wp-json\/wp\/v2\/pages"}],"about":[{"href":"https:\/\/sites.ipleiria.pt\/isd\/wp-json\/wp\/v2\/types\/page"}],"author":[{"embeddable":true,"href":"https:\/\/sites.ipleiria.pt\/isd\/wp-json\/wp\/v2\/users\/2694"}],"replies":[{"embeddable":true,"href":"https:\/\/sites.ipleiria.pt\/isd\/wp-json\/wp\/v2\/comments?post=950"}],"version-history":[{"count":3,"href":"https:\/\/sites.ipleiria.pt\/isd\/wp-json\/wp\/v2\/pages\/950\/revisions"}],"predecessor-version":[{"id":978,"href":"https:\/\/sites.ipleiria.pt\/isd\/wp-json\/wp\/v2\/pages\/950\/revisions\/978"}],"wp:attachment":[{"href":"https:\/\/sites.ipleiria.pt\/isd\/wp-json\/wp\/v2\/media?parent=950"}],"curies":[{"name":"wp","href":"https:\/\/api.w.org\/{rel}","templated":true}]}}