{"id":959,"date":"2019-12-09T16:16:19","date_gmt":"2019-12-09T16:16:19","guid":{"rendered":"http:\/\/sites.ipleiria.pt\/isd\/?page_id=959"},"modified":"2019-12-09T16:16:19","modified_gmt":"2019-12-09T16:16:19","slug":"seminario-a-palavra-liberta-intervencao-em-meio-prisional","status":"publish","type":"page","link":"https:\/\/sites.ipleiria.pt\/isd\/seminario-a-palavra-liberta-intervencao-em-meio-prisional\/","title":{"rendered":"Semin\u00e1rio &#8220;A Palavra Liberta&#8221; &#8211; Interven\u00e7\u00e3o em Meio Prisional"},"content":{"rendered":"\n<p>Com <a href=\"https:\/\/vimeo.com\/casota\">Casota Collective<\/a> e David Ramy &#8211; <a href=\"http:\/\/www.samp.pt\/portal\/\">SAMP<\/a><\/p>\n\n\n\n<figure class=\"wp-block-image\"><img loading=\"lazy\" decoding=\"async\" width=\"724\" height=\"1024\" src=\"https:\/\/sites.ipleiria.pt\/isd\/files\/2019\/12\/Cartazweb_A_Palavra_Liberta-724x1024.jpg\" alt=\"\" class=\"wp-image-960\" srcset=\"https:\/\/sites.ipleiria.pt\/isd\/files\/2019\/12\/Cartazweb_A_Palavra_Liberta-724x1024.jpg 724w, https:\/\/sites.ipleiria.pt\/isd\/files\/2019\/12\/Cartazweb_A_Palavra_Liberta-212x300.jpg 212w, https:\/\/sites.ipleiria.pt\/isd\/files\/2019\/12\/Cartazweb_A_Palavra_Liberta-768x1086.jpg 768w, https:\/\/sites.ipleiria.pt\/isd\/files\/2019\/12\/Cartazweb_A_Palavra_Liberta.jpg 842w\" sizes=\"auto, (max-width: 724px) 85vw, 724px\" \/><\/figure>\n\n\n\n<ul class=\"wp-block-gallery columns-2 is-cropped wp-block-gallery-1 is-layout-flex wp-block-gallery-is-layout-flex\"><li class=\"blocks-gallery-item\"><figure><img loading=\"lazy\" decoding=\"async\" width=\"1024\" height=\"679\" src=\"https:\/\/sites.ipleiria.pt\/isd\/files\/2019\/12\/DSC_0002-1024x679.jpg\" alt=\"\" data-id=\"961\" data-link=\"https:\/\/sites.ipleiria.pt\/isd\/?attachment_id=961\" class=\"wp-image-961\" srcset=\"https:\/\/sites.ipleiria.pt\/isd\/files\/2019\/12\/DSC_0002-1024x679.jpg 1024w, https:\/\/sites.ipleiria.pt\/isd\/files\/2019\/12\/DSC_0002-300x199.jpg 300w, https:\/\/sites.ipleiria.pt\/isd\/files\/2019\/12\/DSC_0002-768x509.jpg 768w, https:\/\/sites.ipleiria.pt\/isd\/files\/2019\/12\/DSC_0002-1200x796.jpg 1200w\" sizes=\"auto, (max-width: 709px) 85vw, (max-width: 909px) 67vw, (max-width: 1362px) 62vw, 840px\" \/><\/figure><\/li><li class=\"blocks-gallery-item\"><figure><img loading=\"lazy\" decoding=\"async\" width=\"1024\" height=\"680\" src=\"https:\/\/sites.ipleiria.pt\/isd\/files\/2019\/12\/DSC_0007-1024x680.jpg\" alt=\"\" data-id=\"962\" data-link=\"https:\/\/sites.ipleiria.pt\/isd\/?attachment_id=962\" class=\"wp-image-962\" srcset=\"https:\/\/sites.ipleiria.pt\/isd\/files\/2019\/12\/DSC_0007-1024x680.jpg 1024w, https:\/\/sites.ipleiria.pt\/isd\/files\/2019\/12\/DSC_0007-300x199.jpg 300w, https:\/\/sites.ipleiria.pt\/isd\/files\/2019\/12\/DSC_0007-768x510.jpg 768w, https:\/\/sites.ipleiria.pt\/isd\/files\/2019\/12\/DSC_0007-1200x797.jpg 1200w\" sizes=\"auto, (max-width: 709px) 85vw, (max-width: 909px) 67vw, (max-width: 1362px) 62vw, 840px\" \/><\/figure><\/li><li class=\"blocks-gallery-item\"><figure><img loading=\"lazy\" decoding=\"async\" width=\"1024\" height=\"680\" src=\"https:\/\/sites.ipleiria.pt\/isd\/files\/2019\/12\/DSC_0009-1024x680.jpg\" alt=\"\" data-id=\"963\" data-link=\"https:\/\/sites.ipleiria.pt\/isd\/?attachment_id=963\" class=\"wp-image-963\" srcset=\"https:\/\/sites.ipleiria.pt\/isd\/files\/2019\/12\/DSC_0009-1024x680.jpg 1024w, https:\/\/sites.ipleiria.pt\/isd\/files\/2019\/12\/DSC_0009-300x199.jpg 300w, https:\/\/sites.ipleiria.pt\/isd\/files\/2019\/12\/DSC_0009-768x510.jpg 768w, https:\/\/sites.ipleiria.pt\/isd\/files\/2019\/12\/DSC_0009-1200x797.jpg 1200w\" sizes=\"auto, (max-width: 709px) 85vw, (max-width: 909px) 67vw, (max-width: 1362px) 62vw, 840px\" \/><\/figure><\/li><li class=\"blocks-gallery-item\"><figure><img loading=\"lazy\" decoding=\"async\" width=\"1024\" height=\"680\" src=\"https:\/\/sites.ipleiria.pt\/isd\/files\/2019\/12\/DSC_0010-1024x680.jpg\" alt=\"\" data-id=\"964\" data-link=\"https:\/\/sites.ipleiria.pt\/isd\/?attachment_id=964\" class=\"wp-image-964\" srcset=\"https:\/\/sites.ipleiria.pt\/isd\/files\/2019\/12\/DSC_0010-1024x680.jpg 1024w, https:\/\/sites.ipleiria.pt\/isd\/files\/2019\/12\/DSC_0010-300x199.jpg 300w, https:\/\/sites.ipleiria.pt\/isd\/files\/2019\/12\/DSC_0010-768x510.jpg 768w, https:\/\/sites.ipleiria.pt\/isd\/files\/2019\/12\/DSC_0010-1200x797.jpg 1200w\" sizes=\"auto, (max-width: 709px) 85vw, (max-width: 909px) 67vw, (max-width: 1362px) 62vw, 840px\" \/><\/figure><\/li><li class=\"blocks-gallery-item\"><figure><img loading=\"lazy\" decoding=\"async\" width=\"1024\" height=\"680\" src=\"https:\/\/sites.ipleiria.pt\/isd\/files\/2019\/12\/DSC_0011-1024x680.jpg\" alt=\"\" data-id=\"965\" data-link=\"https:\/\/sites.ipleiria.pt\/isd\/?attachment_id=965\" class=\"wp-image-965\" srcset=\"https:\/\/sites.ipleiria.pt\/isd\/files\/2019\/12\/DSC_0011-1024x680.jpg 1024w, https:\/\/sites.ipleiria.pt\/isd\/files\/2019\/12\/DSC_0011-300x199.jpg 300w, https:\/\/sites.ipleiria.pt\/isd\/files\/2019\/12\/DSC_0011-768x510.jpg 768w, https:\/\/sites.ipleiria.pt\/isd\/files\/2019\/12\/DSC_0011-1200x797.jpg 1200w\" sizes=\"auto, (max-width: 709px) 85vw, (max-width: 909px) 67vw, (max-width: 1362px) 62vw, 840px\" \/><\/figure><\/li><li class=\"blocks-gallery-item\"><figure><img loading=\"lazy\" decoding=\"async\" width=\"1024\" height=\"680\" src=\"https:\/\/sites.ipleiria.pt\/isd\/files\/2019\/12\/DSC_0012-1024x680.jpg\" alt=\"\" data-id=\"966\" data-link=\"https:\/\/sites.ipleiria.pt\/isd\/?attachment_id=966\" class=\"wp-image-966\" srcset=\"https:\/\/sites.ipleiria.pt\/isd\/files\/2019\/12\/DSC_0012-1024x680.jpg 1024w, https:\/\/sites.ipleiria.pt\/isd\/files\/2019\/12\/DSC_0012-300x199.jpg 300w, https:\/\/sites.ipleiria.pt\/isd\/files\/2019\/12\/DSC_0012-768x510.jpg 768w, https:\/\/sites.ipleiria.pt\/isd\/files\/2019\/12\/DSC_0012-1200x797.jpg 1200w\" sizes=\"auto, (max-width: 709px) 85vw, (max-width: 909px) 67vw, (max-width: 1362px) 62vw, 840px\" \/><\/figure><\/li><li class=\"blocks-gallery-item\"><figure><img loading=\"lazy\" decoding=\"async\" width=\"1024\" height=\"680\" src=\"https:\/\/sites.ipleiria.pt\/isd\/files\/2019\/12\/DSC_0015-1024x680.jpg\" alt=\"\" data-id=\"967\" data-link=\"https:\/\/sites.ipleiria.pt\/isd\/?attachment_id=967\" class=\"wp-image-967\" srcset=\"https:\/\/sites.ipleiria.pt\/isd\/files\/2019\/12\/DSC_0015-1024x680.jpg 1024w, https:\/\/sites.ipleiria.pt\/isd\/files\/2019\/12\/DSC_0015-300x199.jpg 300w, https:\/\/sites.ipleiria.pt\/isd\/files\/2019\/12\/DSC_0015-768x510.jpg 768w, https:\/\/sites.ipleiria.pt\/isd\/files\/2019\/12\/DSC_0015-1200x797.jpg 1200w\" sizes=\"auto, (max-width: 709px) 85vw, (max-width: 909px) 67vw, (max-width: 1362px) 62vw, 840px\" \/><\/figure><\/li><li class=\"blocks-gallery-item\"><figure><img loading=\"lazy\" decoding=\"async\" width=\"1024\" height=\"680\" src=\"https:\/\/sites.ipleiria.pt\/isd\/files\/2019\/12\/DSC_0016-1024x680.jpg\" alt=\"\" data-id=\"968\" data-link=\"https:\/\/sites.ipleiria.pt\/isd\/?attachment_id=968\" class=\"wp-image-968\" srcset=\"https:\/\/sites.ipleiria.pt\/isd\/files\/2019\/12\/DSC_0016-1024x680.jpg 1024w, https:\/\/sites.ipleiria.pt\/isd\/files\/2019\/12\/DSC_0016-300x199.jpg 300w, https:\/\/sites.ipleiria.pt\/isd\/files\/2019\/12\/DSC_0016-768x510.jpg 768w, https:\/\/sites.ipleiria.pt\/isd\/files\/2019\/12\/DSC_0016-1200x797.jpg 1200w\" sizes=\"auto, (max-width: 709px) 85vw, (max-width: 909px) 67vw, (max-width: 1362px) 62vw, 840px\" \/><\/figure><\/li><li class=\"blocks-gallery-item\"><figure><img loading=\"lazy\" decoding=\"async\" width=\"1024\" height=\"680\" src=\"https:\/\/sites.ipleiria.pt\/isd\/files\/2019\/12\/DSC_0020-1024x680.jpg\" alt=\"\" data-id=\"969\" data-link=\"https:\/\/sites.ipleiria.pt\/isd\/?attachment_id=969\" class=\"wp-image-969\" srcset=\"https:\/\/sites.ipleiria.pt\/isd\/files\/2019\/12\/DSC_0020-1024x680.jpg 1024w, https:\/\/sites.ipleiria.pt\/isd\/files\/2019\/12\/DSC_0020-300x199.jpg 300w, https:\/\/sites.ipleiria.pt\/isd\/files\/2019\/12\/DSC_0020-768x510.jpg 768w, https:\/\/sites.ipleiria.pt\/isd\/files\/2019\/12\/DSC_0020-1200x797.jpg 1200w\" sizes=\"auto, (max-width: 709px) 85vw, (max-width: 909px) 67vw, (max-width: 1362px) 62vw, 840px\" \/><\/figure><\/li><\/ul>\n","protected":false},"excerpt":{"rendered":"<p>Com Casota Collective e David Ramy &#8211; SAMP<\/p>\n","protected":false},"author":2694,"featured_media":0,"parent":0,"menu_order":0,"comment_status":"closed","ping_status":"closed","template":"","meta":{"footnotes":""},"class_list":["post-959","page","type-page","status-publish","hentry"],"_links":{"self":[{"href":"https:\/\/sites.ipleiria.pt\/isd\/wp-json\/wp\/v2\/pages\/959","targetHints":{"allow":["GET"]}}],"collection":[{"href":"https:\/\/sites.ipleiria.pt\/isd\/wp-json\/wp\/v2\/pages"}],"about":[{"href":"https:\/\/sites.ipleiria.pt\/isd\/wp-json\/wp\/v2\/types\/page"}],"author":[{"embeddable":true,"href":"https:\/\/sites.ipleiria.pt\/isd\/wp-json\/wp\/v2\/users\/2694"}],"replies":[{"embeddable":true,"href":"https:\/\/sites.ipleiria.pt\/isd\/wp-json\/wp\/v2\/comments?post=959"}],"version-history":[{"count":1,"href":"https:\/\/sites.ipleiria.pt\/isd\/wp-json\/wp\/v2\/pages\/959\/revisions"}],"predecessor-version":[{"id":973,"href":"https:\/\/sites.ipleiria.pt\/isd\/wp-json\/wp\/v2\/pages\/959\/revisions\/973"}],"wp:attachment":[{"href":"https:\/\/sites.ipleiria.pt\/isd\/wp-json\/wp\/v2\/media?parent=959"}],"curies":[{"name":"wp","href":"https:\/\/api.w.org\/{rel}","templated":true}]}}