{"id":13,"date":"2021-02-06T00:51:12","date_gmt":"2021-02-06T00:51:12","guid":{"rendered":"http:\/\/sites.ipleiria.pt\/jornadas-edu-ci\/?page_id=13"},"modified":"2025-03-18T10:15:11","modified_gmt":"2025-03-18T10:15:11","slug":"objetivos","status":"publish","type":"page","link":"https:\/\/sites.ipleiria.pt\/jornadaseduci\/objetivos\/","title":{"rendered":"Objetivos"},"content":{"rendered":"\n<p>&#8211; Refletir sobre a relev\u00e2ncia da presta\u00e7\u00e3o de cuidados nas sociedades contempor\u00e2neas e sobre os valores que est\u00e3o subjacentes \u00e0 assun\u00e7\u00e3o de responsabilidades neste dom\u00ednio.<\/p>\n\n\n\n<p>&#8211; Analisar a import\u00e2ncia da educa\u00e7\u00e3o, em diferentes etapas do ciclo vital, para fomentar a constru\u00e7\u00e3o de valores e de compet\u00eancias para cuidar, bem como na constru\u00e7\u00e3o da cidadania e de consci\u00eancia c\u00edvica;<\/p>\n\n\n\n<p>&#8211; Compreender e construir pontes para a perce\u00e7\u00e3o que as diferentes gera\u00e7\u00f5es t\u00eam sobre a presta\u00e7\u00e3o de cuidados;<\/p>\n\n\n\n<p>&#8211; Apresentar e discutir projetos que promovam a educa\u00e7\u00e3o e a capacita\u00e7\u00e3o dos cuidadores (presentes e futuros) e que permitam potenciar o processo de presta\u00e7\u00e3o de cuidados;<\/p>\n\n\n\n<p>&#8211; Envolver diversas gera\u00e7\u00f5es na discuss\u00e3o e na partilha de opini\u00f5es e de experi\u00eancias sobre os temas em an\u00e1lise.<\/p>\n","protected":false},"excerpt":{"rendered":"<p>&#8211; Refletir sobre a relev\u00e2ncia da presta\u00e7\u00e3o de cuidados nas sociedades contempor\u00e2neas e sobre os valores que est\u00e3o subjacentes \u00e0 assun\u00e7\u00e3o de responsabilidades neste dom\u00ednio. &#8211; Analisar a import\u00e2ncia da educa\u00e7\u00e3o, em diferentes etapas do ciclo vital, para fomentar a&hellip;  <\/p>\n<p class=\"more-link\"><a href=\"https:\/\/sites.ipleiria.pt\/jornadaseduci\/objetivos\/\">Continue reading <span class=\"meta-nav\">&rarr;<\/span><\/a><\/p>\n","protected":false},"author":102,"featured_media":0,"parent":0,"menu_order":0,"comment_status":"closed","ping_status":"closed","template":"","meta":{"footnotes":""},"class_list":["post-13","page","type-page","status-publish","hentry"],"_links":{"self":[{"href":"https:\/\/sites.ipleiria.pt\/jornadaseduci\/wp-json\/wp\/v2\/pages\/13","targetHints":{"allow":["GET"]}}],"collection":[{"href":"https:\/\/sites.ipleiria.pt\/jornadaseduci\/wp-json\/wp\/v2\/pages"}],"about":[{"href":"https:\/\/sites.ipleiria.pt\/jornadaseduci\/wp-json\/wp\/v2\/types\/page"}],"author":[{"embeddable":true,"href":"https:\/\/sites.ipleiria.pt\/jornadaseduci\/wp-json\/wp\/v2\/users\/102"}],"replies":[{"embeddable":true,"href":"https:\/\/sites.ipleiria.pt\/jornadaseduci\/wp-json\/wp\/v2\/comments?post=13"}],"version-history":[{"count":4,"href":"https:\/\/sites.ipleiria.pt\/jornadaseduci\/wp-json\/wp\/v2\/pages\/13\/revisions"}],"predecessor-version":[{"id":318,"href":"https:\/\/sites.ipleiria.pt\/jornadaseduci\/wp-json\/wp\/v2\/pages\/13\/revisions\/318"}],"wp:attachment":[{"href":"https:\/\/sites.ipleiria.pt\/jornadaseduci\/wp-json\/wp\/v2\/media?parent=13"}],"curies":[{"name":"wp","href":"https:\/\/api.w.org\/{rel}","templated":true}]}}