{"id":15,"date":"2021-02-06T00:51:30","date_gmt":"2021-02-06T00:51:30","guid":{"rendered":"http:\/\/sites.ipleiria.pt\/jornadas-edu-ci\/?page_id=15"},"modified":"2025-04-03T16:23:34","modified_gmt":"2025-04-03T16:23:34","slug":"programa-provisorio","status":"publish","type":"page","link":"https:\/\/sites.ipleiria.pt\/jornadaseduci\/programa-provisorio\/","title":{"rendered":"Programa"},"content":{"rendered":"\n<p><strong>9:30 &#8211; Sess\u00e3o de abertura<\/strong><\/p>\n\n\n\n<p><strong>10:00 &#8211; 1\u00ba painel &#8211; <strong>Cuidar: valores e significados<\/strong><\/strong><\/p>\n\n\n\n<p>Moderadora: Cezarina Maur\u00edcio (Prof. na ESECS-IPLeiria)<\/p>\n\n\n\n<ul class=\"wp-block-list\">\n<li>Ana Querido (Prof. na ESSLei-IPLeiria) &#8211; &#8220;Cuidar com Sentido e o Sentido do Cuidar\u201d.<\/li>\n<\/ul>\n\n\n\n<ul class=\"wp-block-list\">\n<li>Ana Paula Gil (Prof. na Universidade Nova de Lisboa) &#8211; &#8220;Quem Cuidar\u00e1 de Mim? Problem\u00e1ticas em torno dos cuidados (in)formais&#8221;<\/li>\n\n\n\n<li>Marta Pinto (CEO da empresa One Care) &#8211; &#8220;Cuidar com Mais Tempo e Qualidade: O Poder da Intelig\u00eancia Artificial<\/li>\n<\/ul>\n\n\n\n<p><strong>11:15 \u2013 Debate<\/strong><\/p>\n\n\n\n<p><strong>11:30 &#8211; O que significa cuidar?<\/strong> Perce\u00e7\u00f5es de estudantes do IPLeiria.<\/p>\n\n\n\n<p><strong>12:30 \u2013 pausa para almo\u00e7o<\/strong><\/p>\n\n\n\n<p><strong>14:00 &#8211; Momento Cultural<\/strong> <\/p>\n\n\n\n<p><strong>14:15 &#8211; 2\u00ba painel &#8211; <strong>Educar em todas as idades<\/strong><\/strong><\/p>\n\n\n\n<p>Moderador: Rui Leal (Prof. na ESAD.CR-IPLeiria)   <\/p>\n\n\n\n<ul class=\"wp-block-list\">\n<li>Marlene Rosa (Prof. na ESSLei-IPLeiria) &#8211; &#8220;C\u00f3rtex School Bag &#8211; o idadismo e a compaix\u00e3o nas escolas&#8221;<\/li>\n<\/ul>\n\n\n\n<ul class=\"wp-block-list\">\n<li>Carlos Sequeira (Prof.<strong> <\/strong>na Escola Superior de Enfermagem do Porto) &#8211; &#8220;Literacia, sa\u00fade mental e cuidadores&#8221;<\/li>\n<\/ul>\n\n\n\n<ul class=\"wp-block-list\">\n<li>Lu\u00edsa Pimentel e Cezarina Maur\u00edcio (Prof. na ESECS- IPLeiria) &#8211; &#8220;Educar para os cuidados: desafios na forma\u00e7\u00e3o de futuros interventores sociais&#8221; <\/li>\n<\/ul>\n\n\n\n<p><strong>15:15 \u2013 Debate<\/strong><\/p>\n\n\n\n<p><strong>15:30 \u2013 Intervalo <\/strong><\/p>\n\n\n\n<p><strong>15:45 \u2013 3\u00aa Painel \u2013 capacitar e cuidar dos cuidadores<\/strong><\/p>\n\n\n\n<p>Moderadora: Ana Lu\u00edsa Pires (Prof. na ESTM-IPLeiria) <\/p>\n\n\n\n<ul class=\"wp-block-list\">\n<li>Jaime Ribeiro (Prof. na ESSLei-IPLeiria) &#8211; Capacitar os cuidadores formais &nbsp;&#8211; projeto de inova\u00e7\u00e3o pedag\u00f3gica <\/li>\n<\/ul>\n\n\n\n<ul class=\"wp-block-list\">\n<li>Paula Guimar\u00e3es (Jurista e empreendedora nos dom\u00ednios da gerontologia e da responsabilidade social) e Mafalda Roriz de Oliveira (C\u00e2mara Municipal da Maia) &#8211; Capacitar os cuidadores informais<\/li>\n<\/ul>\n\n\n\n<p><strong>16:30 \u2013 Debate<\/strong><\/p>\n\n\n\n<p><strong>16:45 &#8211; Apresenta\u00e7\u00e3o de testemunhos de cuidadores<\/strong><\/p>\n\n\n\n<p><strong>17:00 &#8211; Sess\u00e3o de encerramento<\/strong><\/p>\n\n\n\n<p><\/p>\n","protected":false},"excerpt":{"rendered":"<p>9:30 &#8211; Sess\u00e3o de abertura 10:00 &#8211; 1\u00ba painel &#8211; Cuidar: valores e significados Moderadora: Cezarina Maur\u00edcio (Prof. na ESECS-IPLeiria) 11:15 \u2013 Debate 11:30 &#8211; O que significa cuidar? Perce\u00e7\u00f5es de estudantes do IPLeiria. 12:30 \u2013 pausa para almo\u00e7o 14:00&hellip;  <\/p>\n<p class=\"more-link\"><a href=\"https:\/\/sites.ipleiria.pt\/jornadaseduci\/programa-provisorio\/\">Continue reading <span class=\"meta-nav\">&rarr;<\/span><\/a><\/p>\n","protected":false},"author":102,"featured_media":0,"parent":0,"menu_order":0,"comment_status":"closed","ping_status":"closed","template":"","meta":{"footnotes":""},"class_list":["post-15","page","type-page","status-publish","hentry"],"_links":{"self":[{"href":"https:\/\/sites.ipleiria.pt\/jornadaseduci\/wp-json\/wp\/v2\/pages\/15","targetHints":{"allow":["GET"]}}],"collection":[{"href":"https:\/\/sites.ipleiria.pt\/jornadaseduci\/wp-json\/wp\/v2\/pages"}],"about":[{"href":"https:\/\/sites.ipleiria.pt\/jornadaseduci\/wp-json\/wp\/v2\/types\/page"}],"author":[{"embeddable":true,"href":"https:\/\/sites.ipleiria.pt\/jornadaseduci\/wp-json\/wp\/v2\/users\/102"}],"replies":[{"embeddable":true,"href":"https:\/\/sites.ipleiria.pt\/jornadaseduci\/wp-json\/wp\/v2\/comments?post=15"}],"version-history":[{"count":29,"href":"https:\/\/sites.ipleiria.pt\/jornadaseduci\/wp-json\/wp\/v2\/pages\/15\/revisions"}],"predecessor-version":[{"id":351,"href":"https:\/\/sites.ipleiria.pt\/jornadaseduci\/wp-json\/wp\/v2\/pages\/15\/revisions\/351"}],"wp:attachment":[{"href":"https:\/\/sites.ipleiria.pt\/jornadaseduci\/wp-json\/wp\/v2\/media?parent=15"}],"curies":[{"name":"wp","href":"https:\/\/api.w.org\/{rel}","templated":true}]}}