{"id":229,"date":"2021-04-15T16:10:49","date_gmt":"2021-04-15T16:10:49","guid":{"rendered":"http:\/\/sites.ipleiria.pt\/jornadaseduci\/?page_id=229"},"modified":"2025-05-21T16:37:54","modified_gmt":"2025-05-21T16:37:54","slug":"repositorio","status":"publish","type":"page","link":"https:\/\/sites.ipleiria.pt\/jornadaseduci\/repositorio\/","title":{"rendered":"Reposit\u00f3rio"},"content":{"rendered":"\n<h2 class=\"wp-block-heading\"><strong>A publicidade ao evento<\/strong><\/h2>\n\n\n\n<div class=\"wp-block-file\"><a id=\"wp-block-file--media-4335da62-ef53-4ee9-8445-65bcc0b4961c\" href=\"http:\/\/sites.ipleiria.pt\/jornadaseduci\/files\/2025\/04\/Regiao-de-Leiria-27_03_2025.pdf\">Regi\u00e3o de Leiria 27_03_2025<\/a><\/div>\n\n\n\n<div class=\"wp-block-file\"><a id=\"wp-block-file--media-1b4fa831-94b1-45d0-8c9c-199431ca6c2d\" href=\"http:\/\/sites.ipleiria.pt\/jornadaseduci\/files\/2025\/04\/Diario-de-Leiria-28_03_2025.pdf\">Di\u00e1rio de Leiria 28_03_2025<\/a><\/div>\n\n\n\n<div class=\"wp-block-file\"><a id=\"wp-block-file--media-4aae5372-177c-4b4c-ab15-0140f3e2279b\" href=\"http:\/\/sites.ipleiria.pt\/jornadaseduci\/files\/2025\/04\/IV-Jornadas-Intergeracionais-de-Educacao-e-Cidadania-_-EPALE.pdf\">IV Jornadas Intergeracionais de Educa\u00e7\u00e3o e Cidadania _ EPALE<\/a><\/div>\n\n\n\n<div class=\"wp-block-file\"><a id=\"wp-block-file--media-99c7d6e6-15f5-4489-ae2a-ccb6916c3fdd\" href=\"http:\/\/sites.ipleiria.pt\/jornadaseduci\/files\/2025\/04\/Jornal-de-Leiria-27_03_2025.pdf\">Jornal de Leiria 27_03_2025<\/a><\/div>\n\n\n\n<h2 class=\"wp-block-heading\"><strong>Os v\u00e1rios pain\u00e9is de oradores<\/strong><\/h2>\n\n\n\n<figure class=\"wp-block-gallery has-nested-images columns-default is-cropped wp-block-gallery-1 is-layout-flex wp-block-gallery-is-layout-flex\">\n<figure class=\"wp-block-image size-large\"><img loading=\"lazy\" decoding=\"async\" width=\"1024\" height=\"768\" data-id=\"355\" src=\"https:\/\/sites.ipleiria.pt\/jornadaseduci\/files\/2025\/04\/WhatsApp-Image-2025-04-08-at-17.07.04-1-1024x768.jpeg\" alt=\"\" class=\"wp-image-355\" srcset=\"https:\/\/sites.ipleiria.pt\/jornadaseduci\/files\/2025\/04\/WhatsApp-Image-2025-04-08-at-17.07.04-1-1024x768.jpeg 1024w, https:\/\/sites.ipleiria.pt\/jornadaseduci\/files\/2025\/04\/WhatsApp-Image-2025-04-08-at-17.07.04-1-300x225.jpeg 300w, https:\/\/sites.ipleiria.pt\/jornadaseduci\/files\/2025\/04\/WhatsApp-Image-2025-04-08-at-17.07.04-1-768x576.jpeg 768w, https:\/\/sites.ipleiria.pt\/jornadaseduci\/files\/2025\/04\/WhatsApp-Image-2025-04-08-at-17.07.04-1-1536x1152.jpeg 1536w, https:\/\/sites.ipleiria.pt\/jornadaseduci\/files\/2025\/04\/WhatsApp-Image-2025-04-08-at-17.07.04-1.jpeg 1600w\" sizes=\"auto, (max-width: 1024px) 100vw, 1024px\" \/><\/figure>\n\n\n\n<figure class=\"wp-block-image size-large\"><img loading=\"lazy\" decoding=\"async\" width=\"1024\" height=\"768\" data-id=\"354\" src=\"https:\/\/sites.ipleiria.pt\/jornadaseduci\/files\/2025\/04\/WhatsApp-Image-2025-04-08-at-14.53.52-1024x768.jpeg\" alt=\"\" class=\"wp-image-354\" srcset=\"https:\/\/sites.ipleiria.pt\/jornadaseduci\/files\/2025\/04\/WhatsApp-Image-2025-04-08-at-14.53.52-1024x768.jpeg 1024w, https:\/\/sites.ipleiria.pt\/jornadaseduci\/files\/2025\/04\/WhatsApp-Image-2025-04-08-at-14.53.52-300x225.jpeg 300w, https:\/\/sites.ipleiria.pt\/jornadaseduci\/files\/2025\/04\/WhatsApp-Image-2025-04-08-at-14.53.52-768x576.jpeg 768w, https:\/\/sites.ipleiria.pt\/jornadaseduci\/files\/2025\/04\/WhatsApp-Image-2025-04-08-at-14.53.52-1536x1152.jpeg 1536w, https:\/\/sites.ipleiria.pt\/jornadaseduci\/files\/2025\/04\/WhatsApp-Image-2025-04-08-at-14.53.52.jpeg 2016w\" sizes=\"auto, (max-width: 1024px) 100vw, 1024px\" \/><\/figure>\n\n\n\n<figure class=\"wp-block-image size-large\"><img loading=\"lazy\" decoding=\"async\" width=\"768\" height=\"1024\" data-id=\"357\" src=\"https:\/\/sites.ipleiria.pt\/jornadaseduci\/files\/2025\/04\/WhatsApp-Image-2025-04-08-at-17.07.04-4-768x1024.jpeg\" alt=\"\" class=\"wp-image-357\" srcset=\"https:\/\/sites.ipleiria.pt\/jornadaseduci\/files\/2025\/04\/WhatsApp-Image-2025-04-08-at-17.07.04-4-768x1024.jpeg 768w, https:\/\/sites.ipleiria.pt\/jornadaseduci\/files\/2025\/04\/WhatsApp-Image-2025-04-08-at-17.07.04-4-225x300.jpeg 225w, https:\/\/sites.ipleiria.pt\/jornadaseduci\/files\/2025\/04\/WhatsApp-Image-2025-04-08-at-17.07.04-4-1152x1536.jpeg 1152w, https:\/\/sites.ipleiria.pt\/jornadaseduci\/files\/2025\/04\/WhatsApp-Image-2025-04-08-at-17.07.04-4.jpeg 1200w\" sizes=\"auto, (max-width: 768px) 100vw, 768px\" \/><\/figure>\n\n\n\n<figure class=\"wp-block-image size-large\"><img loading=\"lazy\" decoding=\"async\" width=\"1024\" height=\"768\" data-id=\"358\" src=\"https:\/\/sites.ipleiria.pt\/jornadaseduci\/files\/2025\/04\/WhatsApp-Image-2025-04-08-at-17.07.05-2-1024x768.jpeg\" alt=\"\" class=\"wp-image-358\" srcset=\"https:\/\/sites.ipleiria.pt\/jornadaseduci\/files\/2025\/04\/WhatsApp-Image-2025-04-08-at-17.07.05-2-1024x768.jpeg 1024w, https:\/\/sites.ipleiria.pt\/jornadaseduci\/files\/2025\/04\/WhatsApp-Image-2025-04-08-at-17.07.05-2-300x225.jpeg 300w, https:\/\/sites.ipleiria.pt\/jornadaseduci\/files\/2025\/04\/WhatsApp-Image-2025-04-08-at-17.07.05-2-768x576.jpeg 768w, https:\/\/sites.ipleiria.pt\/jornadaseduci\/files\/2025\/04\/WhatsApp-Image-2025-04-08-at-17.07.05-2-1536x1152.jpeg 1536w, https:\/\/sites.ipleiria.pt\/jornadaseduci\/files\/2025\/04\/WhatsApp-Image-2025-04-08-at-17.07.05-2.jpeg 1600w\" sizes=\"auto, (max-width: 1024px) 100vw, 1024px\" \/><\/figure>\n\n\n\n<figure class=\"wp-block-image size-large\"><img loading=\"lazy\" decoding=\"async\" width=\"1024\" height=\"768\" data-id=\"360\" src=\"https:\/\/sites.ipleiria.pt\/jornadaseduci\/files\/2025\/04\/WhatsApp-Image-2025-04-08-at-17.07.59-7-1024x768.jpeg\" alt=\"\" class=\"wp-image-360\" srcset=\"https:\/\/sites.ipleiria.pt\/jornadaseduci\/files\/2025\/04\/WhatsApp-Image-2025-04-08-at-17.07.59-7-1024x768.jpeg 1024w, https:\/\/sites.ipleiria.pt\/jornadaseduci\/files\/2025\/04\/WhatsApp-Image-2025-04-08-at-17.07.59-7-300x225.jpeg 300w, https:\/\/sites.ipleiria.pt\/jornadaseduci\/files\/2025\/04\/WhatsApp-Image-2025-04-08-at-17.07.59-7-768x576.jpeg 768w, https:\/\/sites.ipleiria.pt\/jornadaseduci\/files\/2025\/04\/WhatsApp-Image-2025-04-08-at-17.07.59-7-1536x1152.jpeg 1536w, https:\/\/sites.ipleiria.pt\/jornadaseduci\/files\/2025\/04\/WhatsApp-Image-2025-04-08-at-17.07.59-7.jpeg 1600w\" sizes=\"auto, (max-width: 1024px) 100vw, 1024px\" \/><\/figure>\n\n\n\n<figure class=\"wp-block-image size-large\"><img loading=\"lazy\" decoding=\"async\" width=\"768\" height=\"1024\" data-id=\"362\" src=\"https:\/\/sites.ipleiria.pt\/jornadaseduci\/files\/2025\/04\/WhatsApp-Image-2025-04-08-at-17.07.59-3-768x1024.jpeg\" alt=\"\" class=\"wp-image-362\" srcset=\"https:\/\/sites.ipleiria.pt\/jornadaseduci\/files\/2025\/04\/WhatsApp-Image-2025-04-08-at-17.07.59-3-768x1024.jpeg 768w, https:\/\/sites.ipleiria.pt\/jornadaseduci\/files\/2025\/04\/WhatsApp-Image-2025-04-08-at-17.07.59-3-225x300.jpeg 225w, https:\/\/sites.ipleiria.pt\/jornadaseduci\/files\/2025\/04\/WhatsApp-Image-2025-04-08-at-17.07.59-3-1152x1536.jpeg 1152w, https:\/\/sites.ipleiria.pt\/jornadaseduci\/files\/2025\/04\/WhatsApp-Image-2025-04-08-at-17.07.59-3.jpeg 1200w\" sizes=\"auto, (max-width: 768px) 100vw, 768px\" \/><\/figure>\n\n\n\n<figure class=\"wp-block-image size-large\"><img loading=\"lazy\" decoding=\"async\" width=\"1024\" height=\"768\" data-id=\"364\" src=\"https:\/\/sites.ipleiria.pt\/jornadaseduci\/files\/2025\/04\/WhatsApp-Image-2025-04-08-at-17.08.30-4-1024x768.jpeg\" alt=\"\" class=\"wp-image-364\" srcset=\"https:\/\/sites.ipleiria.pt\/jornadaseduci\/files\/2025\/04\/WhatsApp-Image-2025-04-08-at-17.08.30-4-1024x768.jpeg 1024w, https:\/\/sites.ipleiria.pt\/jornadaseduci\/files\/2025\/04\/WhatsApp-Image-2025-04-08-at-17.08.30-4-300x225.jpeg 300w, https:\/\/sites.ipleiria.pt\/jornadaseduci\/files\/2025\/04\/WhatsApp-Image-2025-04-08-at-17.08.30-4-768x576.jpeg 768w, https:\/\/sites.ipleiria.pt\/jornadaseduci\/files\/2025\/04\/WhatsApp-Image-2025-04-08-at-17.08.30-4-1536x1152.jpeg 1536w, https:\/\/sites.ipleiria.pt\/jornadaseduci\/files\/2025\/04\/WhatsApp-Image-2025-04-08-at-17.08.30-4.jpeg 1600w\" sizes=\"auto, (max-width: 1024px) 100vw, 1024px\" \/><\/figure>\n\n\n\n<figure class=\"wp-block-image size-large\"><img loading=\"lazy\" decoding=\"async\" width=\"1024\" height=\"768\" data-id=\"365\" src=\"https:\/\/sites.ipleiria.pt\/jornadaseduci\/files\/2025\/04\/WhatsApp-Image-2025-04-08-at-17.08.30-3-1024x768.jpeg\" alt=\"\" class=\"wp-image-365\" srcset=\"https:\/\/sites.ipleiria.pt\/jornadaseduci\/files\/2025\/04\/WhatsApp-Image-2025-04-08-at-17.08.30-3-1024x768.jpeg 1024w, https:\/\/sites.ipleiria.pt\/jornadaseduci\/files\/2025\/04\/WhatsApp-Image-2025-04-08-at-17.08.30-3-300x225.jpeg 300w, https:\/\/sites.ipleiria.pt\/jornadaseduci\/files\/2025\/04\/WhatsApp-Image-2025-04-08-at-17.08.30-3-768x576.jpeg 768w, https:\/\/sites.ipleiria.pt\/jornadaseduci\/files\/2025\/04\/WhatsApp-Image-2025-04-08-at-17.08.30-3-1536x1152.jpeg 1536w, https:\/\/sites.ipleiria.pt\/jornadaseduci\/files\/2025\/04\/WhatsApp-Image-2025-04-08-at-17.08.30-3.jpeg 1600w\" sizes=\"auto, (max-width: 1024px) 100vw, 1024px\" \/><\/figure>\n<\/figure>\n\n\n\n<h2 class=\"wp-block-heading\"><strong>O p\u00fablico<\/strong><\/h2>\n\n\n\n<figure class=\"wp-block-gallery has-nested-images columns-default is-cropped wp-block-gallery-2 is-layout-flex wp-block-gallery-is-layout-flex\">\n<figure class=\"wp-block-image size-large\"><img loading=\"lazy\" decoding=\"async\" width=\"1024\" height=\"768\" data-id=\"363\" src=\"https:\/\/sites.ipleiria.pt\/jornadaseduci\/files\/2025\/04\/WhatsApp-Image-2025-04-08-at-17.08.29-1-1024x768.jpeg\" alt=\"\" class=\"wp-image-363\" srcset=\"https:\/\/sites.ipleiria.pt\/jornadaseduci\/files\/2025\/04\/WhatsApp-Image-2025-04-08-at-17.08.29-1-1024x768.jpeg 1024w, https:\/\/sites.ipleiria.pt\/jornadaseduci\/files\/2025\/04\/WhatsApp-Image-2025-04-08-at-17.08.29-1-300x225.jpeg 300w, https:\/\/sites.ipleiria.pt\/jornadaseduci\/files\/2025\/04\/WhatsApp-Image-2025-04-08-at-17.08.29-1-768x576.jpeg 768w, https:\/\/sites.ipleiria.pt\/jornadaseduci\/files\/2025\/04\/WhatsApp-Image-2025-04-08-at-17.08.29-1-1536x1152.jpeg 1536w, https:\/\/sites.ipleiria.pt\/jornadaseduci\/files\/2025\/04\/WhatsApp-Image-2025-04-08-at-17.08.29-1.jpeg 1600w\" sizes=\"auto, (max-width: 1024px) 100vw, 1024px\" \/><\/figure>\n\n\n\n<figure class=\"wp-block-image size-large\"><img loading=\"lazy\" decoding=\"async\" width=\"1024\" height=\"768\" data-id=\"361\" src=\"https:\/\/sites.ipleiria.pt\/jornadaseduci\/files\/2025\/04\/WhatsApp-Image-2025-04-08-at-17.07.59-4-1024x768.jpeg\" alt=\"\" class=\"wp-image-361\" srcset=\"https:\/\/sites.ipleiria.pt\/jornadaseduci\/files\/2025\/04\/WhatsApp-Image-2025-04-08-at-17.07.59-4-1024x768.jpeg 1024w, https:\/\/sites.ipleiria.pt\/jornadaseduci\/files\/2025\/04\/WhatsApp-Image-2025-04-08-at-17.07.59-4-300x225.jpeg 300w, https:\/\/sites.ipleiria.pt\/jornadaseduci\/files\/2025\/04\/WhatsApp-Image-2025-04-08-at-17.07.59-4-768x576.jpeg 768w, https:\/\/sites.ipleiria.pt\/jornadaseduci\/files\/2025\/04\/WhatsApp-Image-2025-04-08-at-17.07.59-4-1536x1152.jpeg 1536w, https:\/\/sites.ipleiria.pt\/jornadaseduci\/files\/2025\/04\/WhatsApp-Image-2025-04-08-at-17.07.59-4.jpeg 1600w\" sizes=\"auto, (max-width: 1024px) 100vw, 1024px\" \/><\/figure>\n<\/figure>\n\n\n\n<h2 class=\"wp-block-heading\"><strong>A atua\u00e7\u00e3o da SessenTuna<\/strong><\/h2>\n\n\n\n<figure class=\"wp-block-gallery has-nested-images columns-default is-cropped wp-block-gallery-3 is-layout-flex wp-block-gallery-is-layout-flex\">\n<figure class=\"wp-block-image size-large\"><img loading=\"lazy\" decoding=\"async\" width=\"1024\" height=\"768\" data-id=\"356\" src=\"https:\/\/sites.ipleiria.pt\/jornadaseduci\/files\/2025\/04\/WhatsApp-Image-2025-04-08-at-14.19.21-1024x768.jpeg\" alt=\"\" class=\"wp-image-356\" srcset=\"https:\/\/sites.ipleiria.pt\/jornadaseduci\/files\/2025\/04\/WhatsApp-Image-2025-04-08-at-14.19.21-1024x768.jpeg 1024w, https:\/\/sites.ipleiria.pt\/jornadaseduci\/files\/2025\/04\/WhatsApp-Image-2025-04-08-at-14.19.21-300x225.jpeg 300w, https:\/\/sites.ipleiria.pt\/jornadaseduci\/files\/2025\/04\/WhatsApp-Image-2025-04-08-at-14.19.21-768x576.jpeg 768w, https:\/\/sites.ipleiria.pt\/jornadaseduci\/files\/2025\/04\/WhatsApp-Image-2025-04-08-at-14.19.21-1536x1152.jpeg 1536w, https:\/\/sites.ipleiria.pt\/jornadaseduci\/files\/2025\/04\/WhatsApp-Image-2025-04-08-at-14.19.21.jpeg 2016w\" sizes=\"auto, (max-width: 1024px) 100vw, 1024px\" \/><\/figure>\n\n\n\n<figure class=\"wp-block-image size-large\"><img loading=\"lazy\" decoding=\"async\" width=\"1024\" height=\"768\" data-id=\"359\" src=\"https:\/\/sites.ipleiria.pt\/jornadaseduci\/files\/2025\/04\/WhatsApp-Image-2025-04-08-at-17.07.59-1-1024x768.jpeg\" alt=\"\" class=\"wp-image-359\" srcset=\"https:\/\/sites.ipleiria.pt\/jornadaseduci\/files\/2025\/04\/WhatsApp-Image-2025-04-08-at-17.07.59-1-1024x768.jpeg 1024w, https:\/\/sites.ipleiria.pt\/jornadaseduci\/files\/2025\/04\/WhatsApp-Image-2025-04-08-at-17.07.59-1-300x225.jpeg 300w, https:\/\/sites.ipleiria.pt\/jornadaseduci\/files\/2025\/04\/WhatsApp-Image-2025-04-08-at-17.07.59-1-768x576.jpeg 768w, https:\/\/sites.ipleiria.pt\/jornadaseduci\/files\/2025\/04\/WhatsApp-Image-2025-04-08-at-17.07.59-1-1536x1152.jpeg 1536w, https:\/\/sites.ipleiria.pt\/jornadaseduci\/files\/2025\/04\/WhatsApp-Image-2025-04-08-at-17.07.59-1.jpeg 1600w\" sizes=\"auto, (max-width: 1024px) 100vw, 1024px\" \/><\/figure>\n<\/figure>\n\n\n\n<h2 class=\"wp-block-heading\"><strong>Testemunhos<\/strong><\/h2>\n\n\n\n<p>Convid\u00e1mos os estudantes do Polit\u00e9cnico de Leiria a enviarem uma frase sobre o que, na sua opini\u00e3o, significa cuidar. Recebemos diversos contributos dos estudantes do Programa 60+ e alguns de estudantes da licenciatura em Servi\u00e7o Social da ESECS e da licenciatura em Design de Espa\u00e7os da ESTM.<\/p>\n\n\n\n<p>As colaboradoras Diana Branco e Daniela Oliveira criaram um registo muito bonito e criativo com esses contributos. <\/p>\n\n\n\n<p><strong>O que significa cuidar? <\/strong><a href=\"https:\/\/eur02.safelinks.protection.outlook.com\/?url=https%3A%2F%2Fyoutu.be%2FCrQrCQHg5Us&amp;data=05%7C02%7Cluisa.pimentel%40ipleiria.pt%7C1573cb4cc11947d8f14108dd77a51a43%7C536b85ada4484186a9afe3ccad3302c5%7C0%7C0%7C638798273179464555%7CUnknown%7CTWFpbGZsb3d8eyJFbXB0eU1hcGkiOnRydWUsIlYiOiIwLjAuMDAwMCIsIlAiOiJXaW4zMiIsIkFOIjoiTWFpbCIsIldUIjoyfQ%3D%3D%7C0%7C%7C%7C&amp;sdata=QDswbvm6Qw%2F3tH9lbJdX%2BFDkDIkBAWpeVGC8qP8Hcjc%3D&amp;reserved=0\">https:\/\/youtu.be\/CrQrCQHg5Us<\/a><\/p>\n\n\n\n<figure class=\"wp-block-image size-full is-resized\"><img loading=\"lazy\" decoding=\"async\" width=\"946\" height=\"456\" src=\"http:\/\/sites.ipleiria.pt\/jornadaseduci\/files\/2025\/05\/Captura-de-ecra-2025-05-20-194939.png\" alt=\"\" class=\"wp-image-371\" style=\"width:327px;height:auto\" srcset=\"https:\/\/sites.ipleiria.pt\/jornadaseduci\/files\/2025\/05\/Captura-de-ecra-2025-05-20-194939.png 946w, https:\/\/sites.ipleiria.pt\/jornadaseduci\/files\/2025\/05\/Captura-de-ecra-2025-05-20-194939-300x145.png 300w, https:\/\/sites.ipleiria.pt\/jornadaseduci\/files\/2025\/05\/Captura-de-ecra-2025-05-20-194939-768x370.png 768w\" sizes=\"auto, (max-width: 946px) 100vw, 946px\" \/><\/figure>\n\n\n\n<p>Para darmos voz a quem assume a responsabilidade pelo bem-estar dos outros, entrevist\u00e1mos tr\u00eas cuidadores de diferentes gera\u00e7\u00f5es, que se dedicaram ou dedicam a familiares pr\u00f3ximos, mais especificamente um filho que cuidou de um um pai, uma m\u00e3e que cuida de uma filha e uma mulher que cuidou do seu marido. Vale a pena ouvi-los.<\/p>\n\n\n\n<p><strong>Testemunho de Cuidadores<\/strong>:&nbsp;<a href=\"https:\/\/eur02.safelinks.protection.outlook.com\/?url=https%3A%2F%2Fyoutu.be%2FdapiqYBWME8&amp;data=05%7C02%7Cluisa.pimentel%40ipleiria.pt%7C1573cb4cc11947d8f14108dd77a51a43%7C536b85ada4484186a9afe3ccad3302c5%7C0%7C0%7C638798273179444582%7CUnknown%7CTWFpbGZsb3d8eyJFbXB0eU1hcGkiOnRydWUsIlYiOiIwLjAuMDAwMCIsIlAiOiJXaW4zMiIsIkFOIjoiTWFpbCIsIldUIjoyfQ%3D%3D%7C0%7C%7C%7C&amp;sdata=bZ9yL9lffSjLH0zvR7KC2UE9%2B%2BRvMGGcRRFNjSR2O7U%3D&amp;reserved=0\">https:\/\/youtu.be\/dapiqYBWME8<\/a><\/p>\n\n\n\n<figure class=\"wp-block-gallery has-nested-images columns-default is-cropped wp-block-gallery-4 is-layout-flex wp-block-gallery-is-layout-flex\">\n<figure class=\"wp-block-image size-large\"><img loading=\"lazy\" decoding=\"async\" width=\"963\" height=\"469\" data-id=\"372\" src=\"https:\/\/sites.ipleiria.pt\/jornadaseduci\/files\/2025\/05\/Captura-de-ecra-2025-05-20-195250.png\" alt=\"\" class=\"wp-image-372\" srcset=\"https:\/\/sites.ipleiria.pt\/jornadaseduci\/files\/2025\/05\/Captura-de-ecra-2025-05-20-195250.png 963w, https:\/\/sites.ipleiria.pt\/jornadaseduci\/files\/2025\/05\/Captura-de-ecra-2025-05-20-195250-300x146.png 300w, https:\/\/sites.ipleiria.pt\/jornadaseduci\/files\/2025\/05\/Captura-de-ecra-2025-05-20-195250-768x374.png 768w\" sizes=\"auto, (max-width: 963px) 100vw, 963px\" \/><\/figure>\n\n\n\n<figure class=\"wp-block-image size-large\"><img loading=\"lazy\" decoding=\"async\" width=\"874\" height=\"541\" data-id=\"374\" src=\"https:\/\/sites.ipleiria.pt\/jornadaseduci\/files\/2025\/05\/Captura-de-ecra-2025-05-20-195628.png\" alt=\"\" class=\"wp-image-374\" srcset=\"https:\/\/sites.ipleiria.pt\/jornadaseduci\/files\/2025\/05\/Captura-de-ecra-2025-05-20-195628.png 874w, https:\/\/sites.ipleiria.pt\/jornadaseduci\/files\/2025\/05\/Captura-de-ecra-2025-05-20-195628-300x186.png 300w, https:\/\/sites.ipleiria.pt\/jornadaseduci\/files\/2025\/05\/Captura-de-ecra-2025-05-20-195628-768x475.png 768w\" sizes=\"auto, (max-width: 874px) 100vw, 874px\" \/><\/figure>\n\n\n\n<figure class=\"wp-block-image size-large\"><img loading=\"lazy\" decoding=\"async\" width=\"787\" height=\"540\" data-id=\"373\" src=\"https:\/\/sites.ipleiria.pt\/jornadaseduci\/files\/2025\/05\/Captura-de-ecra-2025-05-20-195521.png\" alt=\"\" class=\"wp-image-373\" srcset=\"https:\/\/sites.ipleiria.pt\/jornadaseduci\/files\/2025\/05\/Captura-de-ecra-2025-05-20-195521.png 787w, https:\/\/sites.ipleiria.pt\/jornadaseduci\/files\/2025\/05\/Captura-de-ecra-2025-05-20-195521-300x206.png 300w, https:\/\/sites.ipleiria.pt\/jornadaseduci\/files\/2025\/05\/Captura-de-ecra-2025-05-20-195521-768x527.png 768w\" sizes=\"auto, (max-width: 787px) 100vw, 787px\" \/><\/figure>\n<\/figure>\n\n\n\n<p><\/p>\n","protected":false},"excerpt":{"rendered":"<p>A publicidade ao evento Os v\u00e1rios pain\u00e9is de oradores O p\u00fablico A atua\u00e7\u00e3o da SessenTuna Testemunhos Convid\u00e1mos os estudantes do Polit\u00e9cnico de Leiria a enviarem uma frase sobre o que, na sua opini\u00e3o, significa cuidar. Recebemos diversos contributos dos estudantes&hellip;  <\/p>\n<p class=\"more-link\"><a href=\"https:\/\/sites.ipleiria.pt\/jornadaseduci\/repositorio\/\">Continue reading <span class=\"meta-nav\">&rarr;<\/span><\/a><\/p>\n","protected":false},"author":5223,"featured_media":0,"parent":0,"menu_order":0,"comment_status":"closed","ping_status":"closed","template":"","meta":{"footnotes":""},"class_list":["post-229","page","type-page","status-publish","hentry"],"_links":{"self":[{"href":"https:\/\/sites.ipleiria.pt\/jornadaseduci\/wp-json\/wp\/v2\/pages\/229","targetHints":{"allow":["GET"]}}],"collection":[{"href":"https:\/\/sites.ipleiria.pt\/jornadaseduci\/wp-json\/wp\/v2\/pages"}],"about":[{"href":"https:\/\/sites.ipleiria.pt\/jornadaseduci\/wp-json\/wp\/v2\/types\/page"}],"author":[{"embeddable":true,"href":"https:\/\/sites.ipleiria.pt\/jornadaseduci\/wp-json\/wp\/v2\/users\/5223"}],"replies":[{"embeddable":true,"href":"https:\/\/sites.ipleiria.pt\/jornadaseduci\/wp-json\/wp\/v2\/comments?post=229"}],"version-history":[{"count":19,"href":"https:\/\/sites.ipleiria.pt\/jornadaseduci\/wp-json\/wp\/v2\/pages\/229\/revisions"}],"predecessor-version":[{"id":381,"href":"https:\/\/sites.ipleiria.pt\/jornadaseduci\/wp-json\/wp\/v2\/pages\/229\/revisions\/381"}],"wp:attachment":[{"href":"https:\/\/sites.ipleiria.pt\/jornadaseduci\/wp-json\/wp\/v2\/media?parent=229"}],"curies":[{"name":"wp","href":"https:\/\/api.w.org\/{rel}","templated":true}]}}