{"id":42,"date":"2021-03-04T11:08:47","date_gmt":"2021-03-04T11:08:47","guid":{"rendered":"http:\/\/sites.ipleiria.pt\/jornadaseduci\/?page_id=42"},"modified":"2025-03-20T18:26:49","modified_gmt":"2025-03-20T18:26:49","slug":"inscricao","status":"publish","type":"page","link":"https:\/\/sites.ipleiria.pt\/jornadaseduci\/inscricao\/","title":{"rendered":"Inscri\u00e7\u00e3o"},"content":{"rendered":"\n<p><strong><em>Ins<\/em>cri\u00e7\u00e3o obrigat\u00f3ria at\u00e9 7 de abril<\/strong>&nbsp;<\/p>\n\n\n\n<p>Link de inscri\u00e7\u00e3o: <a href=\"https:\/\/eur02.safelinks.protection.outlook.com\/?url=https%3A%2F%2Fhello.last2ticket.com%2Fevent%2F6319%2F&amp;data=05%7C02%7Cluisa.pimentel%40ipleiria.pt%7Cf9c821cc42824f0d62d108dd67d944e3%7C536b85ada4484186a9afe3ccad3302c5%7C0%7C0%7C638780905064425746%7CUnknown%7CTWFpbGZsb3d8eyJFbXB0eU1hcGkiOnRydWUsIlYiOiIwLjAuMDAwMCIsIlAiOiJXaW4zMiIsIkFOIjoiTWFpbCIsIldUIjoyfQ%3D%3D%7C0%7C%7C%7C&amp;sdata=odDrYF%2BzyHR3YLVklNsuROVMsNH%2FiM%2FahwtVqOhhCSk%3D&amp;reserved=0\" target=\"_blank\" rel=\"noreferrer noopener\">https:\/\/hello.last2ticket.com\/event\/6319\/<\/a><\/p>\n\n\n\n<p>(quando entra, dever\u00e1 escolher &#8220;<strong>Get Tickets<\/strong>&#8220;, no canto lateral direito, fazer a sua op\u00e7\u00e3o e escolher <strong>Buy Now<\/strong>)<\/p>\n\n\n\n<p><strong>PARTICIPA\u00c7\u00c3O NO ENCONTRO<\/strong><br>Inscri\u00e7\u00e3o gratuita (sem acesso a certificado) &#8211; 0,00 \u20ac<br>Inscri\u00e7\u00e3o paga (com acesso a certificado) &#8211; 5,00 \u20ac<br><\/p>\n","protected":false},"excerpt":{"rendered":"<p>Inscri\u00e7\u00e3o obrigat\u00f3ria at\u00e9 7 de abril&nbsp; Link de inscri\u00e7\u00e3o: https:\/\/hello.last2ticket.com\/event\/6319\/ (quando entra, dever\u00e1 escolher &#8220;Get Tickets&#8220;, no canto lateral direito, fazer a sua op\u00e7\u00e3o e escolher Buy Now) PARTICIPA\u00c7\u00c3O NO ENCONTROInscri\u00e7\u00e3o gratuita (sem acesso a certificado) &#8211; 0,00 \u20acInscri\u00e7\u00e3o paga&hellip;  <\/p>\n<p class=\"more-link\"><a href=\"https:\/\/sites.ipleiria.pt\/jornadaseduci\/inscricao\/\">Continue reading <span class=\"meta-nav\">&rarr;<\/span><\/a><\/p>\n","protected":false},"author":5222,"featured_media":0,"parent":0,"menu_order":0,"comment_status":"closed","ping_status":"closed","template":"","meta":{"footnotes":""},"class_list":["post-42","page","type-page","status-publish","hentry"],"_links":{"self":[{"href":"https:\/\/sites.ipleiria.pt\/jornadaseduci\/wp-json\/wp\/v2\/pages\/42","targetHints":{"allow":["GET"]}}],"collection":[{"href":"https:\/\/sites.ipleiria.pt\/jornadaseduci\/wp-json\/wp\/v2\/pages"}],"about":[{"href":"https:\/\/sites.ipleiria.pt\/jornadaseduci\/wp-json\/wp\/v2\/types\/page"}],"author":[{"embeddable":true,"href":"https:\/\/sites.ipleiria.pt\/jornadaseduci\/wp-json\/wp\/v2\/users\/5222"}],"replies":[{"embeddable":true,"href":"https:\/\/sites.ipleiria.pt\/jornadaseduci\/wp-json\/wp\/v2\/comments?post=42"}],"version-history":[{"count":10,"href":"https:\/\/sites.ipleiria.pt\/jornadaseduci\/wp-json\/wp\/v2\/pages\/42\/revisions"}],"predecessor-version":[{"id":343,"href":"https:\/\/sites.ipleiria.pt\/jornadaseduci\/wp-json\/wp\/v2\/pages\/42\/revisions\/343"}],"wp:attachment":[{"href":"https:\/\/sites.ipleiria.pt\/jornadaseduci\/wp-json\/wp\/v2\/media?parent=42"}],"curies":[{"name":"wp","href":"https:\/\/api.w.org\/{rel}","templated":true}]}}