{"id":45,"date":"2021-03-04T11:24:51","date_gmt":"2021-03-04T11:24:51","guid":{"rendered":"http:\/\/sites.ipleiria.pt\/jornadaseduci\/?page_id=45"},"modified":"2025-04-04T18:40:45","modified_gmt":"2025-04-04T18:40:45","slug":"contactos","status":"publish","type":"page","link":"https:\/\/sites.ipleiria.pt\/jornadaseduci\/contactos\/","title":{"rendered":"Contactos"},"content":{"rendered":"\n<p><strong>SECRETARIADO DE COMUNICA\u00c7\u00c3O<\/strong><br>Eunice Almeida<br>Email: <a href=\"mailto:adelaide.ferreira@ipleiria.pt\">60mais@ipleiria.pt<\/a><br>Telefone: (+351) 244 829 471<\/p>\n\n\n\n<p><strong><em>Escola Superior Educa\u00e7\u00e3o e Ci\u00eancias Sociais<\/em><br>Instituto <em>Polit\u00e9cnico de Leiria<\/em><\/strong><br>Campus 1<br>Rua Dr. Jo\u00e3o Soares<br>Apartado 4045<br>2411-901 Leiria \u2013 Portugal<br>E-mail: esecs@ipleiria.pt<\/p>\n\n\n\n<p><strong>Tel:<\/strong>&nbsp;(+351) 244 829 400<br><\/p>\n\n\n\n<hr class=\"wp-block-separator has-alpha-channel-opacity\" \/>\n\n\n\n<p><strong>LOCAL de REALIZA\u00c7\u00c3O do EVENTO<\/strong><\/p>\n\n\n\n<p><em><strong>Escola Superior de Sa\u00fade do Instituto Polit\u00e9cnico de Leiria<\/strong><\/em><\/p>\n\n\n\n<p>Campus 2<br>Morro do Lena \u2013 Alto do Vieiro<br>Apartado 4137<br>2411-901 Leiria \u2013 Portugal<br>E-mail:&nbsp;<a href=\"mailto:esslei@ipleiria.pt\" target=\"_blank\" rel=\"noreferrer noopener\">esslei@ipleiria.pt<\/a><\/p>\n\n\n\n<p>Tel: (+351) 244 845 300<\/p>\n\n\n\n<p><strong>Google Maps<\/strong><\/p>\n\n\n\n<div class=\"wp-block-group\"><div class=\"wp-block-group__inner-container is-layout-flow wp-block-group-is-layout-flow\">\n<p><a href=\"https:\/\/maps.app.goo.gl\/xj6QCxA4Lw7VoXJ16\" target=\"_blank\" rel=\"noreferrer noopener\">https:\/\/maps.app.goo.gl\/xj6QCxA4Lw7VoXJ16<\/a><\/p>\n<\/div><\/div>\n\n\n\n<p><\/p>\n","protected":false},"excerpt":{"rendered":"<p>SECRETARIADO DE COMUNICA\u00c7\u00c3OEunice AlmeidaEmail: 60mais@ipleiria.ptTelefone: (+351) 244 829 471 Escola Superior Educa\u00e7\u00e3o e Ci\u00eancias SociaisInstituto Polit\u00e9cnico de LeiriaCampus 1Rua Dr. Jo\u00e3o SoaresApartado 40452411-901 Leiria \u2013 PortugalE-mail: esecs@ipleiria.pt Tel:&nbsp;(+351) 244 829 400 LOCAL de REALIZA\u00c7\u00c3O do EVENTO Escola Superior de Sa\u00fade&hellip;  <\/p>\n<p class=\"more-link\"><a href=\"https:\/\/sites.ipleiria.pt\/jornadaseduci\/contactos\/\">Continue reading <span class=\"meta-nav\">&rarr;<\/span><\/a><\/p>\n","protected":false},"author":5222,"featured_media":0,"parent":0,"menu_order":0,"comment_status":"closed","ping_status":"closed","template":"","meta":{"footnotes":""},"class_list":["post-45","page","type-page","status-publish","hentry"],"_links":{"self":[{"href":"https:\/\/sites.ipleiria.pt\/jornadaseduci\/wp-json\/wp\/v2\/pages\/45","targetHints":{"allow":["GET"]}}],"collection":[{"href":"https:\/\/sites.ipleiria.pt\/jornadaseduci\/wp-json\/wp\/v2\/pages"}],"about":[{"href":"https:\/\/sites.ipleiria.pt\/jornadaseduci\/wp-json\/wp\/v2\/types\/page"}],"author":[{"embeddable":true,"href":"https:\/\/sites.ipleiria.pt\/jornadaseduci\/wp-json\/wp\/v2\/users\/5222"}],"replies":[{"embeddable":true,"href":"https:\/\/sites.ipleiria.pt\/jornadaseduci\/wp-json\/wp\/v2\/comments?post=45"}],"version-history":[{"count":42,"href":"https:\/\/sites.ipleiria.pt\/jornadaseduci\/wp-json\/wp\/v2\/pages\/45\/revisions"}],"predecessor-version":[{"id":352,"href":"https:\/\/sites.ipleiria.pt\/jornadaseduci\/wp-json\/wp\/v2\/pages\/45\/revisions\/352"}],"wp:attachment":[{"href":"https:\/\/sites.ipleiria.pt\/jornadaseduci\/wp-json\/wp\/v2\/media?parent=45"}],"curies":[{"name":"wp","href":"https:\/\/api.w.org\/{rel}","templated":true}]}}