{"id":7,"date":"2021-02-06T00:50:23","date_gmt":"2021-02-06T00:50:23","guid":{"rendered":"http:\/\/sites.ipleiria.pt\/jornadas-edu-ci\/?page_id=7"},"modified":"2025-10-21T14:41:57","modified_gmt":"2025-10-21T14:41:57","slug":"organizacao","status":"publish","type":"page","link":"https:\/\/sites.ipleiria.pt\/jornadaseduci\/organizacao\/","title":{"rendered":"Organiza\u00e7\u00e3o"},"content":{"rendered":"\n<p>Programa 60+ do Instituto Polit\u00e9cnico de Leiria<\/p>\n\n\n\n<p>&#8212;&#8212;&#8212;&#8212;&#8212;&#8212;&#8212;&#8212;&#8212;&#8212;&#8212;&#8212;&#8212;&#8212;&#8212;&#8212;&#8212;&#8212;&#8212;&#8212;&#8212;&#8212;&#8212;<\/p>\n\n\n\n<p><strong>Comiss\u00e3o Organizadora<\/strong><\/p>\n\n\n\n<ul class=\"wp-block-list\">\n<li>Ana Lu\u00edsa Pires (ESTM)<\/li>\n\n\n\n<li>Cezarina Maur\u00edcio (ESECS)<\/li>\n\n\n\n<li>Lu\u00edsa Pimentel (ESECS)<\/li>\n\n\n\n<li>Marlene Rosa (ESSLei)<\/li>\n\n\n\n<li>Maria Jo\u00e3o Jorge (ESTG)<\/li>\n\n\n\n<li>Rui Leal (ESAD.CR) <\/li>\n<\/ul>\n\n\n\n<p><\/p>\n\n\n\n<p>C<strong>om a colabora\u00e7\u00e3o de<\/strong>: <\/p>\n\n\n\n<ul class=\"wp-block-list\">\n<li>Escola Superior de Sa\u00fade (ESSLei)<\/li>\n\n\n\n<li>Escola Superior de Educa\u00e7\u00e3o e Ci\u00eancias Sociais (ESECS)<\/li>\n\n\n\n<li>Escola Superior de Tecnologia e Gest\u00e3o (ESTG)<\/li>\n\n\n\n<li>Escola Superior de Artes e Design de Caldas da Rainha (ESAD.CR)<\/li>\n\n\n\n<li>Escola Superior de Turismo e Tecnologia do Mar (ESTM)<\/li>\n\n\n\n<li>CICS.NOVA.IPLeiria<\/li>\n\n\n\n<li>CI&amp;DEI<\/li>\n\n\n\n<li>CiTechCare<\/li>\n\n\n\n<li>LIDA-ESAD.CR<\/li>\n<\/ul>\n","protected":false},"excerpt":{"rendered":"<p>Programa 60+ do Instituto Polit\u00e9cnico de Leiria &#8212;&#8212;&#8212;&#8212;&#8212;&#8212;&#8212;&#8212;&#8212;&#8212;&#8212;&#8212;&#8212;&#8212;&#8212;&#8212;&#8212;&#8212;&#8212;&#8212;&#8212;&#8212;&#8212; Comiss\u00e3o Organizadora Com a colabora\u00e7\u00e3o de:<\/p>\n","protected":false},"author":102,"featured_media":0,"parent":0,"menu_order":0,"comment_status":"closed","ping_status":"closed","template":"","meta":{"footnotes":""},"class_list":["post-7","page","type-page","status-publish","hentry"],"_links":{"self":[{"href":"https:\/\/sites.ipleiria.pt\/jornadaseduci\/wp-json\/wp\/v2\/pages\/7","targetHints":{"allow":["GET"]}}],"collection":[{"href":"https:\/\/sites.ipleiria.pt\/jornadaseduci\/wp-json\/wp\/v2\/pages"}],"about":[{"href":"https:\/\/sites.ipleiria.pt\/jornadaseduci\/wp-json\/wp\/v2\/types\/page"}],"author":[{"embeddable":true,"href":"https:\/\/sites.ipleiria.pt\/jornadaseduci\/wp-json\/wp\/v2\/users\/102"}],"replies":[{"embeddable":true,"href":"https:\/\/sites.ipleiria.pt\/jornadaseduci\/wp-json\/wp\/v2\/comments?post=7"}],"version-history":[{"count":14,"href":"https:\/\/sites.ipleiria.pt\/jornadaseduci\/wp-json\/wp\/v2\/pages\/7\/revisions"}],"predecessor-version":[{"id":392,"href":"https:\/\/sites.ipleiria.pt\/jornadaseduci\/wp-json\/wp\/v2\/pages\/7\/revisions\/392"}],"wp:attachment":[{"href":"https:\/\/sites.ipleiria.pt\/jornadaseduci\/wp-json\/wp\/v2\/media?parent=7"}],"curies":[{"name":"wp","href":"https:\/\/api.w.org\/{rel}","templated":true}]}}