{"id":14,"date":"2021-02-09T18:48:02","date_gmt":"2021-02-09T18:48:02","guid":{"rendered":"http:\/\/sites.ipleiria.pt\/jsppd2021\/?page_id=14"},"modified":"2021-06-16T09:28:45","modified_gmt":"2021-06-16T09:28:45","slug":"conferencistas","status":"publish","type":"page","link":"https:\/\/sites.ipleiria.pt\/jsppd2021\/conferencistas\/","title":{"rendered":"Conferencistas"},"content":{"rendered":"\n<div class=\"wp-block-image\"><figure class=\"alignleft size-large is-resized\"><img decoding=\"async\" src=\"https:\/\/sites.ipleiria.pt\/jsppd2021\/files\/2021\/05\/HAmgDXba_400x400.jpg\" alt=\"\" class=\"wp-image-95\" width=\"200\" srcset=\"https:\/\/sites.ipleiria.pt\/jsppd2021\/files\/2021\/05\/HAmgDXba_400x400.jpg 330w, https:\/\/sites.ipleiria.pt\/jsppd2021\/files\/2021\/05\/HAmgDXba_400x400-300x300.jpg 300w, https:\/\/sites.ipleiria.pt\/jsppd2021\/files\/2021\/05\/HAmgDXba_400x400-150x150.jpg 150w\" sizes=\"(max-width: 330px) 100vw, 330px\" \/><\/figure><\/div>\n\n\n\n<p><strong>Professor Nikos Ntoumanis<br><\/strong><a rel=\"noreferrer noopener\" href=\"https:\/\/eur02.safelinks.protection.outlook.com\/?url=https%3A%2F%2Fwww.researchgate.net%2Fprofile%2FNikos-Ntoumanis&amp;data=04%7C01%7C1191030%40my.ipleiria.pt%7Ce47557fae47343166bbe08d914927845%7C536b85ada4484186a9afe3ccad3302c5%7C0%7C0%7C637563441572139009%7CUnknown%7CTWFpbGZsb3d8eyJWIjoiMC4wLjAwMDAiLCJQIjoiV2luMzIiLCJBTiI6Ik1haWwiLCJXVCI6Mn0%3D%7C1000&amp;sdata=h895EgQD%2FsmLbKVt%2FG7Aecb%2Fyd2EI2QluvLQOBa9k1s%3D&amp;reserved=0\" target=\"_blank\">https:\/\/www.researchgate.net\/profile\/Nikos-Ntoumanis<\/a>&nbsp;<br>University of Southern Denmark, Denmark<\/p>\n\n\n\n<p>I received my PhD in Medical Sciences from the University of Exeter (UK) in 1999. My longest period of employment (2001-2014) has been at the University of Birmingham (UK). I joined the School of Psychology at Curtin University (Australia) in 2014 on a research-only role. In July 2021 I moved to the Department of Sports Science and Clinical Biomechanics at the University of Southern Denmark.<\/p>\n\n\n\n<p>I am interested in personal and contextual factors that optimise motivation and promote performance, morality, psychological well-being and health-conducive behaviours. Areas of particular interest are physical activity promotion in different community settings, self-regulation of life goals, and psychology of sport with emphasis on applications of contemporary theories of motivation. To date, I have written two books on statistics that were published by Routledge in 2001 and by Wiley in 2016. I have also published over 250 peer reviewed articles and 25 book chapters; my research has attracted over 33,000 citations on Google Scholar (h index=88; Scopus h index=60). The citations for my research are from 11 subject disciplines showing its broad academic impact. According to Web of Science, 59.05% of my publications are in Quartile 1 journals; for 56% I am the first or last author. My research has been published in various prestigious journals (e.g., Perspectives on Psychological Science, Current Directions in Psychological Science, Developmental Psychology, Journal of Educational Psychology; Personality and Social Psychology Bulletin, Annals of Behavioral Medicine, Sports Medicine, British Journal of Sports Medicine, Health Psychology), and has been supported by funding (over $13.5m) from major research councils in the UK (ESRC, MRC), the Australian Research Council, the Australian Heart Foundation, the European Union, the International Olympic Committee, Healthway, Cancer Council WA, UK charities, UK local health authorities, Australian Army, and the industry.<\/p>\n\n\n\n<p>My research has received awards from various academic and professional organisations (e.g., BPS, ISSI, NASPSPA, AASP, ECSS). In 2014 I was awarded a fellowship by the UK\u2019s Academy of Social Sciences for exceptional research. In 2015 I was awarded a fellowship from the British Psychological Society (BPS). In 2016 I was awarded the John Curtin Distinguished Professor title by Curtin University. In 2019 I was awarded the Distinguished Scholar Award by the US Association of Applied Sport Psychology (AASP). Since 2011 I have been the Editor-in-Chief of the journal Psychology of Sport and Exercise (official publication of the European Society of Sport and Exercise Psychology) and have served on the editorial board of many other journals (e.g., Journal of Educational Psychology, Annals of Behavioural Medicine, Motivation Science, Motivation &amp; Emotion). My favourite physical activities are weight training, basketball, and swimming.<\/p>\n\n\n\n<div class=\"wp-block-image\"><figure class=\"alignleft size-large is-resized\"><img decoding=\"async\" src=\"https:\/\/sites.ipleiria.pt\/jsppd2021\/files\/2021\/05\/20170925_Ekkekakis_Panteleimon027_crop-811x1024.jpg\" alt=\"\" class=\"wp-image-98\" width=\"200\" srcset=\"https:\/\/sites.ipleiria.pt\/jsppd2021\/files\/2021\/05\/20170925_Ekkekakis_Panteleimon027_crop-811x1024.jpg 811w, https:\/\/sites.ipleiria.pt\/jsppd2021\/files\/2021\/05\/20170925_Ekkekakis_Panteleimon027_crop-238x300.jpg 238w, https:\/\/sites.ipleiria.pt\/jsppd2021\/files\/2021\/05\/20170925_Ekkekakis_Panteleimon027_crop-768x969.jpg 768w, https:\/\/sites.ipleiria.pt\/jsppd2021\/files\/2021\/05\/20170925_Ekkekakis_Panteleimon027_crop-1217x1536.jpg 1217w, https:\/\/sites.ipleiria.pt\/jsppd2021\/files\/2021\/05\/20170925_Ekkekakis_Panteleimon027_crop-1622x2048.jpg 1622w, https:\/\/sites.ipleiria.pt\/jsppd2021\/files\/2021\/05\/20170925_Ekkekakis_Panteleimon027_crop.jpg 2024w\" sizes=\"(max-width: 767px) 89vw, (max-width: 1000px) 54vw, (max-width: 1071px) 543px, 580px\" \/><\/figure><\/div>\n\n\n\n<p><strong>Professor Panteleimon Ekkekakis<br><\/strong><a rel=\"noreferrer noopener\" href=\"https:\/\/eur02.safelinks.protection.outlook.com\/?url=https%3A%2F%2Fwww.ekkekakis.org%2F&amp;data=04%7C01%7C1191030%40my.ipleiria.pt%7C62125ca5a5634a74945308d9152c0140%7C536b85ada4484186a9afe3ccad3302c5%7C0%7C0%7C637564101164219922%7CUnknown%7CTWFpbGZsb3d8eyJWIjoiMC4wLjAwMDAiLCJQIjoiV2luMzIiLCJBTiI6Ik1haWwiLCJXVCI6Mn0%3D%7C1000&amp;sdata=wmo8LfXJLOHY%2B%2BmS1odvI7M%2F1hv1E%2BduPr9tDZN%2FDxE%3D&amp;reserved=0\" target=\"_blank\">https:\/\/www.Ekkekakis.org\/<\/a><br>Iowa State University, USA<\/p>\n\n\n\n<p>Panteleimon (&#8220;Paddy&#8221;) Ekkekakis is a Professor of exercise psychology at Iowa State University, and an elected Fellow of the American College of Sports Medicine and the National Academy of Kinesiology of the United States. His research examines pleasure and displeasure responses to exercise, including their underlying cognitive and neurobiological mechanisms, and their implications for exercise behavior. He has developed the Dual-Mode Theory of affective responses to exercise and the Affective-Reflective Theory of physical inactivity and exercise (with Prof. Ralf Brand). Ekkekakis is the author of The Measurement of Affect, Mood, and Emotion: A Guide for Health-Behavioral Research (Cambridge University Press, 2013), the editor-in-chief of the Handbook of Physical Activity and Mental Health (Routledge, 2013), and co-editor of the Psychobiology of Physical Activity (Human Kinetics, 2006). Ekkekakis has presented keynote lectures, seminars, and workshops in over 30 cities in 15 countries outside the United States.<\/p>\n\n\n\n<div class=\"wp-block-image\"><figure class=\"alignleft size-large is-resized\"><img decoding=\"async\" src=\"https:\/\/sites.ipleiria.pt\/jsppd2021\/files\/2021\/06\/hugo-sarmento-11-cnef-2-1024x1024-1.jpeg\" alt=\"\" class=\"wp-image-196\" width=\"200\" srcset=\"https:\/\/sites.ipleiria.pt\/jsppd2021\/files\/2021\/06\/hugo-sarmento-11-cnef-2-1024x1024-1.jpeg 1024w, https:\/\/sites.ipleiria.pt\/jsppd2021\/files\/2021\/06\/hugo-sarmento-11-cnef-2-1024x1024-1-300x300.jpeg 300w, https:\/\/sites.ipleiria.pt\/jsppd2021\/files\/2021\/06\/hugo-sarmento-11-cnef-2-1024x1024-1-150x150.jpeg 150w, https:\/\/sites.ipleiria.pt\/jsppd2021\/files\/2021\/06\/hugo-sarmento-11-cnef-2-1024x1024-1-768x768.jpeg 768w, https:\/\/sites.ipleiria.pt\/jsppd2021\/files\/2021\/06\/hugo-sarmento-11-cnef-2-1024x1024-1-100x100.jpeg 100w\" sizes=\"(max-width: 767px) 89vw, (max-width: 1000px) 54vw, (max-width: 1071px) 543px, 580px\" \/><\/figure><\/div>\n\n\n\n<p><strong>Professor<\/strong> <strong><strong>Hugo Sarmento<\/strong><\/strong><br><a rel=\"noreferrer noopener\" href=\"https:\/\/www.researchgate.net\/profile\/Hugo-Sarmento-2\" target=\"_blank\">https:\/\/www.researchgate.net\/profile\/Hugo-Sarmento-2 <\/a><strong><br><\/strong>Universidade de Coimbra<\/p>\n\n\n\n<p>Hugo Sarmento \u00e9 doutorado em Ci\u00eancias do Desporto e Professor Auxiliar na Faculdade de Ci\u00eancias do Desporto e Educa\u00e7\u00e3o F\u00edsica da Universidade de Coimbra, onde coordena o Mestrado em Treino Desportivo, e o Mestrado em Treino Desportivo para Crian\u00e7as e Jovens.<\/p>\n\n\n\n<p>Publicou 8 livros e mais de 80 artigos cient\u00edficos sobre an\u00e1lise da performance, identifica\u00e7\u00e3o e desenvolvimento de talentos e atividade f\u00edsica e sa\u00fade. Adicionalmente, \u00e9 membro da comiss\u00e3o editorial de 6 revistas cient\u00edficas. Ao longo dos \u00faltimos 10 anos tem desempenhado fun\u00e7\u00f5es como formador de treinadores em diversas Federa\u00e7\u00f5es Desportivas.<\/p>\n\n\n\n<p><\/p>\n\n\n\n<div class=\"wp-block-image\"><figure class=\"alignleft size-large is-resized\"><img decoding=\"async\" src=\"https:\/\/sites.ipleiria.pt\/jsppd2021\/files\/2021\/06\/luiscurral.jpg\" alt=\"\" class=\"wp-image-254\" width=\"200\" \/><\/figure><\/div>\n\n\n\n<p><strong>Professor<\/strong> <strong><strong><strong><strong>Lu\u00eds Curral<\/strong><\/strong><\/strong><\/strong><br><a rel=\"noreferrer noopener\" href=\"https:\/\/eur02.safelinks.protection.outlook.com\/?url=https%3A%2F%2Fwww.researchgate.net%2Fprofile%2FLuis-Curral&amp;data=04%7C01%7C1191030%40my.ipleiria.pt%7C4213cbe4dce447d5ec4a08d930114ec7%7C536b85ada4484186a9afe3ccad3302c5%7C0%7C0%7C637593673151488672%7CUnknown%7CTWFpbGZsb3d8eyJWIjoiMC4wLjAwMDAiLCJQIjoiV2luMzIiLCJBTiI6Ik1haWwiLCJXVCI6Mn0%3D%7C1000&amp;sdata=FZPbmZgOjwhKKDR4Mlkt8Wftw8I4EOW%2FUfja7Y4LOFY%3D&amp;reserved=0\" target=\"_blank\">https:\/\/www.researchgate.net\/profile\/Luis-Curral<\/a><br>Faculdade de Psicologia da Universidade de Lisboa<\/p>\n\n\n\n<p>Lu\u00eds Curral \u00e9 professor associado na Faculdade de Psicologia da Universidade de Lisboa, onde integra o grupo de Psicologia Organizacional. \u00c9 membro do Centro de Investiga\u00e7\u00e3o em Ci\u00eancias Psicol\u00f3gicas da Universidade de Lisboa onde tem participado e coordenado v\u00e1rios projectos de investiga\u00e7\u00e3o. Nos anos 2001-2005, foi bolseiro da Funda\u00e7\u00e3o de Ci\u00eancia e Tecnologia e doutorou-se em Psicologia Social em 2005 na Universidade de Lisboa. Tem estudado processo cognitivos subjacentes ao trabalho em equipa, adapta\u00e7\u00e3o, inova\u00e7\u00e3o e empreendedorismo. Atualmente interessa-se ainda pela aplicabilidade das teorias de complexidade \u00e0s organiza\u00e7\u00f5es. Autor de mais de cerca de 50 publica\u00e7\u00f5es em revistas internacionais num total de mais de 900 cita\u00e7\u00f5es, publicou tamb\u00e9m in\u00fameros artigos e livros de divulga\u00e7\u00e3o em portugu\u00eas.<\/p>\n\n\n\n<div class=\"wp-block-image\"><figure class=\"alignleft size-large is-resized\"><img decoding=\"async\" src=\"https:\/\/sites.ipleiria.pt\/jsppd2021\/files\/2021\/06\/Wylleman-Paul_07-683x1024.jpg\" alt=\"\" class=\"wp-image-284\" width=\"200\" srcset=\"https:\/\/sites.ipleiria.pt\/jsppd2021\/files\/2021\/06\/Wylleman-Paul_07-683x1024.jpg 683w, https:\/\/sites.ipleiria.pt\/jsppd2021\/files\/2021\/06\/Wylleman-Paul_07-200x300.jpg 200w, https:\/\/sites.ipleiria.pt\/jsppd2021\/files\/2021\/06\/Wylleman-Paul_07-768x1152.jpg 768w, https:\/\/sites.ipleiria.pt\/jsppd2021\/files\/2021\/06\/Wylleman-Paul_07-1024x1536.jpg 1024w, https:\/\/sites.ipleiria.pt\/jsppd2021\/files\/2021\/06\/Wylleman-Paul_07-1365x2048.jpg 1365w, https:\/\/sites.ipleiria.pt\/jsppd2021\/files\/2021\/06\/Wylleman-Paul_07-scaled.jpg 1706w\" sizes=\"(max-width: 683px) 100vw, 683px\" \/><\/figure><\/div>\n\n\n\n<p><strong>Professor<\/strong> <strong><strong><strong><strong>Paul Wylleman<\/strong><\/strong><\/strong><\/strong><br><a href=\"https:\/\/www.researchgate.net\/profile\/Paul-Wylleman\"><a rel=\"noreferrer noopener\" href=\"https:\/\/eur02.safelinks.protection.outlook.com\/?url=https%3A%2F%2Fwww.researchgate.net%2Fprofile%2FPaul-Wylleman&amp;data=04%7C01%7C1191030%40my.ipleiria.pt%7C6a8e42fb91384c32efd508d930a84282%7C536b85ada4484186a9afe3ccad3302c5%7C0%7C0%7C637594321499633407%7CUnknown%7CTWFpbGZsb3d8eyJWIjoiMC4wLjAwMDAiLCJQIjoiV2luMzIiLCJBTiI6Ik1haWwiLCJXVCI6Mn0%3D%7C1000&amp;sdata=AaFbvj687KZojTV3aZqD6ehyCitz6JxKf7RpMsqxQFY%3D&amp;reserved=0\" target=\"_blank\">https:\/\/www.researchgate.net\/profile\/Paul-Wylleman<\/a><\/a><br>Vrije Universiteit, Brussel\u00a0<\/p>\n\n\n\n<p>Paul Wylleman, Doctor in Psychology, lic.\u00a0Clinical psychology is full professor at the Vrije Universiteit Brussel where he teaches, among others, Sport psychology, High Performance Management and Mental support during the athletic career. By way of a holistic perspective his research focuses on the development of and transitions in the (elite) sports career, the development of psychological competences in talented and elite athletes, the mental well-being of talented and elite athletes and elite coaches, and the competences of (sport) psychologists working in elite sport. He was the 2017 Distinguished International Scholar of the Applied Association of Sport Psychology (AASP; USA). He was President of the European Federation of Sport Psychology (FEPSAC) and was also a member of the board of Associated Members in the European Federation of Psychology Associations (EFPA). During the past 30 years, Paul has provided support to talented, elite athletes and Olympic athletes and coaches (e.g., in archery, judo, figure skating, swimming, track and field) during various European and World Championships and Olympic Games. He was also team psychologist for the Belgian DavisCup and FedCup teams. Finally, since 2013, Paul has been performance manager Performance Behavior at TeamNL (the Olympic Committee of the Netherlands, NOC*NSF) where he leads a team of psychologists in support of talented and elite athletes, teams, coaches and support staff. He was the team psychologist for TeamNL during the 2016 Olympic Games in Rio and during the 2020 Olympic Games in Tokyo.<\/p>\n","protected":false},"excerpt":{"rendered":"<p>Professor Nikos Ntoumanishttps:\/\/www.researchgate.net\/profile\/Nikos-Ntoumanis&nbsp;University of Southern Denmark, Denmark I received my PhD in Medical Sciences from the University of Exeter (UK) in 1999. My longest period of employment (2001-2014) has been at the University of Birmingham (UK). I joined the School of Psychology at Curtin University (Australia) in 2014 on a research-only role. In July 2021 &hellip; <\/p>\n<p class=\"link-more\"><a href=\"https:\/\/sites.ipleiria.pt\/jsppd2021\/conferencistas\/\" class=\"more-link\">Continuar a ler <span class=\"screen-reader-text\">&#8220;Conferencistas&#8221;<\/span><\/a><\/p>\n","protected":false},"author":102,"featured_media":0,"parent":0,"menu_order":2,"comment_status":"closed","ping_status":"closed","template":"","meta":{"footnotes":""},"class_list":["post-14","page","type-page","status-publish","hentry"],"_links":{"self":[{"href":"https:\/\/sites.ipleiria.pt\/jsppd2021\/wp-json\/wp\/v2\/pages\/14","targetHints":{"allow":["GET"]}}],"collection":[{"href":"https:\/\/sites.ipleiria.pt\/jsppd2021\/wp-json\/wp\/v2\/pages"}],"about":[{"href":"https:\/\/sites.ipleiria.pt\/jsppd2021\/wp-json\/wp\/v2\/types\/page"}],"author":[{"embeddable":true,"href":"https:\/\/sites.ipleiria.pt\/jsppd2021\/wp-json\/wp\/v2\/users\/102"}],"replies":[{"embeddable":true,"href":"https:\/\/sites.ipleiria.pt\/jsppd2021\/wp-json\/wp\/v2\/comments?post=14"}],"version-history":[{"count":11,"href":"https:\/\/sites.ipleiria.pt\/jsppd2021\/wp-json\/wp\/v2\/pages\/14\/revisions"}],"predecessor-version":[{"id":287,"href":"https:\/\/sites.ipleiria.pt\/jsppd2021\/wp-json\/wp\/v2\/pages\/14\/revisions\/287"}],"wp:attachment":[{"href":"https:\/\/sites.ipleiria.pt\/jsppd2021\/wp-json\/wp\/v2\/media?parent=14"}],"curies":[{"name":"wp","href":"https:\/\/api.w.org\/{rel}","templated":true}]}}