{"id":140,"date":"2021-05-27T09:39:03","date_gmt":"2021-05-27T09:39:03","guid":{"rendered":"https:\/\/sites.ipleiria.pt\/jsppd2021\/?page_id=140"},"modified":"2021-09-15T11:52:08","modified_gmt":"2021-09-15T11:52:08","slug":"submissao-de-comunicacao-oral-e-poster","status":"publish","type":"page","link":"https:\/\/sites.ipleiria.pt\/jsppd2021\/submissao-de-comunicacao-oral-e-poster\/","title":{"rendered":"Submiss\u00e3o de comunica\u00e7\u00e3o oral\/poster"},"content":{"rendered":"\n<p>Para a submiss\u00e3o de comunica\u00e7\u00e3o oral ou poster \u00e9 necess\u00e1rio, numa primeira fase, o envio do resumo. Este deve incluir o t\u00edtulo da comunica\u00e7\u00e3o, nome e filia\u00e7\u00e3o dos autores, resumo e palavras-chave, de acordo com o template dispon\u00edvel.<\/p>\n\n\n\n<p>Ap\u00f3s a rece\u00e7\u00e3o dos resumos, estes ser\u00e3o analisados pela comiss\u00e3o cient\u00edfica, que ir\u00e1 decidir se o trabalho \u00e9 aceite. Existe um limite de 3 submiss\u00f5es e de 1 comunica\u00e7\u00e3o oral por autor, sendo que o primeiro autor ter\u00e1 de estar inscrito nas jornadas.<\/p>\n\n\n\n<p>Todos os resumos aceites ser\u00e3o publicados em livro de atas em papel (ISBN) e digital (disponibilizado online no site).<\/p>\n\n\n\n<div class=\"wp-block-file\"><a href=\"https:\/\/sites.ipleiria.pt\/jsppd2021\/files\/2021\/05\/Template-Apresentacao-Oral-XXII-Jornadas-SPPD.pptx\">Template Apresenta\u00e7\u00e3o Oral<\/a><a href=\"https:\/\/sites.ipleiria.pt\/jsppd2021\/files\/2021\/05\/Template-Apresentacao-Oral-XXII-Jornadas-SPPD.pptx\" class=\"wp-block-file__button\" download>Descarregar<\/a><\/div>\n\n\n\n<div class=\"wp-block-file\"><a href=\"https:\/\/sites.ipleiria.pt\/jsppd2021\/files\/2021\/05\/Template-Apresentacao-Poster-XXII-Jornadas-SPPD.pptx.pptx\">Template Apresenta\u00e7\u00e3o Poster<\/a><a href=\"https:\/\/sites.ipleiria.pt\/jsppd2021\/files\/2021\/05\/Template-Apresentacao-Poster-XXII-Jornadas-SPPD.pptx.pptx\" class=\"wp-block-file__button\" download>Descarregar<\/a><\/div>\n\n\n\n<p><\/p>\n","protected":false},"excerpt":{"rendered":"<p>Para a submiss\u00e3o de comunica\u00e7\u00e3o oral ou poster \u00e9 necess\u00e1rio, numa primeira fase, o envio do resumo. Este deve incluir o t\u00edtulo da comunica\u00e7\u00e3o, nome e filia\u00e7\u00e3o dos autores, resumo e palavras-chave, de acordo com o template dispon\u00edvel. Ap\u00f3s a rece\u00e7\u00e3o dos resumos, estes ser\u00e3o analisados pela comiss\u00e3o cient\u00edfica, que ir\u00e1 decidir se o trabalho &hellip; <\/p>\n<p class=\"link-more\"><a href=\"https:\/\/sites.ipleiria.pt\/jsppd2021\/submissao-de-comunicacao-oral-e-poster\/\" class=\"more-link\">Continuar a ler <span class=\"screen-reader-text\">&#8220;Submiss\u00e3o de comunica\u00e7\u00e3o oral\/poster&#8221;<\/span><\/a><\/p>\n","protected":false},"author":5223,"featured_media":0,"parent":0,"menu_order":0,"comment_status":"closed","ping_status":"closed","template":"","meta":{"footnotes":""},"class_list":["post-140","page","type-page","status-publish","hentry"],"_links":{"self":[{"href":"https:\/\/sites.ipleiria.pt\/jsppd2021\/wp-json\/wp\/v2\/pages\/140","targetHints":{"allow":["GET"]}}],"collection":[{"href":"https:\/\/sites.ipleiria.pt\/jsppd2021\/wp-json\/wp\/v2\/pages"}],"about":[{"href":"https:\/\/sites.ipleiria.pt\/jsppd2021\/wp-json\/wp\/v2\/types\/page"}],"author":[{"embeddable":true,"href":"https:\/\/sites.ipleiria.pt\/jsppd2021\/wp-json\/wp\/v2\/users\/5223"}],"replies":[{"embeddable":true,"href":"https:\/\/sites.ipleiria.pt\/jsppd2021\/wp-json\/wp\/v2\/comments?post=140"}],"version-history":[{"count":9,"href":"https:\/\/sites.ipleiria.pt\/jsppd2021\/wp-json\/wp\/v2\/pages\/140\/revisions"}],"predecessor-version":[{"id":391,"href":"https:\/\/sites.ipleiria.pt\/jsppd2021\/wp-json\/wp\/v2\/pages\/140\/revisions\/391"}],"wp:attachment":[{"href":"https:\/\/sites.ipleiria.pt\/jsppd2021\/wp-json\/wp\/v2\/media?parent=140"}],"curies":[{"name":"wp","href":"https:\/\/api.w.org\/{rel}","templated":true}]}}