{"id":141,"date":"2021-05-27T09:39:03","date_gmt":"2021-05-27T09:39:03","guid":{"rendered":"https:\/\/sites.ipleiria.pt\/jsppd2021\/?page_id=141"},"modified":"2021-09-06T13:47:17","modified_gmt":"2021-09-06T13:47:17","slug":"submissao-de-simposio","status":"publish","type":"page","link":"https:\/\/sites.ipleiria.pt\/jsppd2021\/submissao-de-simposio\/","title":{"rendered":"Submiss\u00e3o de Simp\u00f3sio"},"content":{"rendered":"\n<p>Para a submiss\u00e3o de propostas de simp\u00f3sio \u00e9 necess\u00e1rio, numa primeira fase, o envio de uma proposta contendo o t\u00edtulo do simp\u00f3sio, a linha tem\u00e1tica, os organizadores, os moderadores, os preletores e um resumo das comunica\u00e7\u00f5es previstas, de acordo com o template dispon\u00edvel.<\/p>\n\n\n\n<p>Cada simp\u00f3sio \u00e9 constitu\u00eddo por 4 comunica\u00e7\u00f5es organizadas tematicamente e dinamizadas com a presen\u00e7a de um moderador.<\/p>\n\n\n\n<p>O organizador, o moderador e os preletores do simp\u00f3sio dever\u00e3o estar inscritos nas Jornadas.<\/p>\n\n\n\n<div class=\"wp-block-file\"><a href=\"https:\/\/sites.ipleiria.pt\/jsppd2021\/files\/2021\/09\/Template-Apresentacao-Oral-XXII-Jornadas-SPPD.pptx\">Template Apresenta\u00e7\u00e3o Oral<\/a><a href=\"https:\/\/sites.ipleiria.pt\/jsppd2021\/files\/2021\/09\/Template-Apresentacao-Oral-XXII-Jornadas-SPPD.pptx\" class=\"wp-block-file__button\" download>Descarregar<\/a><\/div>\n\n\n\n<div class=\"wp-block-file\"><a href=\"https:\/\/sites.ipleiria.pt\/jsppd2021\/files\/2021\/09\/Template_Resumo_Simposio_-2.doc\">Template Simp\u00f3sio<\/a><a href=\"https:\/\/sites.ipleiria.pt\/jsppd2021\/files\/2021\/09\/Template_Resumo_Simposio_-2.doc\" class=\"wp-block-file__button\" download>Descarregar<\/a><\/div>\n","protected":false},"excerpt":{"rendered":"<p>Para a submiss\u00e3o de propostas de simp\u00f3sio \u00e9 necess\u00e1rio, numa primeira fase, o envio de uma proposta contendo o t\u00edtulo do simp\u00f3sio, a linha tem\u00e1tica, os organizadores, os moderadores, os preletores e um resumo das comunica\u00e7\u00f5es previstas, de acordo com o template dispon\u00edvel. Cada simp\u00f3sio \u00e9 constitu\u00eddo por 4 comunica\u00e7\u00f5es organizadas tematicamente e dinamizadas com &hellip; <\/p>\n<p class=\"link-more\"><a href=\"https:\/\/sites.ipleiria.pt\/jsppd2021\/submissao-de-simposio\/\" class=\"more-link\">Continuar a ler <span class=\"screen-reader-text\">&#8220;Submiss\u00e3o de Simp\u00f3sio&#8221;<\/span><\/a><\/p>\n","protected":false},"author":5223,"featured_media":0,"parent":0,"menu_order":0,"comment_status":"closed","ping_status":"closed","template":"","meta":{"footnotes":""},"class_list":["post-141","page","type-page","status-publish","hentry"],"_links":{"self":[{"href":"https:\/\/sites.ipleiria.pt\/jsppd2021\/wp-json\/wp\/v2\/pages\/141","targetHints":{"allow":["GET"]}}],"collection":[{"href":"https:\/\/sites.ipleiria.pt\/jsppd2021\/wp-json\/wp\/v2\/pages"}],"about":[{"href":"https:\/\/sites.ipleiria.pt\/jsppd2021\/wp-json\/wp\/v2\/types\/page"}],"author":[{"embeddable":true,"href":"https:\/\/sites.ipleiria.pt\/jsppd2021\/wp-json\/wp\/v2\/users\/5223"}],"replies":[{"embeddable":true,"href":"https:\/\/sites.ipleiria.pt\/jsppd2021\/wp-json\/wp\/v2\/comments?post=141"}],"version-history":[{"count":7,"href":"https:\/\/sites.ipleiria.pt\/jsppd2021\/wp-json\/wp\/v2\/pages\/141\/revisions"}],"predecessor-version":[{"id":382,"href":"https:\/\/sites.ipleiria.pt\/jsppd2021\/wp-json\/wp\/v2\/pages\/141\/revisions\/382"}],"wp:attachment":[{"href":"https:\/\/sites.ipleiria.pt\/jsppd2021\/wp-json\/wp\/v2\/media?parent=141"}],"curies":[{"name":"wp","href":"https:\/\/api.w.org\/{rel}","templated":true}]}}