{"id":16,"date":"2021-02-09T18:48:33","date_gmt":"2021-02-09T18:48:33","guid":{"rendered":"http:\/\/sites.ipleiria.pt\/jsppd2021\/?page_id=16"},"modified":"2021-10-23T07:38:26","modified_gmt":"2021-10-23T07:38:26","slug":"inscricoes","status":"publish","type":"page","link":"https:\/\/sites.ipleiria.pt\/jsppd2021\/inscricoes\/","title":{"rendered":"Inscri\u00e7\u00f5es"},"content":{"rendered":"\n<p><strong><em>Pre\u00e7o de Inscri\u00e7\u00f5es<\/em><\/strong><\/p>\n\n\n\n<figure class=\"wp-block-table is-style-stripes\"><table><tbody><tr><td><\/td><td class=\"has-text-align-center\" data-align=\"center\"><strong>At\u00e9 24 out 2021<\/strong><\/td><td class=\"has-text-align-center\" data-align=\"center\"><strong>Ap\u00f3s 24 out 2021<\/strong><\/td><\/tr><tr><td>* Estudantes Polit\u00e9cnico de Leiria (anexar comprovativo)<\/td><td class=\"has-text-align-center\" data-align=\"center\">5 \u20ac<\/td><td class=\"has-text-align-center\" data-align=\"center\">15 \u20ac<\/td><\/tr><tr><td>* Antigos alunos do Polit\u00e9cnico de Leiria (inscritos na rede IPLeiri@lumini)<\/td><td class=\"has-text-align-center\" data-align=\"center\">15\u20ac<\/td><td class=\"has-text-align-center\" data-align=\"center\">20\u20ac<\/td><\/tr><tr><td>* Estudantes Licenciatura\/Mestrado\/Doutoramento (anexar<br>comprovativo)<\/td><td class=\"has-text-align-center\" data-align=\"center\">25 \u20ac<\/td><td class=\"has-text-align-center\" data-align=\"center\">35 \u20ac<\/td><\/tr><tr><td>* S\u00f3cio SPPD (anexar comprovativo)<\/td><td class=\"has-text-align-center\" data-align=\"center\">20 \u20ac<\/td><td class=\"has-text-align-center\" data-align=\"center\">30 \u20ac<\/td><\/tr><tr><td>* N\u00e3o S\u00f3cio SPPD<\/td><td class=\"has-text-align-center\" data-align=\"center\">35 \u20ac<\/td><td class=\"has-text-align-center\" data-align=\"center\">45 \u20ac<\/td><\/tr><\/tbody><\/table><\/figure>\n\n\n\n<p><\/p>\n\n\n\n<ul class=\"wp-block-list\"><li>\u00c9 poss\u00edvel almo\u00e7ar na cantina pelo valor de 4.75\u20ac (sopa, prato \u00e0 escolha, bebida, sobremesa) ap\u00f3s comprovada a inscri\u00e7\u00e3o nas;<\/li><li>Formas de pagamento: Cart\u00e3o de Cr\u00e9dito e Multibanco.<\/li><\/ul>\n\n\n\n<p><\/p>\n\n\n\n<p>Inscri\u00e7\u00e3o com Acredita\u00e7\u00e3o<\/p>\n\n\n\n<p><a href=\"http:\/\/eventos.ipleiria.pt\/portal\/eventos?p_id=26123\" target=\"_blank\" rel=\"noreferrer noopener\">http:\/\/eventos.ipleiria.pt\/portal\/eventos?p_id=26123<\/a><\/p>\n\n\n\n<p><strong>A\u00e7\u00e3o creditada para revalida\u00e7\u00e3o do t\u00edtulo profissional de Treinadores (c\u00f3digo de a\u00e7\u00e3o 254928184), T\u00e9cnicos de Exerc\u00edcio F\u00edsico e Diretores T\u00e9cnicos (c\u00f3digo de a\u00e7\u00e3o 254928185). N\u00ba de Unidades de Cr\u00e9ditos atribu\u00eddas: 3.3<\/strong>.<\/p>\n\n\n\n<p><strong>A\u00e7\u00e3o de curta Dura\u00e7\u00e3o no dia 6 de novembro, acreditada pela ESECS (6 horas) nos termos do despacho n\u00ba 5741\/2015, no \u00e2mbito da forma\u00e7\u00e3o cont\u00ednua para efeitos da progress\u00e3o na carreira dos docentes dos grupos 260 e 620 (Art. 8.\u00ba do RJFC)<\/strong>.<\/p>\n\n\n\n<p><\/p>\n\n\n\n<p>Inscri\u00e7\u00e3o Sem Acredita\u00e7\u00e3o<\/p>\n\n\n\n<p><a href=\"http:\/\/eventos.ipleiria.pt\/portal\/eventos?p_id=26108\" target=\"_blank\" rel=\"noreferrer noopener\">http:\/\/eventos.ipleiria.pt\/portal\/eventos?p_id=26108<\/a><\/p>\n","protected":false},"excerpt":{"rendered":"<p>Pre\u00e7o de Inscri\u00e7\u00f5es At\u00e9 24 out 2021 Ap\u00f3s 24 out 2021 * Estudantes Polit\u00e9cnico de Leiria (anexar comprovativo) 5 \u20ac 15 \u20ac * Antigos alunos do Polit\u00e9cnico de Leiria (inscritos na rede IPLeiri@lumini) 15\u20ac 20\u20ac * Estudantes Licenciatura\/Mestrado\/Doutoramento (anexarcomprovativo) 25 \u20ac 35 \u20ac * S\u00f3cio SPPD (anexar comprovativo) 20 \u20ac 30 \u20ac * N\u00e3o S\u00f3cio &hellip; <\/p>\n<p class=\"link-more\"><a href=\"https:\/\/sites.ipleiria.pt\/jsppd2021\/inscricoes\/\" class=\"more-link\">Continuar a ler <span class=\"screen-reader-text\">&#8220;Inscri\u00e7\u00f5es&#8221;<\/span><\/a><\/p>\n","protected":false},"author":102,"featured_media":0,"parent":0,"menu_order":3,"comment_status":"closed","ping_status":"closed","template":"","meta":{"footnotes":""},"class_list":["post-16","page","type-page","status-publish","hentry"],"_links":{"self":[{"href":"https:\/\/sites.ipleiria.pt\/jsppd2021\/wp-json\/wp\/v2\/pages\/16","targetHints":{"allow":["GET"]}}],"collection":[{"href":"https:\/\/sites.ipleiria.pt\/jsppd2021\/wp-json\/wp\/v2\/pages"}],"about":[{"href":"https:\/\/sites.ipleiria.pt\/jsppd2021\/wp-json\/wp\/v2\/types\/page"}],"author":[{"embeddable":true,"href":"https:\/\/sites.ipleiria.pt\/jsppd2021\/wp-json\/wp\/v2\/users\/102"}],"replies":[{"embeddable":true,"href":"https:\/\/sites.ipleiria.pt\/jsppd2021\/wp-json\/wp\/v2\/comments?post=16"}],"version-history":[{"count":18,"href":"https:\/\/sites.ipleiria.pt\/jsppd2021\/wp-json\/wp\/v2\/pages\/16\/revisions"}],"predecessor-version":[{"id":408,"href":"https:\/\/sites.ipleiria.pt\/jsppd2021\/wp-json\/wp\/v2\/pages\/16\/revisions\/408"}],"wp:attachment":[{"href":"https:\/\/sites.ipleiria.pt\/jsppd2021\/wp-json\/wp\/v2\/media?parent=16"}],"curies":[{"name":"wp","href":"https:\/\/api.w.org\/{rel}","templated":true}]}}