{"id":18,"date":"2021-02-09T18:49:06","date_gmt":"2021-02-09T18:49:06","guid":{"rendered":"http:\/\/sites.ipleiria.pt\/jsppd2021\/?page_id=18"},"modified":"2021-10-04T09:40:11","modified_gmt":"2021-10-04T09:40:11","slug":"submissoes","status":"publish","type":"page","link":"https:\/\/sites.ipleiria.pt\/jsppd2021\/submissoes\/","title":{"rendered":"Submiss\u00f5es"},"content":{"rendered":"\n<p>Os melhores trabalhos apresentados nas Jornadas ser\u00e3o publicados na revista \u201cCuadernos de Psicologia del Deporte\u201d indexada na SJR- Scimago Journal &amp; Country Rank (SCOPUS), sendo uma revista quartil 3 com 0.28 de fator de impacto SJR.<\/p>\n\n\n\n<div class=\"wp-block-file\"><a href=\"https:\/\/sites.ipleiria.pt\/jsppd2021\/files\/2021\/06\/CPD.docx\">Mais Informa\u00e7\u00f5es<\/a><a href=\"https:\/\/sites.ipleiria.pt\/jsppd2021\/files\/2021\/06\/CPD.docx\" class=\"wp-block-file__button\" download>Descarregar<\/a><\/div>\n\n\n\n<p><\/p>\n\n\n\n<p><strong>As submiss\u00f5es dever\u00e3o ser enviadas at\u00e9 <em>24 de outubro.<\/em><\/strong><\/p>\n\n\n\n<p><strong>A notifica\u00e7\u00e3o de aceita\u00e7\u00e3o ser\u00e1 at\u00e9 ao dia 28 <em>de<\/em> <em>outubro<\/em>.<\/strong><\/p>\n\n\n\n<p><strong>Caso seja aceite deve fazer a sua inscri\u00e7\u00e3o at\u00e9 <em>2 de novembro.<\/em><\/strong><br><\/p>\n\n\n\n<p><\/p>\n\n\n\n<p><strong>Regras de Submiss\u00e3o<\/strong><\/p>\n\n\n\n<p><\/p>\n\n\n\n<ul class=\"wp-block-list\"><li>A submiss\u00e3o dos resumos, deve contemplar&nbsp; o nome&nbsp; do(s) autor\/es, as respetivas afilia\u00e7\u00f5es e&nbsp;o titulo da comunica\u00e7\u00e3o. Devem ser submetidos atrav\u00e9s da plataforma&nbsp;<strong>EasyChair<\/strong>:<a rel=\"noreferrer noopener\" href=\"https:\/\/easychair.org\/conferences\/?conf=22jornadassppd\" target=\"_blank\">https:\/\/easychair.org\/conferences\/?conf=22jornadassppd<\/a><\/li><li>Ser\u00e3o aceites para avalia\u00e7\u00e3o apenas resumos escritos em Portugu\u00eas ou Ingl\u00eas;<\/li><li>Os autores dever\u00e3o indicar no resumo escrito<strong> a submeter se o trabalho \u00e9 para comunica\u00e7\u00e3o poster ou comunica\u00e7\u00e3o oral<\/strong>;<\/li><li>Os resumos&nbsp;dever\u00e3o ser em texto corrido&nbsp;at\u00e9&nbsp;300 palavras&nbsp;(incluindo espa\u00e7os) no m\u00e1ximo e deve conter introdu\u00e7\u00e3o, objetivos, metodologia, resultados, conclus\u00e3o e bibliografia ( <strong>n\u00e3o incluir quadros nem tabelas<\/strong>);<\/li><li>Devem conter 3 a 5 palavras-chaves separadas por v\u00edrgulas;<\/li><li>Os textos devem cumprir as normas de formato das XXII Jornadas da SPPD&nbsp;(pdf.)&nbsp;Caso estas normas n\u00e3o sejam respeitadas, os textos n\u00e3o ser\u00e3o publicados.<\/li><\/ul>\n\n\n\n<div class=\"wp-block-file\"><a href=\"https:\/\/sites.ipleiria.pt\/jsppd2021\/files\/2021\/05\/Template-Resumo-Comunicacao-1.doc\">Template Resumo Comunicac\u00e3o<\/a><a href=\"https:\/\/sites.ipleiria.pt\/jsppd2021\/files\/2021\/05\/Template-Resumo-Comunicacao-1.doc\" class=\"wp-block-file__button\" download>Descarregar<\/a><\/div>\n\n\n\n<p><\/p>\n","protected":false},"excerpt":{"rendered":"<p>Os melhores trabalhos apresentados nas Jornadas ser\u00e3o publicados na revista \u201cCuadernos de Psicologia del Deporte\u201d indexada na SJR- Scimago Journal &amp; Country Rank (SCOPUS), sendo uma revista quartil 3 com 0.28 de fator de impacto SJR. As submiss\u00f5es dever\u00e3o ser enviadas at\u00e9 24 de outubro. A notifica\u00e7\u00e3o de aceita\u00e7\u00e3o ser\u00e1 at\u00e9 ao dia 28 de &hellip; <\/p>\n<p class=\"link-more\"><a href=\"https:\/\/sites.ipleiria.pt\/jsppd2021\/submissoes\/\" class=\"more-link\">Continuar a ler <span class=\"screen-reader-text\">&#8220;Submiss\u00f5es&#8221;<\/span><\/a><\/p>\n","protected":false},"author":102,"featured_media":0,"parent":0,"menu_order":4,"comment_status":"closed","ping_status":"closed","template":"","meta":{"footnotes":""},"class_list":["post-18","page","type-page","status-publish","hentry"],"_links":{"self":[{"href":"https:\/\/sites.ipleiria.pt\/jsppd2021\/wp-json\/wp\/v2\/pages\/18","targetHints":{"allow":["GET"]}}],"collection":[{"href":"https:\/\/sites.ipleiria.pt\/jsppd2021\/wp-json\/wp\/v2\/pages"}],"about":[{"href":"https:\/\/sites.ipleiria.pt\/jsppd2021\/wp-json\/wp\/v2\/types\/page"}],"author":[{"embeddable":true,"href":"https:\/\/sites.ipleiria.pt\/jsppd2021\/wp-json\/wp\/v2\/users\/102"}],"replies":[{"embeddable":true,"href":"https:\/\/sites.ipleiria.pt\/jsppd2021\/wp-json\/wp\/v2\/comments?post=18"}],"version-history":[{"count":25,"href":"https:\/\/sites.ipleiria.pt\/jsppd2021\/wp-json\/wp\/v2\/pages\/18\/revisions"}],"predecessor-version":[{"id":402,"href":"https:\/\/sites.ipleiria.pt\/jsppd2021\/wp-json\/wp\/v2\/pages\/18\/revisions\/402"}],"wp:attachment":[{"href":"https:\/\/sites.ipleiria.pt\/jsppd2021\/wp-json\/wp\/v2\/media?parent=18"}],"curies":[{"name":"wp","href":"https:\/\/api.w.org\/{rel}","templated":true}]}}