{"id":2,"date":"2021-02-09T18:26:58","date_gmt":"2021-02-09T18:26:58","guid":{"rendered":"http:\/\/jsppd2021.sites.ipleiria.pt\/?page_id=2"},"modified":"2021-09-20T18:20:59","modified_gmt":"2021-09-20T18:20:59","slug":"jsppd2021","status":"publish","type":"page","link":"https:\/\/sites.ipleiria.pt\/jsppd2021\/","title":{"rendered":"Apresenta\u00e7\u00e3o"},"content":{"rendered":"\n<p class=\"has-white-background-color has-text-color has-background\" style=\"color:#2e87c8\"><strong>XXII JORNADAS DA SOCIEDADE PORTUGUESA DE PSICOLOGIA DO DESPORTO<\/strong><\/p>\n\n\n\n<p><strong>4 a 6 de novembro de 2021<\/strong><\/p>\n\n\n\n<p>As XXII Jornadas da Sociedade Portuguesa de Psicologia do Desporto (SPPD) pretendem ser um evento capaz de dignificar a hist\u00f3ria da disciplina em Portugal e a tradi\u00e7\u00e3o que estas Jornadas t\u00eam garantido ao longo dos anos, sustentadas no tema \u201cInvestiga\u00e7\u00e3o e Pr\u00e1tica: de Todos e para Todos\u201d. Neste \u00e2mbito, pretendemos que as Jornadas sejam, simultaneamente, um momento de demonstra\u00e7\u00e3o da qualidade cient\u00edfica que se realiza no pa\u00eds, assim como de reflex\u00e3o acerca da atividade dos profissionais do desporto na partilha de boas pr\u00e1ticas no campo da psicologia associando a vertente cient\u00edfica e pr\u00e1tica.<\/p>\n\n\n\n<p><\/p>\n\n\n\n<div class=\"wp-block-file\"><a href=\"https:\/\/sites.ipleiria.pt\/jsppd2021\/files\/2021\/09\/Cartaz.png\">Cartaz &#8211; XXII Jornadas da Sociedade Portuguesa de Psicologia do Desporto<\/a><a href=\"https:\/\/sites.ipleiria.pt\/jsppd2021\/files\/2021\/09\/Cartaz.png\" class=\"wp-block-file__button\" download>Descarregar<\/a><\/div>\n","protected":false},"excerpt":{"rendered":"<p>XXII JORNADAS DA SOCIEDADE PORTUGUESA DE PSICOLOGIA DO DESPORTO 4 a 6 de novembro de 2021 As XXII Jornadas da Sociedade Portuguesa de Psicologia do Desporto (SPPD) pretendem ser um evento capaz de dignificar a hist\u00f3ria da disciplina em Portugal e a tradi\u00e7\u00e3o que estas Jornadas t\u00eam garantido ao longo dos anos, sustentadas no tema &hellip; <\/p>\n<p class=\"link-more\"><a href=\"https:\/\/sites.ipleiria.pt\/jsppd2021\/\" class=\"more-link\">Continuar a ler <span class=\"screen-reader-text\">&#8220;Apresenta\u00e7\u00e3o&#8221;<\/span><\/a><\/p>\n","protected":false},"author":102,"featured_media":0,"parent":0,"menu_order":1,"comment_status":"closed","ping_status":"closed","template":"","meta":{"footnotes":""},"class_list":["post-2","page","type-page","status-publish","hentry"],"_links":{"self":[{"href":"https:\/\/sites.ipleiria.pt\/jsppd2021\/wp-json\/wp\/v2\/pages\/2","targetHints":{"allow":["GET"]}}],"collection":[{"href":"https:\/\/sites.ipleiria.pt\/jsppd2021\/wp-json\/wp\/v2\/pages"}],"about":[{"href":"https:\/\/sites.ipleiria.pt\/jsppd2021\/wp-json\/wp\/v2\/types\/page"}],"author":[{"embeddable":true,"href":"https:\/\/sites.ipleiria.pt\/jsppd2021\/wp-json\/wp\/v2\/users\/102"}],"replies":[{"embeddable":true,"href":"https:\/\/sites.ipleiria.pt\/jsppd2021\/wp-json\/wp\/v2\/comments?post=2"}],"version-history":[{"count":9,"href":"https:\/\/sites.ipleiria.pt\/jsppd2021\/wp-json\/wp\/v2\/pages\/2\/revisions"}],"predecessor-version":[{"id":394,"href":"https:\/\/sites.ipleiria.pt\/jsppd2021\/wp-json\/wp\/v2\/pages\/2\/revisions\/394"}],"wp:attachment":[{"href":"https:\/\/sites.ipleiria.pt\/jsppd2021\/wp-json\/wp\/v2\/media?parent=2"}],"curies":[{"name":"wp","href":"https:\/\/api.w.org\/{rel}","templated":true}]}}