{"id":356,"date":"2021-07-22T15:24:39","date_gmt":"2021-07-22T15:24:39","guid":{"rendered":"https:\/\/sites.ipleiria.pt\/jsppd2021\/?page_id=356"},"modified":"2021-09-06T15:50:55","modified_gmt":"2021-09-06T15:50:55","slug":"inscricoes-programa-workshop","status":"publish","type":"page","link":"https:\/\/sites.ipleiria.pt\/jsppd2021\/inscricoes-programa-workshop\/","title":{"rendered":"Inscri\u00e7\u00f5es\/Programa Workshop"},"content":{"rendered":"\n<p><strong>Workshop<\/strong><\/p>\n\n\n\n<p>Workshop subordinado ao seguinte tema: \u201cDesporto como forma de inclus\u00e3o: estrat\u00e9gias de interven\u00e7\u00e3o\u201d direcionado para:<\/p>\n\n\n\n<p>&#8211; Treinadores de Desporto, c\u00f3digo de a\u00e7\u00e3o 254928471, N\u00ba de unidades de Cr\u00e9ditos atribu\u00eddas: 0.8; &nbsp;<\/p>\n\n\n\n<p>&#8211; T\u00e9cnicos de Exerc\u00edcio F\u00edsico e Diretores T\u00e9cnicos (c\u00f3digo de a\u00e7\u00e3o 254928472), N\u00ba de unidades de Cr\u00e9ditos atribu\u00eddas: 0.8; &#8211; Professores, como a\u00e7\u00e3o de curta dura\u00e7\u00e3o acreditada pela ESECS, para os grupos 260, 620, 910, 920 e 930, com a dura\u00e7\u00e3o de 4h<strong>, <\/strong>nos termos do despacho n\u00ba 5741\/2015, no \u00e2mbito da forma\u00e7\u00e3o cont\u00ednua para efeitos da progress\u00e3o na carreira.<\/p>\n\n\n\n<p><strong>Programa<\/strong><\/p>\n\n\n\n<p><strong><em>4 novembro<\/em><\/strong><br><strong>14h<\/strong> \u2013 Rece\u00e7\u00e3o e Apresenta\u00e7\u00e3o<br><strong>14:15 \u2013 15:30<\/strong> \u2013 Sess\u00e3o te\u00f3rica: O desporto como vetor para uma sociedade mais inclusiva: Adaptar o qu\u00ea, como e para quem? (Raul Antunes);<br><strong>15:30 \u2013 16:00<\/strong> \u2013 Exposi\u00e7\u00e3o de trabalhos dos alunos da PG em Desporto e Atividade F\u00edsica Adaptados (Turma P\u00f3s-Gradua\u00e7\u00e3o);<br><strong>16:00 \u2013 18:00<\/strong> \u2013 (sess\u00f5es paralelas \u2013 2 grupos, 1 hora em cada atividade):<br>&#8211; Meios e tecnologias de apoio \u00e0 inclus\u00e3o (C\u00e9lia Sousa);<br>&#8211; Estrat\u00e9gias pr\u00e1ticas de inclus\u00e3o no contexto do exerc\u00edcio f\u00edsico e do desporto (Raul Antunes e Pedro Pires).<\/p>\n\n\n\n<p><strong>Inscri\u00e7\u00f5es<\/strong> \u2013 <a rel=\"noreferrer noopener\" href=\"http:\/\/eventos.ipleiria.pt\/portal\/eventos?p_id=26209\" target=\"_blank\">http:\/\/eventos.ipleiria.pt\/portal\/eventos?p_id=26209<\/a><\/p>\n\n\n\n<p><\/p>\n","protected":false},"excerpt":{"rendered":"<p>Workshop Workshop subordinado ao seguinte tema: \u201cDesporto como forma de inclus\u00e3o: estrat\u00e9gias de interven\u00e7\u00e3o\u201d direcionado para: &#8211; Treinadores de Desporto, c\u00f3digo de a\u00e7\u00e3o 254928471, N\u00ba de unidades de Cr\u00e9ditos atribu\u00eddas: 0.8; &nbsp; &#8211; T\u00e9cnicos de Exerc\u00edcio F\u00edsico e Diretores T\u00e9cnicos (c\u00f3digo de a\u00e7\u00e3o 254928472), N\u00ba de unidades de Cr\u00e9ditos atribu\u00eddas: 0.8; &#8211; Professores, como a\u00e7\u00e3o &hellip; <\/p>\n<p class=\"link-more\"><a href=\"https:\/\/sites.ipleiria.pt\/jsppd2021\/inscricoes-programa-workshop\/\" class=\"more-link\">Continuar a ler <span class=\"screen-reader-text\">&#8220;Inscri\u00e7\u00f5es\/Programa Workshop&#8221;<\/span><\/a><\/p>\n","protected":false},"author":5222,"featured_media":0,"parent":0,"menu_order":0,"comment_status":"closed","ping_status":"closed","template":"","meta":{"footnotes":""},"class_list":["post-356","page","type-page","status-publish","hentry"],"_links":{"self":[{"href":"https:\/\/sites.ipleiria.pt\/jsppd2021\/wp-json\/wp\/v2\/pages\/356","targetHints":{"allow":["GET"]}}],"collection":[{"href":"https:\/\/sites.ipleiria.pt\/jsppd2021\/wp-json\/wp\/v2\/pages"}],"about":[{"href":"https:\/\/sites.ipleiria.pt\/jsppd2021\/wp-json\/wp\/v2\/types\/page"}],"author":[{"embeddable":true,"href":"https:\/\/sites.ipleiria.pt\/jsppd2021\/wp-json\/wp\/v2\/users\/5222"}],"replies":[{"embeddable":true,"href":"https:\/\/sites.ipleiria.pt\/jsppd2021\/wp-json\/wp\/v2\/comments?post=356"}],"version-history":[{"count":6,"href":"https:\/\/sites.ipleiria.pt\/jsppd2021\/wp-json\/wp\/v2\/pages\/356\/revisions"}],"predecessor-version":[{"id":384,"href":"https:\/\/sites.ipleiria.pt\/jsppd2021\/wp-json\/wp\/v2\/pages\/356\/revisions\/384"}],"wp:attachment":[{"href":"https:\/\/sites.ipleiria.pt\/jsppd2021\/wp-json\/wp\/v2\/media?parent=356"}],"curies":[{"name":"wp","href":"https:\/\/api.w.org\/{rel}","templated":true}]}}