{"id":6,"date":"2021-02-09T18:45:14","date_gmt":"2021-02-09T18:45:14","guid":{"rendered":"http:\/\/sites.ipleiria.pt\/jsppd2021\/?page_id=6"},"modified":"2021-06-15T08:51:12","modified_gmt":"2021-06-15T08:51:12","slug":"boas-vindas","status":"publish","type":"page","link":"https:\/\/sites.ipleiria.pt\/jsppd2021\/jsppd2021\/boas-vindas\/","title":{"rendered":"Boas vindas"},"content":{"rendered":"\n<div class=\"wp-block-image\"><figure class=\"alignleft size-large is-resized\"><img decoding=\"async\" src=\"https:\/\/sites.ipleiria.pt\/jsppd2021\/files\/2021\/06\/PM_Final-898x1024.jpg\" alt=\"\" class=\"wp-image-226\" width=\"200\" srcset=\"https:\/\/sites.ipleiria.pt\/jsppd2021\/files\/2021\/06\/PM_Final-898x1024.jpg 898w, https:\/\/sites.ipleiria.pt\/jsppd2021\/files\/2021\/06\/PM_Final-263x300.jpg 263w, https:\/\/sites.ipleiria.pt\/jsppd2021\/files\/2021\/06\/PM_Final-768x876.jpg 768w, https:\/\/sites.ipleiria.pt\/jsppd2021\/files\/2021\/06\/PM_Final-1347x1536.jpg 1347w, https:\/\/sites.ipleiria.pt\/jsppd2021\/files\/2021\/06\/PM_Final-1796x2048.jpg 1796w\" sizes=\"(max-width: 767px) 89vw, (max-width: 1000px) 54vw, (max-width: 1071px) 543px, 580px\" \/><\/figure><\/div>\n\n\n\n<p><strong><strong>Pedro Morou\u00e7o<\/strong><\/strong><br><em>Diretor da ESECS<\/em><\/p>\n\n\n\n<p>\u00c9 com enorme honra que recebemos, em Leiria, as XXII Jornadas da Sociedade Portuguesa de Psicologia do Desporto. Uma iniciativa de prest\u00edgio, que em muito dignifica o que se tem feito nesta \u00e1rea. Permitam-me, portanto, que em nome do Polit\u00e9cnico de Leiria, da Escola Superior de Educa\u00e7\u00e3o e Ci\u00eancias Sociais e das Comiss\u00f5es Organizadora e Cient\u00edfica das XXII, vos convide a participar neste evento que decorrer\u00e1 em Leiria, nos dias 04 a 06 de novembro de 2021. Nesse sentido, permitam-me, ainda, que vos estimule a participar de forma ativa. Quer atrav\u00e9s da submiss\u00e3o de trabalhos, quer sendo proativos na procura da discuss\u00e3o, troca e partilha de opini\u00f5es, vis\u00f5es e estrat\u00e9gias. S\u00f3 assim teremos um evento que far\u00e1 sentido ter!<\/p>\n\n\n\n<p>Em conjunto com a Sociedade estamos a preparar o evento com aten\u00e7\u00e3o e detalhe, procurando proporcionar 3 dias de intera\u00e7\u00e3o. Desde preletores de enorme relev\u00e2ncia no panorama internacional, \u00e0 disponibiliza\u00e7\u00e3o de espa\u00e7os adequados \u00e0 troca de experi\u00eancias e de conhecimento, tudo faremos para que se torne um evento inesquec\u00edvel.<\/p>\n\n\n\n<p>Vemo-nos em Leiria, entre 04 e 06 de novembro de 2021!<\/p>\n\n\n\n<p><\/p>\n\n\n\n<p><\/p>\n\n\n\n<div class=\"wp-block-image\"><figure class=\"alignleft size-large is-resized\"><img decoding=\"async\" src=\"http:\/\/sites.ipleiria.pt\/jsppd2021\/files\/2021\/06\/ARosado.jpeg\" alt=\"\" class=\"wp-image-194\" width=\"200\" \/><\/figure><\/div>\n\n\n\n<p><strong><strong>Ant\u00f3nio Rosado<\/strong><\/strong><br><em>Presidente da Sociedade Portuguesa de Psicologia do Desporto<\/em><\/p>\n\n\n\n<p>Mais uma vez temos a enorme prazer em dar as boas-vindas a todos os participantes das 22\u00aas Jornadas da Sociedade Portuguesa de Psicologia do Desporto, neste conclave cient\u00edfico \u00fanico, que, desde 1978, re\u00fane as pessoas interessadas na Psicologia do Desporto e do Exerc\u00edcio, promovendo o desenvolvimento de uma comunidade cient\u00edfica e profissional cada vez mais extensa e qualificada.<\/p>\n\n\n\n<p>Como habitualmente, este encontro tem o intuito de congregar os membros da Sociedade Portuguesa de Psicologia do Desporto e todas as pessoas que se interessam pela Psicologia do Desporto, do Exerc\u00edcio e da Performance, num evento de elevado n\u00edvel cient\u00edfico e profissional, onde assuntos de natureza cient\u00edfica e profissional s\u00e3o amplamente discutidos.<\/p>\n\n\n\n<p>Continuamos a promover a divulga\u00e7\u00e3o dos trabalhos cient\u00edficos na \u00e1rea da Psicologia do Desporto, a procurar incentivar melhor e mais investiga\u00e7\u00e3o e a estimular os novos e futuros investigadores, como \u00e9 nossa miss\u00e3o, com a consci\u00eancia de querermos um mundo desportivo mais humano, mais inclusivo e para todos.<\/p>\n\n\n\n<p>Quero, em primeiro lugar, agradecer \u00e0 Comiss\u00e3o Organizadora, aos colegas e amigos que, com elevada paix\u00e3o e compet\u00eancia, d\u00e3o corpo \u00e0 concretiza\u00e7\u00e3o destes valores e da vis\u00e3o que est\u00e1 por detr\u00e1s da nossa vida enquanto Sociedade.<\/p>\n\n\n\n<p>Convido, assim, todos os interessados na Psicologia do Desporto e do Exerc\u00edcio para estarem presentes e aproveitarem esta oportunidade \u00edmpar de conv\u00edvio entre colegas e amigos, na bela cidade de Leiria, e no seu prestigiado Polit\u00e9cnico.<\/p>\n\n\n\n<p>Sentir-nos-emos muito honrados em vos receber para a nossa maior reuni\u00e3o cient\u00edfica, com a certeza de que sairemos mais capacitados cientificamente e humanamente.<\/p>\n\n\n\n<p>Espero que todos tenham umas excelentes Jornadas!<\/p>\n","protected":false},"excerpt":{"rendered":"<p>Pedro Morou\u00e7oDiretor da ESECS \u00c9 com enorme honra que recebemos, em Leiria, as XXII Jornadas da Sociedade Portuguesa de Psicologia do Desporto. Uma iniciativa de prest\u00edgio, que em muito dignifica o que se tem feito nesta \u00e1rea. Permitam-me, portanto, que em nome do Polit\u00e9cnico de Leiria, da Escola Superior de Educa\u00e7\u00e3o e Ci\u00eancias Sociais e &hellip; <\/p>\n<p class=\"link-more\"><a href=\"https:\/\/sites.ipleiria.pt\/jsppd2021\/jsppd2021\/boas-vindas\/\" class=\"more-link\">Continuar a ler <span class=\"screen-reader-text\">&#8220;Boas vindas&#8221;<\/span><\/a><\/p>\n","protected":false},"author":102,"featured_media":0,"parent":2,"menu_order":1,"comment_status":"closed","ping_status":"closed","template":"","meta":{"footnotes":""},"class_list":["post-6","page","type-page","status-publish","hentry"],"_links":{"self":[{"href":"https:\/\/sites.ipleiria.pt\/jsppd2021\/wp-json\/wp\/v2\/pages\/6","targetHints":{"allow":["GET"]}}],"collection":[{"href":"https:\/\/sites.ipleiria.pt\/jsppd2021\/wp-json\/wp\/v2\/pages"}],"about":[{"href":"https:\/\/sites.ipleiria.pt\/jsppd2021\/wp-json\/wp\/v2\/types\/page"}],"author":[{"embeddable":true,"href":"https:\/\/sites.ipleiria.pt\/jsppd2021\/wp-json\/wp\/v2\/users\/102"}],"replies":[{"embeddable":true,"href":"https:\/\/sites.ipleiria.pt\/jsppd2021\/wp-json\/wp\/v2\/comments?post=6"}],"version-history":[{"count":6,"href":"https:\/\/sites.ipleiria.pt\/jsppd2021\/wp-json\/wp\/v2\/pages\/6\/revisions"}],"predecessor-version":[{"id":228,"href":"https:\/\/sites.ipleiria.pt\/jsppd2021\/wp-json\/wp\/v2\/pages\/6\/revisions\/228"}],"up":[{"embeddable":true,"href":"https:\/\/sites.ipleiria.pt\/jsppd2021\/wp-json\/wp\/v2\/pages\/2"}],"wp:attachment":[{"href":"https:\/\/sites.ipleiria.pt\/jsppd2021\/wp-json\/wp\/v2\/media?parent=6"}],"curies":[{"name":"wp","href":"https:\/\/api.w.org\/{rel}","templated":true}]}}