{"id":8,"date":"2021-02-09T18:46:09","date_gmt":"2021-02-09T18:46:09","guid":{"rendered":"http:\/\/sites.ipleiria.pt\/jsppd2021\/?page_id=8"},"modified":"2021-10-21T14:10:58","modified_gmt":"2021-10-21T14:10:58","slug":"organizacao","status":"publish","type":"page","link":"https:\/\/sites.ipleiria.pt\/jsppd2021\/jsppd2021\/organizacao\/","title":{"rendered":"Organiza\u00e7\u00e3o"},"content":{"rendered":"\n<h3 class=\"wp-block-heading\"><em>Polit\u00e9cnico de Leiria<\/em><br><strong>Escola Superior de Educa\u00e7\u00e3o e Ci\u00eancias Sociais<\/strong><br><br><strong>Sociedade Portuguesa de Psicologia <\/strong><br><strong>do Desporto<\/strong><\/h3>\n\n\n\n<hr class=\"wp-block-separator is-style-dots\" \/>\n\n\n\n<p class=\"has-white-color has-text-color has-background\" style=\"background-color:#2e87c8\"><strong>Comiss\u00e3o de Honra<\/strong><\/p>\n\n\n\n<p>Presidente do Polit\u00e9cnico de Leiria<br>Diretor da Escola Superior de Educa\u00e7\u00e3o e Ci\u00eancias Sociais do Polit\u00e9cnico de Leiria<br>Presidente da Sociedade Portuguesa de Psicologia do Desporto Presidente Honor\u00e1rio da Sociedade Portuguesa de Psicologia do Desporto<\/p>\n\n\n\n<p class=\"has-white-color has-text-color has-background\" style=\"background-color:#2e87c8\"><strong>Comiss\u00e3o Cient\u00edfica<\/strong><\/p>\n\n\n\n<p>Ant\u00f3nio Rosado (FMH-UL, SPPD)<br>Pedro Teques (IPMAIA-ISMAI, SPPD);<br>Miguel Nery (FMH, SPPD);<br>T\u00falia Cabrita (U. Lus\u00edada, SPPD);<br>Duarte Ara\u00fajo (FMH-UL, SPPD);<br>V\u00edtor Ferreira (FMH-UL, SPPD);<br>Diogo Teixeira (U-Lus\u00f3fona, SPPD);<br>Diogo Monteiro (ESECS &#8211; Polit\u00e9cnico de Leiria, SPPD);<br>Lu\u00eds Cid (ESDRM-IPS, SPPD);<br>Daniel Duarte (IPMAIA, SPPD);<br>Rui Matos (ESECS &#8211; Polit\u00e9cnico de Leiria, CIEQV);<br>Nuno Amaro (ESECS &#8211; Polit\u00e9cnico de Leiria, CIEQV);<br>Pedro Morou\u00e7o (ESECS &#8211; Polit\u00e9cnico de Leiria, CIPER);<br>Ra\u00fal Antunes (ESECS &#8211; Polit\u00e9cnico de Leiria, CIPER);<br>Rog\u00e9rio Salvador (ESECS &#8211; Polit\u00e9cnico de Leiria, CIEQV);<br>Ricardo Rebelo-Gon\u00e7alves (ESECS &#8211; Polit\u00e9cnico de Leiria, CIDAF);<br>Lu\u00eds Coelho (ESECS &#8211; Polit\u00e9cnico de Leiria, CIEQV);<br>Filipe Rodrigues (ESECS &#8211; Polit\u00e9cnico de Leiria, CIEQV)<\/p>\n\n\n\n<p class=\"has-white-color has-text-color has-background\" style=\"background-color:#2e87c8\"><strong>Comiss\u00e3o Organizadora<\/strong><\/p>\n\n\n\n<p>Presidida por: Diogo Monteiro (ESECS &#8211; Polit\u00e9cnico de Leiria, SPPD)<br>Rui Matos (ESECS &#8211; Polit\u00e9cnico de Leiria, CIEQV);<br>Nuno Amaro (ESECS &#8211; Polit\u00e9cnico de Leiria, CIEQV);<br>Pedro Morou\u00e7o (ESECS &#8211; Polit\u00e9cnico de Leiria, CIPER);<br>Ra\u00fal Antunes (ESECS &#8211; Polit\u00e9cnico de Leiria, CIPER);<br>Rog\u00e9rio Salvador (ESECS, Polit\u00e9cnico de Leiria, CIEQV);<br>Ricardo Rebelo-Gon\u00e7alves (ESECS &#8211; Polit\u00e9cnico de Leiria, CIDAF);<br>Diogo Mendes (ESECS &#8211; Polit\u00e9cnico de Leiria, CIEQV);<br>Lu\u00eds Coelho (ESECS &#8211; Polit\u00e9cnico de Leiria, CIEQV);<br>Miguel Jacinto (CIEQV);<br>Filipe Rodrigues (ESECS &#8211; Polit\u00e9cnico de Leiria, CIEQV)<\/p>\n\n\n\n<p class=\"has-white-color has-text-color has-background\" style=\"background-color:#2e87c8\"><strong>Staff da organiza\u00e7\u00e3o<\/strong><\/p>\n\n\n\n<p>Uma equipa constitu\u00edda maioritariamente por alunos da licenciatura em Desporto e Bem-Estar, cujo prop\u00f3sito de a\u00e7\u00e3o \u00e9 a monitoriza\u00e7\u00e3o da comunica\u00e7\u00e3o externa (divulga\u00e7\u00e3o) e apoio \u00e0 estrutura de organiza\u00e7\u00e3o durante os dias do evento.<\/p>\n","protected":false},"excerpt":{"rendered":"<p>Polit\u00e9cnico de LeiriaEscola Superior de Educa\u00e7\u00e3o e Ci\u00eancias Sociais Sociedade Portuguesa de Psicologia do Desporto Comiss\u00e3o de Honra Presidente do Polit\u00e9cnico de LeiriaDiretor da Escola Superior de Educa\u00e7\u00e3o e Ci\u00eancias Sociais do Polit\u00e9cnico de LeiriaPresidente da Sociedade Portuguesa de Psicologia do Desporto Presidente Honor\u00e1rio da Sociedade Portuguesa de Psicologia do Desporto Comiss\u00e3o Cient\u00edfica Ant\u00f3nio Rosado &hellip; <\/p>\n<p class=\"link-more\"><a href=\"https:\/\/sites.ipleiria.pt\/jsppd2021\/jsppd2021\/organizacao\/\" class=\"more-link\">Continuar a ler <span class=\"screen-reader-text\">&#8220;Organiza\u00e7\u00e3o&#8221;<\/span><\/a><\/p>\n","protected":false},"author":102,"featured_media":0,"parent":2,"menu_order":2,"comment_status":"closed","ping_status":"closed","template":"","meta":{"footnotes":""},"class_list":["post-8","page","type-page","status-publish","hentry"],"_links":{"self":[{"href":"https:\/\/sites.ipleiria.pt\/jsppd2021\/wp-json\/wp\/v2\/pages\/8","targetHints":{"allow":["GET"]}}],"collection":[{"href":"https:\/\/sites.ipleiria.pt\/jsppd2021\/wp-json\/wp\/v2\/pages"}],"about":[{"href":"https:\/\/sites.ipleiria.pt\/jsppd2021\/wp-json\/wp\/v2\/types\/page"}],"author":[{"embeddable":true,"href":"https:\/\/sites.ipleiria.pt\/jsppd2021\/wp-json\/wp\/v2\/users\/102"}],"replies":[{"embeddable":true,"href":"https:\/\/sites.ipleiria.pt\/jsppd2021\/wp-json\/wp\/v2\/comments?post=8"}],"version-history":[{"count":22,"href":"https:\/\/sites.ipleiria.pt\/jsppd2021\/wp-json\/wp\/v2\/pages\/8\/revisions"}],"predecessor-version":[{"id":404,"href":"https:\/\/sites.ipleiria.pt\/jsppd2021\/wp-json\/wp\/v2\/pages\/8\/revisions\/404"}],"up":[{"embeddable":true,"href":"https:\/\/sites.ipleiria.pt\/jsppd2021\/wp-json\/wp\/v2\/pages\/2"}],"wp:attachment":[{"href":"https:\/\/sites.ipleiria.pt\/jsppd2021\/wp-json\/wp\/v2\/media?parent=8"}],"curies":[{"name":"wp","href":"https:\/\/api.w.org\/{rel}","templated":true}]}}