{"id":29,"date":"2012-08-03T14:44:58","date_gmt":"2012-08-03T14:44:58","guid":{"rendered":"http:\/\/sites.ipleiria.pt\/laboratorio\/?page_id=29"},"modified":"2012-10-10T17:01:55","modified_gmt":"2012-10-10T17:01:55","slug":"cronograma","status":"publish","type":"page","link":"https:\/\/sites.ipleiria.pt\/laboratorio\/cronograma\/","title":{"rendered":"Cronograma"},"content":{"rendered":"<p>O projeto \u00abLaborat\u00f3rio de Cria\u00e7\u00e3o Art\u00edstica\u00bb ser\u00e1 desenvolvido ao longo do ano letivo de 2012\/2013 <strong>na ESECS (Campus 1) em Leiria<\/strong>.<\/p>\n<p>O per\u00edodo de inscri\u00e7\u00f5es decorrer\u00e1 entre <strong>24 de setembro e 6 de outubro<\/strong>.<\/p>\n<p>No 1\u00ba semestre as Oficinas ir\u00e3o funcionar semanalmente, <strong>\u00e0 ter\u00e7a-feira entre as 17:00h e as 20:00h, entre 23 de outubro e 18 de dezembro.<\/strong><\/p>\n<p>No dia <strong>16 de outubro<\/strong> ser\u00e1 feita uma sess\u00e3o de apresenta\u00e7\u00e3o na qual participar\u00e3o todos\u00a0 os estudantes inscritos e a equipa de docentes.<\/p>\n<p>No 2\u00ba semestre os estudantes trabalhar\u00e3o em torno da constru\u00e7\u00e3o de projetos de cria\u00e7\u00e3o art\u00edstica.<\/p>\n","protected":false},"excerpt":{"rendered":"<p>O projeto \u00abLaborat\u00f3rio de Cria\u00e7\u00e3o Art\u00edstica\u00bb ser\u00e1 desenvolvido ao longo do ano letivo de 2012\/2013 na ESECS (Campus 1) em Leiria. O per\u00edodo de inscri\u00e7\u00f5es decorrer\u00e1 entre 24 de setembro e 6 de outubro. No 1\u00ba semestre as Oficinas ir\u00e3o &hellip; <a href=\"https:\/\/sites.ipleiria.pt\/laboratorio\/cronograma\/\">Continue reading <span class=\"meta-nav\">&rarr;<\/span><\/a><\/p>\n","protected":false},"author":102,"featured_media":0,"parent":0,"menu_order":3,"comment_status":"closed","ping_status":"closed","template":"","meta":{"footnotes":""},"class_list":["post-29","page","type-page","status-publish","hentry"],"_links":{"self":[{"href":"https:\/\/sites.ipleiria.pt\/laboratorio\/wp-json\/wp\/v2\/pages\/29","targetHints":{"allow":["GET"]}}],"collection":[{"href":"https:\/\/sites.ipleiria.pt\/laboratorio\/wp-json\/wp\/v2\/pages"}],"about":[{"href":"https:\/\/sites.ipleiria.pt\/laboratorio\/wp-json\/wp\/v2\/types\/page"}],"author":[{"embeddable":true,"href":"https:\/\/sites.ipleiria.pt\/laboratorio\/wp-json\/wp\/v2\/users\/102"}],"replies":[{"embeddable":true,"href":"https:\/\/sites.ipleiria.pt\/laboratorio\/wp-json\/wp\/v2\/comments?post=29"}],"version-history":[{"count":14,"href":"https:\/\/sites.ipleiria.pt\/laboratorio\/wp-json\/wp\/v2\/pages\/29\/revisions"}],"predecessor-version":[{"id":115,"href":"https:\/\/sites.ipleiria.pt\/laboratorio\/wp-json\/wp\/v2\/pages\/29\/revisions\/115"}],"wp:attachment":[{"href":"https:\/\/sites.ipleiria.pt\/laboratorio\/wp-json\/wp\/v2\/media?parent=29"}],"curies":[{"name":"wp","href":"https:\/\/api.w.org\/{rel}","templated":true}]}}