{"id":35,"date":"2012-08-03T14:45:33","date_gmt":"2012-08-03T14:45:33","guid":{"rendered":"http:\/\/sites.ipleiria.pt\/laboratorio\/?page_id=35"},"modified":"2012-08-03T14:47:52","modified_gmt":"2012-08-03T14:47:52","slug":"a-equipa","status":"publish","type":"page","link":"https:\/\/sites.ipleiria.pt\/laboratorio\/a-equipa\/","title":{"rendered":"A Equipa"},"content":{"rendered":"<p>A equipa que interv\u00e9m em todas as a\u00e7\u00f5es que integram o Laborat\u00f3rio de Cria\u00e7\u00e3o Art\u00edstica \u00e9 constitu\u00edda pelos docentes da ESECS:<\/p>\n<p><strong>Coordena\u00e7\u00e3o<\/strong><br \/>\nMaria de S\u00e3o Pedro Lopes \/ Andrzej Kowalski<\/p>\n<p><strong>Equipa<\/strong><br \/>\nAlbertina Fortunato \/ Ana Margarida Carreira \/ Catarina Barreira \/ Clara Le\u00e3o \/ L\u00facia Magueta \/ Maria Kowalski \/ Sandrine Milhano \/ S\u00edlvia Antunes<\/p>\n","protected":false},"excerpt":{"rendered":"<p>A equipa que interv\u00e9m em todas as a\u00e7\u00f5es que integram o Laborat\u00f3rio de Cria\u00e7\u00e3o Art\u00edstica \u00e9 constitu\u00edda pelos docentes da ESECS: Coordena\u00e7\u00e3o Maria de S\u00e3o Pedro Lopes \/ Andrzej Kowalski Equipa Albertina Fortunato \/ Ana Margarida Carreira \/ Catarina Barreira &hellip; <a href=\"https:\/\/sites.ipleiria.pt\/laboratorio\/a-equipa\/\">Continue reading <span class=\"meta-nav\">&rarr;<\/span><\/a><\/p>\n","protected":false},"author":102,"featured_media":0,"parent":0,"menu_order":4,"comment_status":"closed","ping_status":"closed","template":"","meta":{"footnotes":""},"class_list":["post-35","page","type-page","status-publish","hentry"],"_links":{"self":[{"href":"https:\/\/sites.ipleiria.pt\/laboratorio\/wp-json\/wp\/v2\/pages\/35","targetHints":{"allow":["GET"]}}],"collection":[{"href":"https:\/\/sites.ipleiria.pt\/laboratorio\/wp-json\/wp\/v2\/pages"}],"about":[{"href":"https:\/\/sites.ipleiria.pt\/laboratorio\/wp-json\/wp\/v2\/types\/page"}],"author":[{"embeddable":true,"href":"https:\/\/sites.ipleiria.pt\/laboratorio\/wp-json\/wp\/v2\/users\/102"}],"replies":[{"embeddable":true,"href":"https:\/\/sites.ipleiria.pt\/laboratorio\/wp-json\/wp\/v2\/comments?post=35"}],"version-history":[{"count":4,"href":"https:\/\/sites.ipleiria.pt\/laboratorio\/wp-json\/wp\/v2\/pages\/35\/revisions"}],"predecessor-version":[{"id":47,"href":"https:\/\/sites.ipleiria.pt\/laboratorio\/wp-json\/wp\/v2\/pages\/35\/revisions\/47"}],"wp:attachment":[{"href":"https:\/\/sites.ipleiria.pt\/laboratorio\/wp-json\/wp\/v2\/media?parent=35"}],"curies":[{"name":"wp","href":"https:\/\/api.w.org\/{rel}","templated":true}]}}