{"id":97,"date":"2012-10-10T09:09:18","date_gmt":"2012-10-10T09:09:18","guid":{"rendered":"http:\/\/sites.ipleiria.pt\/laboratorio\/?page_id=97"},"modified":"2012-10-10T09:19:54","modified_gmt":"2012-10-10T09:19:54","slug":"16-de-outubro-sessao-de-apresentacao-do-lca","status":"publish","type":"page","link":"https:\/\/sites.ipleiria.pt\/laboratorio\/16-de-outubro-sessao-de-apresentacao-do-lca\/","title":{"rendered":"Sess\u00e3o de abertura"},"content":{"rendered":"<p><strong>16 de outubro | 17:00h | Audit\u00f3rio 2 da ESECS<\/strong><\/p>\n<p>A resposta que obtivemos por parte da comunidade acad\u00e9mica do IPL excedeu as expetativas da equipa do Laborat\u00f3rio de Cria\u00e7\u00e3o Art\u00edstica (LCA). Agradecemos a todos o interesse que manifestaram por esta iniciativa art\u00edstica!<br \/>\nDada a surpreendente ades\u00e3o a este projeto e a fim de n\u00e3o comprometer a qualidade do mesmo, houve necessidade de limitar o n\u00famero de inscri\u00e7\u00f5es por oficina. Assim, as inscri\u00e7\u00f5es foram seriadas do seguinte modo: preenchimento de 20 vagas em cada oficina tendo como crit\u00e9rios a ordem de inscri\u00e7\u00e3o dos estudantes (data e hora) e o registo da ordem de prefer\u00eancia manifestada.<br \/>\nForam organizadas para cada oficina listagens de participantes suplentes. Nestas, foram respeitadas, igualmente, a ordem de inscri\u00e7\u00e3o (data e hora) e o registo da ordem de prefer\u00eancia manifestada. No caso de haver desist\u00eancias dos participantes seriados, os suplentes ser\u00e3o chamados respeitando as listas ordenadas.<\/p>\n<p>Os estudantes que preencheram as vagas dispon\u00edveis em cada oficina devem comparecer, obrigatoriamente, na sess\u00e3o de apresenta\u00e7\u00e3o do projeto a realizar no dia 16 de outubro, \u00e0s 17:00h, no audit\u00f3rio 2 da ESECS.<\/p>\n<p>A equipa do LCA<\/p>\n<p><a href=\"http:\/\/sites.ipleiria.pt\/laboratorio\/files\/2012\/10\/Participantes-na-Oficina-de-Artes-Pl\u00e1sticas.pdf\">Participantes na Oficina de Artes Pl\u00e1sticas<\/a><\/p>\n<p><a href=\"http:\/\/sites.ipleiria.pt\/laboratorio\/files\/2012\/10\/Participantes-na-Oficina-de-Dan\u00e7a_Teatro.pdf\">Participantes na Oficina de Dan\u00e7a_Teatro<\/a><\/p>\n<p><a href=\"http:\/\/sites.ipleiria.pt\/laboratorio\/files\/2012\/10\/Participantes-na-Oficina-de-Fotografia.pdf\">Participantes na Oficina de Fotografia<\/a><\/p>\n<p><a href=\"http:\/\/sites.ipleiria.pt\/laboratorio\/files\/2012\/10\/Participantes-na-Oficina-de-M\u00fasica.pdf\">Participantes na Oficina de M\u00fasica<\/a><\/p>\n","protected":false},"excerpt":{"rendered":"<p>16 de outubro | 17:00h | Audit\u00f3rio 2 da ESECS A resposta que obtivemos por parte da comunidade acad\u00e9mica do IPL excedeu as expetativas da equipa do Laborat\u00f3rio de Cria\u00e7\u00e3o Art\u00edstica (LCA). Agradecemos a todos o interesse que manifestaram por &hellip; <a href=\"https:\/\/sites.ipleiria.pt\/laboratorio\/16-de-outubro-sessao-de-apresentacao-do-lca\/\">Continue reading <span class=\"meta-nav\">&rarr;<\/span><\/a><\/p>\n","protected":false},"author":831,"featured_media":0,"parent":0,"menu_order":1,"comment_status":"open","ping_status":"open","template":"","meta":{"footnotes":""},"class_list":["post-97","page","type-page","status-publish","hentry"],"_links":{"self":[{"href":"https:\/\/sites.ipleiria.pt\/laboratorio\/wp-json\/wp\/v2\/pages\/97","targetHints":{"allow":["GET"]}}],"collection":[{"href":"https:\/\/sites.ipleiria.pt\/laboratorio\/wp-json\/wp\/v2\/pages"}],"about":[{"href":"https:\/\/sites.ipleiria.pt\/laboratorio\/wp-json\/wp\/v2\/types\/page"}],"author":[{"embeddable":true,"href":"https:\/\/sites.ipleiria.pt\/laboratorio\/wp-json\/wp\/v2\/users\/831"}],"replies":[{"embeddable":true,"href":"https:\/\/sites.ipleiria.pt\/laboratorio\/wp-json\/wp\/v2\/comments?post=97"}],"version-history":[{"count":9,"href":"https:\/\/sites.ipleiria.pt\/laboratorio\/wp-json\/wp\/v2\/pages\/97\/revisions"}],"predecessor-version":[{"id":109,"href":"https:\/\/sites.ipleiria.pt\/laboratorio\/wp-json\/wp\/v2\/pages\/97\/revisions\/109"}],"wp:attachment":[{"href":"https:\/\/sites.ipleiria.pt\/laboratorio\/wp-json\/wp\/v2\/media?parent=97"}],"curies":[{"name":"wp","href":"https:\/\/api.w.org\/{rel}","templated":true}]}}