{"id":10,"date":"2015-06-24T12:10:08","date_gmt":"2015-06-24T12:10:08","guid":{"rendered":"http:\/\/sites.ipleiria.pt\/ludicidade\/?page_id=10"},"modified":"2015-06-29T10:39:39","modified_gmt":"2015-06-29T10:39:39","slug":"objetivos","status":"publish","type":"page","link":"https:\/\/sites.ipleiria.pt\/ludicidade\/objetivos\/","title":{"rendered":"OBJETIVOS"},"content":{"rendered":"<p>Responder \u00e0 necessidade de ocupa\u00e7\u00e3o dos tempos livres dos das crian\u00e7as durante as f\u00e9rias de Ver\u00e3o;<\/p>\n<p>Criar um espa\u00e7o l\u00fadico onde as crian\u00e7as tenham a oportunidade de brincar, de se divertir e ao mesmo tempo construir novas aprendizagens, num ambiente diferenciado;<\/p>\n<p>Fomentar a descoberta da <strong>cultura caldense<\/strong>, das viv\u00eancias, espa\u00e7os e personalidades num refor\u00e7o identit\u00e1rio constante;<\/p>\n<p>Desenvolver a express\u00e3o e a comunica\u00e7\u00e3o atrav\u00e9s de linguagens m\u00faltiplas como meios de rela\u00e7\u00e3o, de informa\u00e7\u00e3o, de sensibiliza\u00e7\u00e3o est\u00e9tica e de compreens\u00e3o do mundo.<\/p>\n","protected":false},"excerpt":{"rendered":"<p>Responder \u00e0 necessidade de ocupa\u00e7\u00e3o dos tempos livres dos das crian\u00e7as durante as f\u00e9rias de Ver\u00e3o; Criar um espa\u00e7o l\u00fadico onde as crian\u00e7as tenham a oportunidade de brincar, de se divertir e ao mesmo tempo construir novas aprendizagens, num ambiente<\/p>\n","protected":false},"author":1553,"featured_media":0,"parent":0,"menu_order":0,"comment_status":"closed","ping_status":"closed","template":"","meta":{"footnotes":""},"class_list":["post-10","page","type-page","status-publish","hentry"],"_links":{"self":[{"href":"https:\/\/sites.ipleiria.pt\/ludicidade\/wp-json\/wp\/v2\/pages\/10","targetHints":{"allow":["GET"]}}],"collection":[{"href":"https:\/\/sites.ipleiria.pt\/ludicidade\/wp-json\/wp\/v2\/pages"}],"about":[{"href":"https:\/\/sites.ipleiria.pt\/ludicidade\/wp-json\/wp\/v2\/types\/page"}],"author":[{"embeddable":true,"href":"https:\/\/sites.ipleiria.pt\/ludicidade\/wp-json\/wp\/v2\/users\/1553"}],"replies":[{"embeddable":true,"href":"https:\/\/sites.ipleiria.pt\/ludicidade\/wp-json\/wp\/v2\/comments?post=10"}],"version-history":[{"count":2,"href":"https:\/\/sites.ipleiria.pt\/ludicidade\/wp-json\/wp\/v2\/pages\/10\/revisions"}],"predecessor-version":[{"id":14,"href":"https:\/\/sites.ipleiria.pt\/ludicidade\/wp-json\/wp\/v2\/pages\/10\/revisions\/14"}],"wp:attachment":[{"href":"https:\/\/sites.ipleiria.pt\/ludicidade\/wp-json\/wp\/v2\/media?parent=10"}],"curies":[{"name":"wp","href":"https:\/\/api.w.org\/{rel}","templated":true}]}}