{"id":15,"date":"2015-06-24T12:13:46","date_gmt":"2015-06-24T12:13:46","guid":{"rendered":"http:\/\/sites.ipleiria.pt\/ludicidade\/?page_id=15"},"modified":"2015-06-29T10:39:10","modified_gmt":"2015-06-29T10:39:10","slug":"calendarizacao","status":"publish","type":"page","link":"https:\/\/sites.ipleiria.pt\/ludicidade\/calendarizacao\/","title":{"rendered":"CALENDARIZA\u00c7\u00c3O"},"content":{"rendered":"<p>Este projeto \u00e9 desenvolvido no Ver\u00e3o de 2015 e tem a dura\u00e7\u00e3o de dois meses.<\/p>\n<ul>\n<li>Em <strong>Julho<\/strong>: 1.\u00ba Turno \u2013 6 a 17 de Julho; 2.\u00ba Turno \u2013 20 a 31 de Julho;<\/li>\n<li>Em <strong>Agosto<\/strong>: 3.\u00ba Turno \u2013 3 a 14 de Agosto; 4.\u00ba Turno \u2013 17 a 28 de Agosto;<\/li>\n<\/ul>\n<table style=\"height: 124px\" width=\"697\">\n<tbody>\n<tr>\n<td colspan=\"4\" width=\"628\"><strong>\u00a0 \u00a0 \u00a0 \u00a0 \u00a0 \u00a0 \u00a0 \u00a0 \u00a0 \u00a0 \u00a0 \u00a0 \u00a0 \u00a0 \u00a0 \u00a0 \u00a0 \u00a0 \u00a0 \u00a0 \u00a0 \u00a0 Julho<\/strong><\/td>\n<\/tr>\n<tr>\n<td colspan=\"2\" width=\"298\"><strong>1.\u00ba Turno<\/strong><\/td>\n<td colspan=\"2\" width=\"331\"><strong>2.\u00ba Turno<\/strong><\/td>\n<\/tr>\n<tr>\n<td width=\"146\">6, 7, 8, 9, 10<\/td>\n<td width=\"151\">14, 15, 16, 17<\/td>\n<td width=\"161\">20, 21, 22, 23, 24<\/td>\n<td width=\"170\">27, 28, 29, 30, 31<\/td>\n<\/tr>\n<tr>\n<td width=\"146\"><\/td>\n<td width=\"151\"><\/td>\n<td width=\"161\"><\/td>\n<td width=\"170\"><\/td>\n<\/tr>\n<\/tbody>\n<\/table>\n<p>&nbsp;<\/p>\n<table style=\"height: 124px\" width=\"695\">\n<tbody>\n<tr>\n<td colspan=\"4\" width=\"628\"><strong>\u00a0 \u00a0 \u00a0 \u00a0 \u00a0 \u00a0 \u00a0 \u00a0 \u00a0 \u00a0 \u00a0 \u00a0 \u00a0 \u00a0 \u00a0 \u00a0 \u00a0 \u00a0 \u00a0 \u00a0 \u00a0 \u00a0 Agosto<\/strong><\/td>\n<\/tr>\n<tr>\n<td colspan=\"2\" width=\"298\"><strong>3.\u00ba Turno<\/strong><\/td>\n<td colspan=\"2\" width=\"331\"><strong>4.\u00ba Turno<\/strong><\/td>\n<\/tr>\n<tr>\n<td width=\"146\">3, 4, 5, 6, 7<\/td>\n<td width=\"151\">10, 11, 12, 13, 14<\/td>\n<td width=\"161\">17, 18, 19, 20, 21<\/td>\n<td width=\"170\">24, 25, 26, 27, 28<\/td>\n<\/tr>\n<tr>\n<td width=\"146\"><\/td>\n<td width=\"151\"><\/td>\n<td width=\"161\"><\/td>\n<td width=\"170\"><\/td>\n<\/tr>\n<\/tbody>\n<\/table>\n<p>&nbsp;<\/p>\n","protected":false},"excerpt":{"rendered":"<p>Este projeto \u00e9 desenvolvido no Ver\u00e3o de 2015 e tem a dura\u00e7\u00e3o de dois meses. Em Julho: 1.\u00ba Turno \u2013 6 a 17 de Julho; 2.\u00ba Turno \u2013 20 a 31 de Julho; Em Agosto: 3.\u00ba Turno \u2013 3 a<\/p>\n","protected":false},"author":1553,"featured_media":0,"parent":0,"menu_order":0,"comment_status":"closed","ping_status":"closed","template":"","meta":{"footnotes":""},"class_list":["post-15","page","type-page","status-publish","hentry"],"_links":{"self":[{"href":"https:\/\/sites.ipleiria.pt\/ludicidade\/wp-json\/wp\/v2\/pages\/15","targetHints":{"allow":["GET"]}}],"collection":[{"href":"https:\/\/sites.ipleiria.pt\/ludicidade\/wp-json\/wp\/v2\/pages"}],"about":[{"href":"https:\/\/sites.ipleiria.pt\/ludicidade\/wp-json\/wp\/v2\/types\/page"}],"author":[{"embeddable":true,"href":"https:\/\/sites.ipleiria.pt\/ludicidade\/wp-json\/wp\/v2\/users\/1553"}],"replies":[{"embeddable":true,"href":"https:\/\/sites.ipleiria.pt\/ludicidade\/wp-json\/wp\/v2\/comments?post=15"}],"version-history":[{"count":4,"href":"https:\/\/sites.ipleiria.pt\/ludicidade\/wp-json\/wp\/v2\/pages\/15\/revisions"}],"predecessor-version":[{"id":38,"href":"https:\/\/sites.ipleiria.pt\/ludicidade\/wp-json\/wp\/v2\/pages\/15\/revisions\/38"}],"wp:attachment":[{"href":"https:\/\/sites.ipleiria.pt\/ludicidade\/wp-json\/wp\/v2\/media?parent=15"}],"curies":[{"name":"wp","href":"https:\/\/api.w.org\/{rel}","templated":true}]}}