{"id":19,"date":"2015-06-24T12:17:16","date_gmt":"2015-06-24T12:17:16","guid":{"rendered":"http:\/\/sites.ipleiria.pt\/ludicidade\/?page_id=19"},"modified":"2015-06-29T10:39:07","modified_gmt":"2015-06-29T10:39:07","slug":"apresentacao","status":"publish","type":"page","link":"https:\/\/sites.ipleiria.pt\/ludicidade\/apresentacao\/","title":{"rendered":"APRESENTA\u00c7\u00c3O"},"content":{"rendered":"<p>A Ludicidade \u00e9 uma ludoteca de Ver\u00e3o, ou seja, um espa\u00e7o de divers\u00e3o, aprendizagem e ocupa\u00e7\u00e3o de tempos livres, para proporcionar experi\u00eancias educativas a crian\u00e7as com idades compreendidas entre os seis e os onze anos, a decorrer no Centro Escolar de Nossa Senhora do P\u00f3pulo, durante os meses de Julho e de Agosto de 2015.<\/p>\n<p>A organiza\u00e7\u00e3o do projeto est\u00e1 a cargo da Camara Municipal das Caldas da Rainha \u2013 gabinete de A\u00e7\u00e3o Social. Para a conce\u00e7\u00e3o e acompanhamento do projeto\u00a0s\u00e3o entidades\u00a0parceiras a Associa\u00e7\u00e3o Nacional de Anima\u00e7\u00e3o e Educa\u00e7\u00e3o e a Escola Superior de Educa\u00e7\u00e3o e Ci\u00eancias Sociais do Instituto Polit\u00e9cnico de Leiria.<\/p>\n<p>Todas as atividades a trabalhar neste espa\u00e7o ser\u00e3o pensadas por uma equipa de trabalho especializada, ser\u00e3o planeadas de acordo com o n\u00edvel de desenvolvimento e aprendizagem, com os interesses e motiva\u00e7\u00f5es das crian\u00e7as e relacionadas com o trabalho desenvolvido em tr\u00eas oficinas distintas.<\/p>\n<p>O projeto tem uma vertente fortemente social no sentido de permitir que crian\u00e7as de diferentes classes socioecon\u00f3micas possam ter as mesmas oportunidades a n\u00edvel educativo, cultural e recreativo.<\/p>\n<p>O nosso grande objetivo para este projeto ser\u00e1 o de que as crian\u00e7as desfrutem de momentos \u00fanicos e intensos, num clima de respeito, liberdade e seguran\u00e7a.<\/p>\n","protected":false},"excerpt":{"rendered":"<p>A Ludicidade \u00e9 uma ludoteca de Ver\u00e3o, ou seja, um espa\u00e7o de divers\u00e3o, aprendizagem e ocupa\u00e7\u00e3o de tempos livres, para proporcionar experi\u00eancias educativas a crian\u00e7as com idades compreendidas entre os seis e os onze anos, a decorrer no Centro Escolar<\/p>\n","protected":false},"author":1553,"featured_media":0,"parent":0,"menu_order":0,"comment_status":"closed","ping_status":"closed","template":"","meta":{"footnotes":""},"class_list":["post-19","page","type-page","status-publish","hentry"],"_links":{"self":[{"href":"https:\/\/sites.ipleiria.pt\/ludicidade\/wp-json\/wp\/v2\/pages\/19","targetHints":{"allow":["GET"]}}],"collection":[{"href":"https:\/\/sites.ipleiria.pt\/ludicidade\/wp-json\/wp\/v2\/pages"}],"about":[{"href":"https:\/\/sites.ipleiria.pt\/ludicidade\/wp-json\/wp\/v2\/types\/page"}],"author":[{"embeddable":true,"href":"https:\/\/sites.ipleiria.pt\/ludicidade\/wp-json\/wp\/v2\/users\/1553"}],"replies":[{"embeddable":true,"href":"https:\/\/sites.ipleiria.pt\/ludicidade\/wp-json\/wp\/v2\/comments?post=19"}],"version-history":[{"count":1,"href":"https:\/\/sites.ipleiria.pt\/ludicidade\/wp-json\/wp\/v2\/pages\/19\/revisions"}],"predecessor-version":[{"id":20,"href":"https:\/\/sites.ipleiria.pt\/ludicidade\/wp-json\/wp\/v2\/pages\/19\/revisions\/20"}],"wp:attachment":[{"href":"https:\/\/sites.ipleiria.pt\/ludicidade\/wp-json\/wp\/v2\/media?parent=19"}],"curies":[{"name":"wp","href":"https:\/\/api.w.org\/{rel}","templated":true}]}}