{"id":2,"date":"2015-05-29T09:41:02","date_gmt":"2015-05-29T09:41:02","guid":{"rendered":"http:\/\/sites.ipleiria.pt\/ludicidade\/?page_id=2"},"modified":"2015-06-29T10:39:22","modified_gmt":"2015-06-29T10:39:22","slug":"pagina-exemplo","status":"publish","type":"page","link":"https:\/\/sites.ipleiria.pt\/ludicidade\/pagina-exemplo\/","title":{"rendered":"FUNCIONAMENTO"},"content":{"rendered":"<p>A Ludicidade\u00a0\u00e9 um espa\u00e7o de convite ao jogo, no qual a crian\u00e7a encontrar\u00e1 objetivos l\u00fadico-pedag\u00f3gicos com que poder\u00e1 agir livremente e onde a aprendizagem se processar\u00e1 a partir das suas experi\u00eancias pessoais e de grupo.<\/p>\n<p>Ir\u00e1 funcionar com\u00a0tr\u00eas oficinas l\u00fadicas que se complementam e articulam de modo a possibilitar um trabalho global que contribua para o desenvolvimento afectivo, social e cultural da crian\u00e7a e para novas e diversas aprendizagens: <strong>Oficina I<\/strong> \u2013 Oficina das ideias, <strong>Oficina II \u2013 <\/strong>Oficina das Emo\u00e7\u00f5es, <strong>Oficina III<\/strong> \u2013 Oficina dos pequenos artistas. Para al\u00e9m destas oficinas destacam-se as idas \u00e0 praia e as visitas a locais de interesse na comunidade caldense.<\/p>\n<p>Este projecto ser\u00e1 marcado por um processo educativo informal. Uma parte das atividades ser\u00e1 livre, dando-se oportunidade \u00e0 crian\u00e7a de escolher os seus jogos e brincadeiras, no entanto, haver\u00e1 diariamente uma actividade proposta pelos monitores em cada uma das oficinas.<\/p>\n<p>O\u00a0espa\u00e7o potencializar\u00e1 uma aprendizagem que parte das viv\u00eancias e motiva\u00e7\u00f5es das crian\u00e7as, utilizando m\u00e9todos e t\u00e9cnicas adequadas ao seu n\u00edvel s\u00f3cio-cultural de desenvolvimento e \u00e0s suas necessidades espec\u00edficas, tornando assim essas aprendizagens t\u00e3o naturais quanto poss\u00edvel.<\/p>\n","protected":false},"excerpt":{"rendered":"<p>A Ludicidade\u00a0\u00e9 um espa\u00e7o de convite ao jogo, no qual a crian\u00e7a encontrar\u00e1 objetivos l\u00fadico-pedag\u00f3gicos com que poder\u00e1 agir livremente e onde a aprendizagem se processar\u00e1 a partir das suas experi\u00eancias pessoais e de grupo. Ir\u00e1 funcionar com\u00a0tr\u00eas oficinas l\u00fadicas<\/p>\n","protected":false},"author":102,"featured_media":0,"parent":0,"menu_order":0,"comment_status":"closed","ping_status":"closed","template":"","meta":{"footnotes":""},"class_list":["post-2","page","type-page","status-publish","hentry"],"_links":{"self":[{"href":"https:\/\/sites.ipleiria.pt\/ludicidade\/wp-json\/wp\/v2\/pages\/2","targetHints":{"allow":["GET"]}}],"collection":[{"href":"https:\/\/sites.ipleiria.pt\/ludicidade\/wp-json\/wp\/v2\/pages"}],"about":[{"href":"https:\/\/sites.ipleiria.pt\/ludicidade\/wp-json\/wp\/v2\/types\/page"}],"author":[{"embeddable":true,"href":"https:\/\/sites.ipleiria.pt\/ludicidade\/wp-json\/wp\/v2\/users\/102"}],"replies":[{"embeddable":true,"href":"https:\/\/sites.ipleiria.pt\/ludicidade\/wp-json\/wp\/v2\/comments?post=2"}],"version-history":[{"count":1,"href":"https:\/\/sites.ipleiria.pt\/ludicidade\/wp-json\/wp\/v2\/pages\/2\/revisions"}],"predecessor-version":[{"id":13,"href":"https:\/\/sites.ipleiria.pt\/ludicidade\/wp-json\/wp\/v2\/pages\/2\/revisions\/13"}],"wp:attachment":[{"href":"https:\/\/sites.ipleiria.pt\/ludicidade\/wp-json\/wp\/v2\/media?parent=2"}],"curies":[{"name":"wp","href":"https:\/\/api.w.org\/{rel}","templated":true}]}}