{"id":21,"date":"2015-06-24T12:22:37","date_gmt":"2015-06-24T12:22:37","guid":{"rendered":"http:\/\/sites.ipleiria.pt\/ludicidade\/?page_id=21"},"modified":"2015-06-29T10:39:46","modified_gmt":"2015-06-29T10:39:46","slug":"comissao-organizadora","status":"publish","type":"page","link":"https:\/\/sites.ipleiria.pt\/ludicidade\/comissao-organizadora\/","title":{"rendered":"ORGANIZA\u00c7\u00c3O"},"content":{"rendered":"<p><strong>Camara Municipal das Caldas da Rainha \u2013 gabinete de A\u00e7\u00e3o Social<\/strong><\/p>\n<p>Ana Pica<\/p>\n<p>&nbsp;<\/p>\n<p><strong>Associa\u00e7\u00e3o Nacional de Anima\u00e7\u00e3o e Educa\u00e7\u00e3o<\/strong><\/p>\n<p>Lina Lemos<\/p>\n<p>&nbsp;<\/p>\n<p><strong>Escola Superior de Educa\u00e7\u00e3o e Ci\u00eancias Sociais do Instituto Polit\u00e9cnico de Leiria<\/strong><\/p>\n<p>Miguel Oliveira<\/p>\n","protected":false},"excerpt":{"rendered":"<p>Camara Municipal das Caldas da Rainha \u2013 gabinete de A\u00e7\u00e3o Social Ana Pica &nbsp; Associa\u00e7\u00e3o Nacional de Anima\u00e7\u00e3o e Educa\u00e7\u00e3o Lina Lemos &nbsp; Escola Superior de Educa\u00e7\u00e3o e Ci\u00eancias Sociais do Instituto Polit\u00e9cnico de Leiria Miguel Oliveira<\/p>\n","protected":false},"author":1553,"featured_media":0,"parent":0,"menu_order":0,"comment_status":"closed","ping_status":"closed","template":"","meta":{"footnotes":""},"class_list":["post-21","page","type-page","status-publish","hentry"],"_links":{"self":[{"href":"https:\/\/sites.ipleiria.pt\/ludicidade\/wp-json\/wp\/v2\/pages\/21","targetHints":{"allow":["GET"]}}],"collection":[{"href":"https:\/\/sites.ipleiria.pt\/ludicidade\/wp-json\/wp\/v2\/pages"}],"about":[{"href":"https:\/\/sites.ipleiria.pt\/ludicidade\/wp-json\/wp\/v2\/types\/page"}],"author":[{"embeddable":true,"href":"https:\/\/sites.ipleiria.pt\/ludicidade\/wp-json\/wp\/v2\/users\/1553"}],"replies":[{"embeddable":true,"href":"https:\/\/sites.ipleiria.pt\/ludicidade\/wp-json\/wp\/v2\/comments?post=21"}],"version-history":[{"count":2,"href":"https:\/\/sites.ipleiria.pt\/ludicidade\/wp-json\/wp\/v2\/pages\/21\/revisions"}],"predecessor-version":[{"id":34,"href":"https:\/\/sites.ipleiria.pt\/ludicidade\/wp-json\/wp\/v2\/pages\/21\/revisions\/34"}],"wp:attachment":[{"href":"https:\/\/sites.ipleiria.pt\/ludicidade\/wp-json\/wp\/v2\/media?parent=21"}],"curies":[{"name":"wp","href":"https:\/\/api.w.org\/{rel}","templated":true}]}}