{"id":23,"date":"2015-06-24T12:23:10","date_gmt":"2015-06-24T12:23:10","guid":{"rendered":"http:\/\/sites.ipleiria.pt\/ludicidade\/?page_id=23"},"modified":"2015-06-29T10:39:18","modified_gmt":"2015-06-29T10:39:18","slug":"equipa","status":"publish","type":"page","link":"https:\/\/sites.ipleiria.pt\/ludicidade\/equipa\/","title":{"rendered":"EQUIPA"},"content":{"rendered":"<p><strong>Escola Superior de Educa\u00e7\u00e3o e Ci\u00eancias Sociais do Instituto Polit\u00e9cnico de Leiria<\/strong><\/p>\n<p>Coordena\u00e7\u00e3o: Miguel Oliveira<\/p>\n<p>&nbsp;<\/p>\n<p><strong>Camara Municipal das Caldas da Rainha \u2013 gabinete de A\u00e7\u00e3o Social<\/strong><\/p>\n<p>Coordena\u00e7\u00e3o: Ana Pica<\/p>\n<p>Monitores: &#8230;<\/p>\n<p>&nbsp;<\/p>\n<p><strong>Associa\u00e7\u00e3o Nacional de Anima\u00e7\u00e3o e Educa\u00e7\u00e3o<\/strong><\/p>\n<p>Coordena\u00e7\u00e3o: Lina Lemos<\/p>\n<p>Monitores: Lina Lemos, Eduarda &#8230;<\/p>\n<p>&nbsp;<\/p>\n<p>&nbsp;<\/p>\n","protected":false},"excerpt":{"rendered":"<p>Escola Superior de Educa\u00e7\u00e3o e Ci\u00eancias Sociais do Instituto Polit\u00e9cnico de Leiria Coordena\u00e7\u00e3o: Miguel Oliveira &nbsp; Camara Municipal das Caldas da Rainha \u2013 gabinete de A\u00e7\u00e3o Social Coordena\u00e7\u00e3o: Ana Pica Monitores: &#8230; &nbsp; Associa\u00e7\u00e3o Nacional de Anima\u00e7\u00e3o e Educa\u00e7\u00e3o Coordena\u00e7\u00e3o:<\/p>\n","protected":false},"author":1553,"featured_media":0,"parent":0,"menu_order":0,"comment_status":"closed","ping_status":"closed","template":"","meta":{"footnotes":""},"class_list":["post-23","page","type-page","status-publish","hentry"],"_links":{"self":[{"href":"https:\/\/sites.ipleiria.pt\/ludicidade\/wp-json\/wp\/v2\/pages\/23","targetHints":{"allow":["GET"]}}],"collection":[{"href":"https:\/\/sites.ipleiria.pt\/ludicidade\/wp-json\/wp\/v2\/pages"}],"about":[{"href":"https:\/\/sites.ipleiria.pt\/ludicidade\/wp-json\/wp\/v2\/types\/page"}],"author":[{"embeddable":true,"href":"https:\/\/sites.ipleiria.pt\/ludicidade\/wp-json\/wp\/v2\/users\/1553"}],"replies":[{"embeddable":true,"href":"https:\/\/sites.ipleiria.pt\/ludicidade\/wp-json\/wp\/v2\/comments?post=23"}],"version-history":[{"count":4,"href":"https:\/\/sites.ipleiria.pt\/ludicidade\/wp-json\/wp\/v2\/pages\/23\/revisions"}],"predecessor-version":[{"id":36,"href":"https:\/\/sites.ipleiria.pt\/ludicidade\/wp-json\/wp\/v2\/pages\/23\/revisions\/36"}],"wp:attachment":[{"href":"https:\/\/sites.ipleiria.pt\/ludicidade\/wp-json\/wp\/v2\/media?parent=23"}],"curies":[{"name":"wp","href":"https:\/\/api.w.org\/{rel}","templated":true}]}}