{"id":26,"date":"2015-06-24T12:23:36","date_gmt":"2015-06-24T12:23:36","guid":{"rendered":"http:\/\/sites.ipleiria.pt\/ludicidade\/?page_id=26"},"modified":"2015-07-01T11:25:39","modified_gmt":"2015-07-01T11:25:39","slug":"planificacao","status":"publish","type":"page","link":"https:\/\/sites.ipleiria.pt\/ludicidade\/planificacao\/","title":{"rendered":"PLANIFICA\u00c7\u00c3O"},"content":{"rendered":"<p style=\"text-align: center\"><span style=\"color: #993300;text-decoration: underline\"><strong>Plano de atividades \u2013 ATL Ver\u00e3o 2015<\/strong><\/span><\/p>\n<table style=\"height: 1641px\" width=\"823\">\n<tbody>\n<tr>\n<td rowspan=\"2\" width=\"111\"><strong>Dias <\/strong><\/td>\n<td colspan=\"4\" width=\"945\"><strong>Descri\u00e7\u00e3o de atividades- Turno 1<\/strong><\/td>\n<\/tr>\n<tr>\n<td width=\"435\"><strong>Manh\u00e3<\/strong><\/td>\n<td rowspan=\"11\" width=\"57\"><strong>\u00a0<\/strong><\/td>\n<td width=\"425\"><strong>Tarde<\/strong><\/td>\n<td rowspan=\"6\" width=\"28\"><strong>\u00a0<\/strong><\/td>\n<\/tr>\n<tr>\n<td width=\"111\"><strong>6 de julho<\/strong><\/td>\n<td width=\"435\">Apresenta\u00e7\u00e3oDefini\u00e7\u00e3o de regras<\/p>\n<p>Elabora\u00e7\u00e3o de cartaz das regras<\/p>\n<p>Elabora\u00e7\u00e3o de etiquetas com os nomes<\/p>\n<p>Jogos de socializa\u00e7\u00e3o<\/td>\n<td width=\"425\">Grupo 1 e 2:Visita ao Parque D. Carlos I<\/p>\n<p>Jogos de equipas<\/p>\n<p>Picnic no Parque<\/td>\n<\/tr>\n<tr>\n<td width=\"111\"><strong>7 de julho<\/strong><\/td>\n<td width=\"435\">Artes pl\u00e1sticas (Grupo 1)Atividades tema livre (Grupo 1)<\/p>\n<p>Jogos tradicionais (Grupo 2)<\/p>\n<p>Sess\u00e3o de pintura com proje\u00e7\u00e3o de imagens (Grupo 2)<\/td>\n<td width=\"425\">Praia (Grupo 1)Vista \u00e0 Escola de Sargentos (ESE) (Grupo 2)<\/p>\n<p>&nbsp;<\/td>\n<\/tr>\n<tr>\n<td width=\"111\"><strong>8 de julho<\/strong><\/td>\n<td width=\"435\">\u00a0Jogos de express\u00e3o dram\u00e1tica (Grupo 1)Constru\u00e7\u00e3o e apresenta\u00e7\u00e3o de hist\u00f3rias (Grupo 1)<\/td>\n<td width=\"425\">\u00a0Jogos de express\u00e3o dram\u00e1tica (Grupo 2)Constru\u00e7\u00e3o e apresenta\u00e7\u00e3o de hist\u00f3rias (Grupo 2)<\/td>\n<\/tr>\n<tr>\n<td width=\"111\"><strong>9 de julho<\/strong><\/td>\n<td width=\"435\"><strong>\u00a0<\/strong>Artes pl\u00e1sticas (Grupo 2)Atividades tema livre (Grupo 2)<\/p>\n<p>Jogos tradicionais (Grupo 1)<\/p>\n<p>Sess\u00e3o de pintura com proje\u00e7\u00e3o de imagens (Grupo 1)<\/td>\n<td width=\"425\">Praia (Grupo 2)Visita \u00e0 Escola de Sargentos (ESE) (Grupo1 )<\/td>\n<\/tr>\n<tr>\n<td width=\"111\"><strong>10 de julho<\/strong><\/td>\n<td width=\"435\">\u00a0\u00a0Visita \u00e0 Biblioteca (Grupo 2)Sess\u00e3o de dan\u00e7a e gin\u00e1stica (a definir com os grupos) (Grupo 1)<\/p>\n<p>Atividades tema livre (Grupo 1)<\/td>\n<td width=\"425\">\u00a0Visita \u00e0 Biblioteca (Grupo 1)Sess\u00e3o de dan\u00e7a e gin\u00e1stica (a definir com os grupos) (Grupo 2)<\/p>\n<p>Atividades tema livre (Grupo 2)<\/td>\n<\/tr>\n<tr>\n<td width=\"111\"><strong>13 de julho<\/strong><\/td>\n<td width=\"435\">\u00a0Visita ao Banco Alimentar (Grupo 1)Atividades de Pintura (Grupo 2)<\/p>\n<p>Atividades tema livre (Grupo 2)<\/td>\n<td width=\"425\">Visita ao Banco Alimentar (Grupo 2)Atividades de Pintura (Grupo 1)<\/p>\n<p>Atividades tema livre (Grupo 1)<\/td>\n<td width=\"28\"><\/td>\n<\/tr>\n<tr>\n<td width=\"111\"><strong>14 de julho<\/strong><\/td>\n<td width=\"435\">Cria\u00e7\u00e3o de brinquedos a partir de material reciclado (Grupo 1)<strong>\u00a0<\/strong>Sess\u00e3o de Hist\u00f3rias (Grupo 2)<\/td>\n<td width=\"425\">Praia (Grupo 1)Visita ao CCC (Grupo 2)<\/td>\n<td width=\"28\"><\/td>\n<\/tr>\n<tr>\n<td width=\"111\"><strong>15 de julho<\/strong><\/td>\n<td width=\"435\">Visita \u00e0 Biblioteca (Grupo 1)Desportos coletivos (a definir com os grupos) (Grupo 2)<\/td>\n<td width=\"425\">Visita \u00e0 Biblioteca (Grupo 2)Desportos coletivos (a definir com os grupos) (Grupo 1)<\/td>\n<td width=\"28\"><\/td>\n<\/tr>\n<tr>\n<td width=\"111\"><strong>16 de julho<\/strong><\/td>\n<td width=\"435\">\u00a0Cria\u00e7\u00e3o de brinquedos a partir de material reciclado (Grupo 2)Sess\u00e3o de Hist\u00f3rias (Grupo 1)<\/td>\n<td width=\"425\">Praia (Grupo 2)Visita ao CCC (Grupo 1)<\/td>\n<td width=\"28\"><\/td>\n<\/tr>\n<tr>\n<td width=\"111\"><strong>17 de julho<\/strong><\/td>\n<td width=\"435\">Sess\u00e3o de Cinema (Grupo 1)Visita ao Museu Jos\u00e9 Malhoa (Grupo 2)<\/td>\n<td width=\"425\">Sess\u00e3o de Cinema (Grupo 2)Visita ao Museu Jos\u00e9 Malhoa (Grupo 1)<\/td>\n<td width=\"28\"><\/td>\n<\/tr>\n<\/tbody>\n<\/table>\n","protected":false},"excerpt":{"rendered":"<p>Plano de atividades \u2013 ATL Ver\u00e3o 2015 Dias Descri\u00e7\u00e3o de atividades- Turno 1 Manh\u00e3 \u00a0 Tarde \u00a0 6 de julho Apresenta\u00e7\u00e3oDefini\u00e7\u00e3o de regras Elabora\u00e7\u00e3o de cartaz das regras Elabora\u00e7\u00e3o de etiquetas com os nomes Jogos de socializa\u00e7\u00e3o Grupo 1 e<\/p>\n","protected":false},"author":1553,"featured_media":0,"parent":0,"menu_order":0,"comment_status":"closed","ping_status":"closed","template":"","meta":{"footnotes":""},"class_list":["post-26","page","type-page","status-publish","hentry"],"_links":{"self":[{"href":"https:\/\/sites.ipleiria.pt\/ludicidade\/wp-json\/wp\/v2\/pages\/26","targetHints":{"allow":["GET"]}}],"collection":[{"href":"https:\/\/sites.ipleiria.pt\/ludicidade\/wp-json\/wp\/v2\/pages"}],"about":[{"href":"https:\/\/sites.ipleiria.pt\/ludicidade\/wp-json\/wp\/v2\/types\/page"}],"author":[{"embeddable":true,"href":"https:\/\/sites.ipleiria.pt\/ludicidade\/wp-json\/wp\/v2\/users\/1553"}],"replies":[{"embeddable":true,"href":"https:\/\/sites.ipleiria.pt\/ludicidade\/wp-json\/wp\/v2\/comments?post=26"}],"version-history":[{"count":5,"href":"https:\/\/sites.ipleiria.pt\/ludicidade\/wp-json\/wp\/v2\/pages\/26\/revisions"}],"predecessor-version":[{"id":59,"href":"https:\/\/sites.ipleiria.pt\/ludicidade\/wp-json\/wp\/v2\/pages\/26\/revisions\/59"}],"wp:attachment":[{"href":"https:\/\/sites.ipleiria.pt\/ludicidade\/wp-json\/wp\/v2\/media?parent=26"}],"curies":[{"name":"wp","href":"https:\/\/api.w.org\/{rel}","templated":true}]}}