{"id":152,"date":"2018-05-09T14:13:21","date_gmt":"2018-05-09T14:13:21","guid":{"rendered":"http:\/\/sites.ipleiria.pt\/maiocriativo\/?page_id=152"},"modified":"2018-05-28T11:33:56","modified_gmt":"2018-05-28T11:33:56","slug":"2-maio","status":"publish","type":"page","link":"https:\/\/sites.ipleiria.pt\/maiocriativo\/2-maio\/","title":{"rendered":"2 maio"},"content":{"rendered":"<p><em><strong>O que h\u00e1 por detr\u00e1s do nariz?<\/strong><\/em><\/p>\n<p>Dinamiza\u00e7\u00e3o Enne Beserra &#8211; Estudante do Mestrado de Interven\u00e7\u00e3o e Anima\u00e7\u00e3o Art\u00edsticas<\/p>\n<p><img loading=\"lazy\" decoding=\"async\" class=\"aligncenter size-full wp-image-153\" src=\"http:\/\/sites.ipleiria.pt\/maiocriativo\/files\/2018\/05\/Untitled-2.jpg\" alt=\"\" width=\"1477\" height=\"1756\" srcset=\"https:\/\/sites.ipleiria.pt\/maiocriativo\/files\/2018\/05\/Untitled-2.jpg 1477w, https:\/\/sites.ipleiria.pt\/maiocriativo\/files\/2018\/05\/Untitled-2-252x300.jpg 252w, https:\/\/sites.ipleiria.pt\/maiocriativo\/files\/2018\/05\/Untitled-2-768x913.jpg 768w, https:\/\/sites.ipleiria.pt\/maiocriativo\/files\/2018\/05\/Untitled-2-861x1024.jpg 861w\" sizes=\"auto, (max-width: 1477px) 100vw, 1477px\" \/><span style=\"color: #191919;font-family: Calibri;font-size: small\">\u00a9 Catarina Varanda &#8211; Centro de Recursos Multim\u00e9dia <\/span><\/p>\n<p>&nbsp;<\/p>\n<p><em><strong>A cria\u00e7\u00e3o teatral e a constru\u00e7\u00e3o de rela\u00e7\u00f5es &#8211; da recusa ao envolvimento<\/strong><\/em><\/p>\n<p><em><strong>A m\u00fasica enquanto ferramenta de interven\u00e7\u00e3o<\/strong><\/em><\/p>\n<p>Convidadas:<\/p>\n<p>Dina Gabriel &#8211; Educadora de Inf\u00e2ncia e Mestre em Interven\u00e7\u00e3o e Anima\u00e7\u00e3o Art\u00edsticas<\/p>\n<p>Joana Gon\u00e7alves &#8211; Animadora Cultural na SAMP e Mestre em Interven\u00e7\u00e3o e Anima\u00e7\u00e3o Art\u00edsticas<\/p>\n<p><img loading=\"lazy\" decoding=\"async\" class=\"aligncenter size-full wp-image-154\" src=\"http:\/\/sites.ipleiria.pt\/maiocriativo\/files\/2018\/05\/Untitled-5.jpg\" alt=\"\" width=\"1899\" height=\"1242\" srcset=\"https:\/\/sites.ipleiria.pt\/maiocriativo\/files\/2018\/05\/Untitled-5.jpg 1899w, https:\/\/sites.ipleiria.pt\/maiocriativo\/files\/2018\/05\/Untitled-5-300x196.jpg 300w, https:\/\/sites.ipleiria.pt\/maiocriativo\/files\/2018\/05\/Untitled-5-768x502.jpg 768w, https:\/\/sites.ipleiria.pt\/maiocriativo\/files\/2018\/05\/Untitled-5-1024x670.jpg 1024w\" sizes=\"auto, (max-width: 1899px) 100vw, 1899px\" \/><span style=\"color: #191919;font-family: Calibri;font-size: small\">\u00a9 Cristiana Confraria &#8211; Estudante Mestrado Interven\u00e7\u00e3o e Anima\u00e7\u00e3o Art\u00edsticas<\/span><\/p>\n<p>&nbsp;<\/p>\n<p><em><strong>Exposi\u00e7\u00e3o Permanente de Fotografia #Ilus\u00e3o da Realidade<\/strong><\/em><\/p>\n<p>Exposi\u00e7\u00e3o realizada pelos estudantes\u00a0do Mestrado\u00a0de Interven\u00e7\u00e3o e Anima\u00e7\u00e3o Art\u00edsticas<\/p>\n<p><img loading=\"lazy\" decoding=\"async\" class=\"aligncenter size-full wp-image-164\" src=\"http:\/\/sites.ipleiria.pt\/maiocriativo\/files\/2018\/05\/Untitled-3.jpg\" alt=\"\" width=\"1512\" height=\"2138\" srcset=\"https:\/\/sites.ipleiria.pt\/maiocriativo\/files\/2018\/05\/Untitled-3.jpg 1512w, https:\/\/sites.ipleiria.pt\/maiocriativo\/files\/2018\/05\/Untitled-3-212x300.jpg 212w, https:\/\/sites.ipleiria.pt\/maiocriativo\/files\/2018\/05\/Untitled-3-768x1086.jpg 768w, https:\/\/sites.ipleiria.pt\/maiocriativo\/files\/2018\/05\/Untitled-3-724x1024.jpg 724w\" sizes=\"auto, (max-width: 1512px) 100vw, 1512px\" \/><\/p>\n<p><span style=\"color: #191919;font-family: Calibri;font-size: small\">\u00a9 Cristiana Confraria &#8211; Estudante Mestrado Interven\u00e7\u00e3o e Anima\u00e7\u00e3o Art\u00edsticas<\/span><\/p>\n<p>&nbsp;<\/p>\n<p>&nbsp;<\/p>\n<p>&nbsp;<\/p>\n<p>&nbsp;<\/p>\n<p>&nbsp;<\/p>\n<p>&nbsp;<\/p>\n<p>&nbsp;<\/p>\n<p>&nbsp;<\/p>\n<p>&nbsp;<\/p>\n<p>&nbsp;<\/p>\n<p>&nbsp;<\/p>\n<p>&nbsp;<\/p>\n<p>&nbsp;<\/p>\n<p>&nbsp;<\/p>\n<p>&nbsp;<\/p>\n<p>&nbsp;<\/p>\n<p>&nbsp;<\/p>\n<p>&nbsp;<\/p>\n<p>&nbsp;<\/p>\n<p>&nbsp;<\/p>\n<p>&nbsp;<\/p>\n<p>SaveSave<\/p>\n","protected":false},"excerpt":{"rendered":"<p>O que h\u00e1 por detr\u00e1s do nariz? Dinamiza\u00e7\u00e3o Enne Beserra &#8211; Estudante do Mestrado de Interven\u00e7\u00e3o e Anima\u00e7\u00e3o Art\u00edsticas \u00a9 Catarina Varanda &#8211; Centro de Recursos Multim\u00e9dia &nbsp; A cria\u00e7\u00e3o teatral e a constru\u00e7\u00e3o de rela\u00e7\u00f5es &#8211; da recusa ao&hellip;  <\/p>\n<p class=\"more-link\"><a href=\"https:\/\/sites.ipleiria.pt\/maiocriativo\/2-maio\/\">Continue reading <span class=\"meta-nav\">&rarr;<\/span><\/a><\/p>\n","protected":false},"author":2694,"featured_media":0,"parent":0,"menu_order":0,"comment_status":"closed","ping_status":"closed","template":"full-width-page.php","meta":{"footnotes":""},"class_list":["post-152","page","type-page","status-publish","hentry"],"_links":{"self":[{"href":"https:\/\/sites.ipleiria.pt\/maiocriativo\/wp-json\/wp\/v2\/pages\/152","targetHints":{"allow":["GET"]}}],"collection":[{"href":"https:\/\/sites.ipleiria.pt\/maiocriativo\/wp-json\/wp\/v2\/pages"}],"about":[{"href":"https:\/\/sites.ipleiria.pt\/maiocriativo\/wp-json\/wp\/v2\/types\/page"}],"author":[{"embeddable":true,"href":"https:\/\/sites.ipleiria.pt\/maiocriativo\/wp-json\/wp\/v2\/users\/2694"}],"replies":[{"embeddable":true,"href":"https:\/\/sites.ipleiria.pt\/maiocriativo\/wp-json\/wp\/v2\/comments?post=152"}],"version-history":[{"count":10,"href":"https:\/\/sites.ipleiria.pt\/maiocriativo\/wp-json\/wp\/v2\/pages\/152\/revisions"}],"predecessor-version":[{"id":349,"href":"https:\/\/sites.ipleiria.pt\/maiocriativo\/wp-json\/wp\/v2\/pages\/152\/revisions\/349"}],"wp:attachment":[{"href":"https:\/\/sites.ipleiria.pt\/maiocriativo\/wp-json\/wp\/v2\/media?parent=152"}],"curies":[{"name":"wp","href":"https:\/\/api.w.org\/{rel}","templated":true}]}}