{"id":161,"date":"2018-05-09T14:16:05","date_gmt":"2018-05-09T14:16:05","guid":{"rendered":"http:\/\/sites.ipleiria.pt\/maiocriativo\/?page_id=161"},"modified":"2018-05-28T11:37:30","modified_gmt":"2018-05-28T11:37:30","slug":"7-maio","status":"publish","type":"page","link":"https:\/\/sites.ipleiria.pt\/maiocriativo\/7-maio\/","title":{"rendered":"7 maio"},"content":{"rendered":"<p><em><strong>Artes e Investiga\u00e7\u00e3o &#8211; Partilha de processos de interven\u00e7\u00e3o<\/strong><\/em><\/p>\n<p>Dinamiza\u00e7\u00e3o dos estudantes do 2\u00ba ano do Mestrado de Interven\u00e7\u00e3o e Anima\u00e7\u00e3o Art\u00edsticas<\/p>\n<p><img loading=\"lazy\" decoding=\"async\" class=\"aligncenter size-full wp-image-162\" src=\"http:\/\/sites.ipleiria.pt\/maiocriativo\/files\/2018\/05\/Untitled-7.jpg\" alt=\"\" width=\"1491\" height=\"1512\" srcset=\"https:\/\/sites.ipleiria.pt\/maiocriativo\/files\/2018\/05\/Untitled-7.jpg 1491w, https:\/\/sites.ipleiria.pt\/maiocriativo\/files\/2018\/05\/Untitled-7-296x300.jpg 296w, https:\/\/sites.ipleiria.pt\/maiocriativo\/files\/2018\/05\/Untitled-7-768x779.jpg 768w, https:\/\/sites.ipleiria.pt\/maiocriativo\/files\/2018\/05\/Untitled-7-1010x1024.jpg 1010w\" sizes=\"auto, (max-width: 1491px) 100vw, 1491px\" \/><span style=\"color: #191919;font-family: Calibri;font-size: small\">\u00a9 Cristiana Confraria &#8211; Estudante do Mestrado de Interven\u00e7\u00e3o e Anima\u00e7\u00e3o Art\u00edsticas<\/span><\/p>\n<p>&nbsp;<\/p>\n<p>&nbsp;<\/p>\n<p>&nbsp;<\/p>\n<p>&nbsp;<\/p>\n<p>&nbsp;<\/p>\n<p>&nbsp;<\/p>\n<p>&nbsp;<\/p>\n<p>&nbsp;<\/p>\n<p>SaveSave<\/p>\n<p>SaveSave<\/p>\n","protected":false},"excerpt":{"rendered":"<p>Artes e Investiga\u00e7\u00e3o &#8211; Partilha de processos de interven\u00e7\u00e3o Dinamiza\u00e7\u00e3o dos estudantes do 2\u00ba ano do Mestrado de Interven\u00e7\u00e3o e Anima\u00e7\u00e3o Art\u00edsticas \u00a9 Cristiana Confraria &#8211; Estudante do Mestrado de Interven\u00e7\u00e3o e Anima\u00e7\u00e3o Art\u00edsticas &nbsp; &nbsp; &nbsp; &nbsp; &nbsp; &nbsp;&hellip;  <\/p>\n<p class=\"more-link\"><a href=\"https:\/\/sites.ipleiria.pt\/maiocriativo\/7-maio\/\">Continue reading <span class=\"meta-nav\">&rarr;<\/span><\/a><\/p>\n","protected":false},"author":2694,"featured_media":0,"parent":0,"menu_order":0,"comment_status":"closed","ping_status":"closed","template":"full-width-page.php","meta":{"footnotes":""},"class_list":["post-161","page","type-page","status-publish","hentry"],"_links":{"self":[{"href":"https:\/\/sites.ipleiria.pt\/maiocriativo\/wp-json\/wp\/v2\/pages\/161","targetHints":{"allow":["GET"]}}],"collection":[{"href":"https:\/\/sites.ipleiria.pt\/maiocriativo\/wp-json\/wp\/v2\/pages"}],"about":[{"href":"https:\/\/sites.ipleiria.pt\/maiocriativo\/wp-json\/wp\/v2\/types\/page"}],"author":[{"embeddable":true,"href":"https:\/\/sites.ipleiria.pt\/maiocriativo\/wp-json\/wp\/v2\/users\/2694"}],"replies":[{"embeddable":true,"href":"https:\/\/sites.ipleiria.pt\/maiocriativo\/wp-json\/wp\/v2\/comments?post=161"}],"version-history":[{"count":5,"href":"https:\/\/sites.ipleiria.pt\/maiocriativo\/wp-json\/wp\/v2\/pages\/161\/revisions"}],"predecessor-version":[{"id":351,"href":"https:\/\/sites.ipleiria.pt\/maiocriativo\/wp-json\/wp\/v2\/pages\/161\/revisions\/351"}],"wp:attachment":[{"href":"https:\/\/sites.ipleiria.pt\/maiocriativo\/wp-json\/wp\/v2\/media?parent=161"}],"curies":[{"name":"wp","href":"https:\/\/api.w.org\/{rel}","templated":true}]}}