{"id":254,"date":"2018-05-16T17:59:58","date_gmt":"2018-05-16T17:59:58","guid":{"rendered":"http:\/\/sites.ipleiria.pt\/maiocriativo\/?page_id=254"},"modified":"2018-05-28T11:48:02","modified_gmt":"2018-05-28T11:48:02","slug":"15-maio","status":"publish","type":"page","link":"https:\/\/sites.ipleiria.pt\/maiocriativo\/15-maio\/","title":{"rendered":"15 maio"},"content":{"rendered":"<p><em><strong>Lengalengas<\/strong><\/em><\/p>\n<p>Dinamizado pelos estudantes o 3\u00ba ano de Educa\u00e7\u00e3o B\u00e1sica<\/p>\n<p>Participa\u00e7\u00e3o das crian\u00e7as do 1\u00ba CEB da Escola Branca e\u00a0Escola de Regueira de Pontes<\/p>\n<p><img loading=\"lazy\" decoding=\"async\" class=\"aligncenter size-full wp-image-255\" src=\"http:\/\/sites.ipleiria.pt\/maiocriativo\/files\/2018\/05\/2-1.jpg\" alt=\"\" width=\"2138\" height=\"1512\" srcset=\"https:\/\/sites.ipleiria.pt\/maiocriativo\/files\/2018\/05\/2-1.jpg 2138w, https:\/\/sites.ipleiria.pt\/maiocriativo\/files\/2018\/05\/2-1-300x212.jpg 300w, https:\/\/sites.ipleiria.pt\/maiocriativo\/files\/2018\/05\/2-1-768x543.jpg 768w, https:\/\/sites.ipleiria.pt\/maiocriativo\/files\/2018\/05\/2-1-1024x724.jpg 1024w\" sizes=\"auto, (max-width: 2138px) 100vw, 2138px\" \/><span style=\"color: #191919;font-family: Calibri;font-size: small\">\u00a9 Catarina Varanda &#8211; Centro de Recursos Multim\u00e9dia<br \/>\n<\/span><\/p>\n<p>&nbsp;<\/p>\n<p><em><strong>Quem disse que eu n\u00e3o posso sambar?<\/strong><\/em><\/p>\n<p>Performance dinamizada por Marina Takuya e Enne Marx &#8211; Estudantes do Mestrado de Interven\u00e7\u00e3o e Anima\u00e7\u00e3o Art\u00edsticas<\/p>\n<p><img loading=\"lazy\" decoding=\"async\" class=\"aligncenter size-full wp-image-256\" src=\"http:\/\/sites.ipleiria.pt\/maiocriativo\/files\/2018\/05\/1-1.jpg\" alt=\"\" width=\"2138\" height=\"1512\" srcset=\"https:\/\/sites.ipleiria.pt\/maiocriativo\/files\/2018\/05\/1-1.jpg 2138w, https:\/\/sites.ipleiria.pt\/maiocriativo\/files\/2018\/05\/1-1-300x212.jpg 300w, https:\/\/sites.ipleiria.pt\/maiocriativo\/files\/2018\/05\/1-1-768x543.jpg 768w, https:\/\/sites.ipleiria.pt\/maiocriativo\/files\/2018\/05\/1-1-1024x724.jpg 1024w\" sizes=\"auto, (max-width: 2138px) 100vw, 2138px\" \/><span style=\"color: #191919;font-family: Calibri;font-size: small\">\u00a9 Cristiana Confraria &#8211; Estudante do Mestrado de Interven\u00e7\u00e3o e Anima\u00e7\u00e3o Art\u00edsticas<\/span><\/p>\n","protected":false},"excerpt":{"rendered":"<p>Lengalengas Dinamizado pelos estudantes o 3\u00ba ano de Educa\u00e7\u00e3o B\u00e1sica Participa\u00e7\u00e3o das crian\u00e7as do 1\u00ba CEB da Escola Branca e\u00a0Escola de Regueira de Pontes \u00a9 Catarina Varanda &#8211; Centro de Recursos Multim\u00e9dia &nbsp; Quem disse que eu n\u00e3o posso sambar?&hellip;  <\/p>\n<p class=\"more-link\"><a href=\"https:\/\/sites.ipleiria.pt\/maiocriativo\/15-maio\/\">Continue reading <span class=\"meta-nav\">&rarr;<\/span><\/a><\/p>\n","protected":false},"author":2694,"featured_media":0,"parent":0,"menu_order":0,"comment_status":"closed","ping_status":"closed","template":"full-width-page.php","meta":{"footnotes":""},"class_list":["post-254","page","type-page","status-publish","hentry"],"_links":{"self":[{"href":"https:\/\/sites.ipleiria.pt\/maiocriativo\/wp-json\/wp\/v2\/pages\/254","targetHints":{"allow":["GET"]}}],"collection":[{"href":"https:\/\/sites.ipleiria.pt\/maiocriativo\/wp-json\/wp\/v2\/pages"}],"about":[{"href":"https:\/\/sites.ipleiria.pt\/maiocriativo\/wp-json\/wp\/v2\/types\/page"}],"author":[{"embeddable":true,"href":"https:\/\/sites.ipleiria.pt\/maiocriativo\/wp-json\/wp\/v2\/users\/2694"}],"replies":[{"embeddable":true,"href":"https:\/\/sites.ipleiria.pt\/maiocriativo\/wp-json\/wp\/v2\/comments?post=254"}],"version-history":[{"count":7,"href":"https:\/\/sites.ipleiria.pt\/maiocriativo\/wp-json\/wp\/v2\/pages\/254\/revisions"}],"predecessor-version":[{"id":358,"href":"https:\/\/sites.ipleiria.pt\/maiocriativo\/wp-json\/wp\/v2\/pages\/254\/revisions\/358"}],"wp:attachment":[{"href":"https:\/\/sites.ipleiria.pt\/maiocriativo\/wp-json\/wp\/v2\/media?parent=254"}],"curies":[{"name":"wp","href":"https:\/\/api.w.org\/{rel}","templated":true}]}}