{"id":264,"date":"2018-05-17T10:02:47","date_gmt":"2018-05-17T10:02:47","guid":{"rendered":"http:\/\/sites.ipleiria.pt\/maiocriativo\/?page_id=264"},"modified":"2018-05-28T11:49:44","modified_gmt":"2018-05-28T11:49:44","slug":"16-maio","status":"publish","type":"page","link":"https:\/\/sites.ipleiria.pt\/maiocriativo\/16-maio\/","title":{"rendered":"16 maio"},"content":{"rendered":"<p><em><strong>As linguagens art\u00edsticas na inclus\u00e3o social<\/strong><\/em><\/p>\n<p>Convidada: Lisete Cordeiro &#8211; Presidente da InPulsar<\/p>\n<p><img loading=\"lazy\" decoding=\"async\" class=\"aligncenter size-full wp-image-265\" src=\"http:\/\/sites.ipleiria.pt\/maiocriativo\/files\/2018\/05\/DSC_0003.jpg\" alt=\"\" width=\"4288\" height=\"2848\" srcset=\"https:\/\/sites.ipleiria.pt\/maiocriativo\/files\/2018\/05\/DSC_0003.jpg 4288w, https:\/\/sites.ipleiria.pt\/maiocriativo\/files\/2018\/05\/DSC_0003-300x199.jpg 300w, https:\/\/sites.ipleiria.pt\/maiocriativo\/files\/2018\/05\/DSC_0003-768x510.jpg 768w, https:\/\/sites.ipleiria.pt\/maiocriativo\/files\/2018\/05\/DSC_0003-1024x680.jpg 1024w\" sizes=\"auto, (max-width: 4288px) 100vw, 4288px\" \/> <img loading=\"lazy\" decoding=\"async\" class=\"aligncenter size-full wp-image-266\" src=\"http:\/\/sites.ipleiria.pt\/maiocriativo\/files\/2018\/05\/DSC_0025.jpg\" alt=\"\" width=\"4288\" height=\"2848\" srcset=\"https:\/\/sites.ipleiria.pt\/maiocriativo\/files\/2018\/05\/DSC_0025.jpg 4288w, https:\/\/sites.ipleiria.pt\/maiocriativo\/files\/2018\/05\/DSC_0025-300x199.jpg 300w, https:\/\/sites.ipleiria.pt\/maiocriativo\/files\/2018\/05\/DSC_0025-768x510.jpg 768w, https:\/\/sites.ipleiria.pt\/maiocriativo\/files\/2018\/05\/DSC_0025-1024x680.jpg 1024w\" sizes=\"auto, (max-width: 4288px) 100vw, 4288px\" \/><span style=\"color: #191919;font-family: Calibri;font-size: small\">\u00a9 Marina T<span class=\"_rpc_2 _rpc_3\"><span class=\"_pe_J ms-font-color-neutralPrimary _pe_p _pe_z bidi allowTextSelection _pe_A _pe_21\" role=\"heading\">akuya<\/span><\/span> &#8211; Estudante do Mestrado de Interven\u00e7\u00e3o e Anima\u00e7\u00e3o Art\u00edsticas<\/span><\/p>\n","protected":false},"excerpt":{"rendered":"<p>As linguagens art\u00edsticas na inclus\u00e3o social Convidada: Lisete Cordeiro &#8211; Presidente da InPulsar \u00a9 Marina Takuya &#8211; Estudante do Mestrado de Interven\u00e7\u00e3o e Anima\u00e7\u00e3o Art\u00edsticas<\/p>\n","protected":false},"author":2694,"featured_media":0,"parent":0,"menu_order":0,"comment_status":"closed","ping_status":"closed","template":"full-width-page.php","meta":{"footnotes":""},"class_list":["post-264","page","type-page","status-publish","hentry"],"_links":{"self":[{"href":"https:\/\/sites.ipleiria.pt\/maiocriativo\/wp-json\/wp\/v2\/pages\/264","targetHints":{"allow":["GET"]}}],"collection":[{"href":"https:\/\/sites.ipleiria.pt\/maiocriativo\/wp-json\/wp\/v2\/pages"}],"about":[{"href":"https:\/\/sites.ipleiria.pt\/maiocriativo\/wp-json\/wp\/v2\/types\/page"}],"author":[{"embeddable":true,"href":"https:\/\/sites.ipleiria.pt\/maiocriativo\/wp-json\/wp\/v2\/users\/2694"}],"replies":[{"embeddable":true,"href":"https:\/\/sites.ipleiria.pt\/maiocriativo\/wp-json\/wp\/v2\/comments?post=264"}],"version-history":[{"count":4,"href":"https:\/\/sites.ipleiria.pt\/maiocriativo\/wp-json\/wp\/v2\/pages\/264\/revisions"}],"predecessor-version":[{"id":360,"href":"https:\/\/sites.ipleiria.pt\/maiocriativo\/wp-json\/wp\/v2\/pages\/264\/revisions\/360"}],"wp:attachment":[{"href":"https:\/\/sites.ipleiria.pt\/maiocriativo\/wp-json\/wp\/v2\/media?parent=264"}],"curies":[{"name":"wp","href":"https:\/\/api.w.org\/{rel}","templated":true}]}}