{"id":269,"date":"2018-05-17T11:13:47","date_gmt":"2018-05-17T11:13:47","guid":{"rendered":"http:\/\/sites.ipleiria.pt\/maiocriativo\/?page_id=269"},"modified":"2018-05-28T11:45:57","modified_gmt":"2018-05-28T11:45:57","slug":"12-maio","status":"publish","type":"page","link":"https:\/\/sites.ipleiria.pt\/maiocriativo\/12-maio\/","title":{"rendered":"12 maio"},"content":{"rendered":"<p><em><strong>Investir na Capacidade<\/strong><\/em><\/p>\n<p><img loading=\"lazy\" decoding=\"async\" class=\"aligncenter size-full wp-image-270\" src=\"http:\/\/sites.ipleiria.pt\/maiocriativo\/files\/2018\/05\/Untitled-1-7.jpg\" alt=\"\" width=\"2138\" height=\"1512\" srcset=\"https:\/\/sites.ipleiria.pt\/maiocriativo\/files\/2018\/05\/Untitled-1-7.jpg 2138w, https:\/\/sites.ipleiria.pt\/maiocriativo\/files\/2018\/05\/Untitled-1-7-300x212.jpg 300w, https:\/\/sites.ipleiria.pt\/maiocriativo\/files\/2018\/05\/Untitled-1-7-768x543.jpg 768w, https:\/\/sites.ipleiria.pt\/maiocriativo\/files\/2018\/05\/Untitled-1-7-1024x724.jpg 1024w\" sizes=\"auto, (max-width: 2138px) 100vw, 2138px\" \/><span style=\"color: #191919;font-family: Calibri;font-size: small\">\u00a9 Cristiana Confraria &#8211; Estudante do Mestrado de Interven\u00e7\u00e3o e Anima\u00e7\u00e3o Art\u00edsticas<\/span><\/p>\n","protected":false},"excerpt":{"rendered":"<p>Investir na Capacidade \u00a9 Cristiana Confraria &#8211; Estudante do Mestrado de Interven\u00e7\u00e3o e Anima\u00e7\u00e3o Art\u00edsticas<\/p>\n","protected":false},"author":2694,"featured_media":0,"parent":0,"menu_order":0,"comment_status":"closed","ping_status":"closed","template":"full-width-page.php","meta":{"footnotes":""},"class_list":["post-269","page","type-page","status-publish","hentry"],"_links":{"self":[{"href":"https:\/\/sites.ipleiria.pt\/maiocriativo\/wp-json\/wp\/v2\/pages\/269","targetHints":{"allow":["GET"]}}],"collection":[{"href":"https:\/\/sites.ipleiria.pt\/maiocriativo\/wp-json\/wp\/v2\/pages"}],"about":[{"href":"https:\/\/sites.ipleiria.pt\/maiocriativo\/wp-json\/wp\/v2\/types\/page"}],"author":[{"embeddable":true,"href":"https:\/\/sites.ipleiria.pt\/maiocriativo\/wp-json\/wp\/v2\/users\/2694"}],"replies":[{"embeddable":true,"href":"https:\/\/sites.ipleiria.pt\/maiocriativo\/wp-json\/wp\/v2\/comments?post=269"}],"version-history":[{"count":2,"href":"https:\/\/sites.ipleiria.pt\/maiocriativo\/wp-json\/wp\/v2\/pages\/269\/revisions"}],"predecessor-version":[{"id":356,"href":"https:\/\/sites.ipleiria.pt\/maiocriativo\/wp-json\/wp\/v2\/pages\/269\/revisions\/356"}],"wp:attachment":[{"href":"https:\/\/sites.ipleiria.pt\/maiocriativo\/wp-json\/wp\/v2\/media?parent=269"}],"curies":[{"name":"wp","href":"https:\/\/api.w.org\/{rel}","templated":true}]}}