{"id":273,"date":"2018-05-18T11:53:15","date_gmt":"2018-05-18T11:53:15","guid":{"rendered":"http:\/\/sites.ipleiria.pt\/maiocriativo\/?page_id=273"},"modified":"2018-06-01T13:47:02","modified_gmt":"2018-06-01T13:47:02","slug":"18-maio","status":"publish","type":"page","link":"https:\/\/sites.ipleiria.pt\/maiocriativo\/18-maio\/","title":{"rendered":"18 maio"},"content":{"rendered":"<p><em><strong>Deixa a tua marca criativa&#8230;<\/strong><\/em><\/p>\n<p>Dinamizado por L\u00facia Lopes e Guida Henriques &#8211; Estudantes do Mestrado de Interven\u00e7\u00e3o e Anima\u00e7\u00e3o Art\u00edsticas<\/p>\n<p><img loading=\"lazy\" decoding=\"async\" class=\"aligncenter size-full wp-image-274\" src=\"http:\/\/sites.ipleiria.pt\/maiocriativo\/files\/2018\/05\/Untitled-1-8.jpg\" alt=\"\" width=\"2138\" height=\"1512\" srcset=\"https:\/\/sites.ipleiria.pt\/maiocriativo\/files\/2018\/05\/Untitled-1-8.jpg 2138w, https:\/\/sites.ipleiria.pt\/maiocriativo\/files\/2018\/05\/Untitled-1-8-300x212.jpg 300w, https:\/\/sites.ipleiria.pt\/maiocriativo\/files\/2018\/05\/Untitled-1-8-768x543.jpg 768w, https:\/\/sites.ipleiria.pt\/maiocriativo\/files\/2018\/05\/Untitled-1-8-1024x724.jpg 1024w\" sizes=\"auto, (max-width: 2138px) 100vw, 2138px\" \/><span style=\"color: #191919;font-family: Calibri;font-size: small\">\u00a9 Catarina Varanda &#8211; Centro de Recursos Multim\u00e9dia<\/span><\/p>\n<p>&nbsp;<\/p>\n<p><em><strong>Hist\u00f3rias ao Luar<\/strong><\/em><\/p>\n<p>Dinamiza\u00e7\u00e3o por L\u00facia Lopes &#8211; estudante do Mestrado Mestrado de Interven\u00e7\u00e3o e Anima\u00e7\u00e3o Art\u00edsticas<\/p>\n<p>Participa\u00e7\u00e3o da Associa\u00e7\u00e3o Casa d\u00b4Arvore ABC Natur, Isabel Freitas e Diana S\u00e1<\/p>\n<p><img loading=\"lazy\" decoding=\"async\" class=\"size-full wp-image-291 alignleft\" src=\"http:\/\/sites.ipleiria.pt\/maiocriativo\/files\/2018\/05\/Untitled-1-9.jpg\" alt=\"\" width=\"2138\" height=\"1512\" srcset=\"https:\/\/sites.ipleiria.pt\/maiocriativo\/files\/2018\/05\/Untitled-1-9.jpg 2138w, https:\/\/sites.ipleiria.pt\/maiocriativo\/files\/2018\/05\/Untitled-1-9-300x212.jpg 300w, https:\/\/sites.ipleiria.pt\/maiocriativo\/files\/2018\/05\/Untitled-1-9-768x543.jpg 768w, https:\/\/sites.ipleiria.pt\/maiocriativo\/files\/2018\/05\/Untitled-1-9-1024x724.jpg 1024w\" sizes=\"auto, (max-width: 2138px) 100vw, 2138px\" \/><\/p>\n<p>&nbsp;<\/p>\n<p><span style=\"color: #191919;font-family: Calibri;font-size: small\">\u00a9 Cristiana Confraria &#8211; Estudante do Mestrado de Interven\u00e7\u00e3o e Anima\u00e7\u00e3o Art\u00edsticas<\/span><\/p>\n<p>&nbsp;<\/p>\n<p>&nbsp;<\/p>\n<p>&nbsp;<\/p>\n<p>&nbsp;<\/p>\n<p>&nbsp;<\/p>\n<p>&nbsp;<\/p>\n<p>&nbsp;<\/p>\n<p>&nbsp;<\/p>\n<p>&nbsp;<\/p>\n<p>&nbsp;<\/p>\n<p>&nbsp;<\/p>\n<p>&nbsp;<\/p>\n<p>SaveSave<\/p>\n<p><span>Save<\/span><span>Save<\/span><\/p>\n","protected":false},"excerpt":{"rendered":"<p>Deixa a tua marca criativa&#8230; Dinamizado por L\u00facia Lopes e Guida Henriques &#8211; Estudantes do Mestrado de Interven\u00e7\u00e3o e Anima\u00e7\u00e3o Art\u00edsticas \u00a9 Catarina Varanda &#8211; Centro de Recursos Multim\u00e9dia &nbsp; Hist\u00f3rias ao Luar Dinamiza\u00e7\u00e3o por L\u00facia Lopes &#8211; estudante do&hellip;  <\/p>\n<p class=\"more-link\"><a href=\"https:\/\/sites.ipleiria.pt\/maiocriativo\/18-maio\/\">Continue reading <span class=\"meta-nav\">&rarr;<\/span><\/a><\/p>\n","protected":false},"author":2694,"featured_media":0,"parent":0,"menu_order":0,"comment_status":"closed","ping_status":"closed","template":"full-width-page.php","meta":{"footnotes":""},"class_list":["post-273","page","type-page","status-publish","hentry"],"_links":{"self":[{"href":"https:\/\/sites.ipleiria.pt\/maiocriativo\/wp-json\/wp\/v2\/pages\/273","targetHints":{"allow":["GET"]}}],"collection":[{"href":"https:\/\/sites.ipleiria.pt\/maiocriativo\/wp-json\/wp\/v2\/pages"}],"about":[{"href":"https:\/\/sites.ipleiria.pt\/maiocriativo\/wp-json\/wp\/v2\/types\/page"}],"author":[{"embeddable":true,"href":"https:\/\/sites.ipleiria.pt\/maiocriativo\/wp-json\/wp\/v2\/users\/2694"}],"replies":[{"embeddable":true,"href":"https:\/\/sites.ipleiria.pt\/maiocriativo\/wp-json\/wp\/v2\/comments?post=273"}],"version-history":[{"count":6,"href":"https:\/\/sites.ipleiria.pt\/maiocriativo\/wp-json\/wp\/v2\/pages\/273\/revisions"}],"predecessor-version":[{"id":396,"href":"https:\/\/sites.ipleiria.pt\/maiocriativo\/wp-json\/wp\/v2\/pages\/273\/revisions\/396"}],"wp:attachment":[{"href":"https:\/\/sites.ipleiria.pt\/maiocriativo\/wp-json\/wp\/v2\/media?parent=273"}],"curies":[{"name":"wp","href":"https:\/\/api.w.org\/{rel}","templated":true}]}}