{"id":293,"date":"2018-05-21T11:58:41","date_gmt":"2018-05-21T11:58:41","guid":{"rendered":"http:\/\/sites.ipleiria.pt\/maiocriativo\/?page_id=293"},"modified":"2018-05-28T11:53:18","modified_gmt":"2018-05-28T11:53:18","slug":"21-maio","status":"publish","type":"page","link":"https:\/\/sites.ipleiria.pt\/maiocriativo\/21-maio\/","title":{"rendered":"21 maio"},"content":{"rendered":"<p><em><strong>Express\u00e3o Dram\u00e1tica<\/strong><\/em><\/p>\n<p>Dinamizado pelos estudantes do 1\u00ba ano de Educa\u00e7\u00e3o B\u00e1sica<\/p>\n<p>Participantes: Jardim Escola dos Capuchos<\/p>\n<p><img loading=\"lazy\" decoding=\"async\" class=\"aligncenter size-full wp-image-295\" src=\"http:\/\/sites.ipleiria.pt\/maiocriativo\/files\/2018\/05\/2-2.jpg\" alt=\"\" width=\"2085\" height=\"1418\" srcset=\"https:\/\/sites.ipleiria.pt\/maiocriativo\/files\/2018\/05\/2-2.jpg 2085w, https:\/\/sites.ipleiria.pt\/maiocriativo\/files\/2018\/05\/2-2-300x204.jpg 300w, https:\/\/sites.ipleiria.pt\/maiocriativo\/files\/2018\/05\/2-2-768x522.jpg 768w, https:\/\/sites.ipleiria.pt\/maiocriativo\/files\/2018\/05\/2-2-1024x696.jpg 1024w\" sizes=\"auto, (max-width: 2085px) 100vw, 2085px\" \/><\/p>\n<p><img loading=\"lazy\" decoding=\"async\" class=\"aligncenter size-full wp-image-294\" src=\"http:\/\/sites.ipleiria.pt\/maiocriativo\/files\/2018\/05\/1-2.jpg\" alt=\"\" width=\"2103\" height=\"1407\" srcset=\"https:\/\/sites.ipleiria.pt\/maiocriativo\/files\/2018\/05\/1-2.jpg 2103w, https:\/\/sites.ipleiria.pt\/maiocriativo\/files\/2018\/05\/1-2-300x201.jpg 300w, https:\/\/sites.ipleiria.pt\/maiocriativo\/files\/2018\/05\/1-2-768x514.jpg 768w, https:\/\/sites.ipleiria.pt\/maiocriativo\/files\/2018\/05\/1-2-1024x685.jpg 1024w\" sizes=\"auto, (max-width: 2103px) 100vw, 2103px\" \/><span style=\"color: #191919;font-family: Calibri;font-size: small\">\u00a9 Maria Kowalski &#8211; Docente<\/span><\/p>\n","protected":false},"excerpt":{"rendered":"<p>Express\u00e3o Dram\u00e1tica Dinamizado pelos estudantes do 1\u00ba ano de Educa\u00e7\u00e3o B\u00e1sica Participantes: Jardim Escola dos Capuchos \u00a9 Maria Kowalski &#8211; Docente<\/p>\n","protected":false},"author":2694,"featured_media":0,"parent":0,"menu_order":0,"comment_status":"closed","ping_status":"closed","template":"full-width-page.php","meta":{"footnotes":""},"class_list":["post-293","page","type-page","status-publish","hentry"],"_links":{"self":[{"href":"https:\/\/sites.ipleiria.pt\/maiocriativo\/wp-json\/wp\/v2\/pages\/293","targetHints":{"allow":["GET"]}}],"collection":[{"href":"https:\/\/sites.ipleiria.pt\/maiocriativo\/wp-json\/wp\/v2\/pages"}],"about":[{"href":"https:\/\/sites.ipleiria.pt\/maiocriativo\/wp-json\/wp\/v2\/types\/page"}],"author":[{"embeddable":true,"href":"https:\/\/sites.ipleiria.pt\/maiocriativo\/wp-json\/wp\/v2\/users\/2694"}],"replies":[{"embeddable":true,"href":"https:\/\/sites.ipleiria.pt\/maiocriativo\/wp-json\/wp\/v2\/comments?post=293"}],"version-history":[{"count":2,"href":"https:\/\/sites.ipleiria.pt\/maiocriativo\/wp-json\/wp\/v2\/pages\/293\/revisions"}],"predecessor-version":[{"id":362,"href":"https:\/\/sites.ipleiria.pt\/maiocriativo\/wp-json\/wp\/v2\/pages\/293\/revisions\/362"}],"wp:attachment":[{"href":"https:\/\/sites.ipleiria.pt\/maiocriativo\/wp-json\/wp\/v2\/media?parent=293"}],"curies":[{"name":"wp","href":"https:\/\/api.w.org\/{rel}","templated":true}]}}